{"id":4061,"date":"2023-05-21T21:08:46","date_gmt":"2023-05-21T21:08:46","guid":{"rendered":"https:\/\/koraledetale.pl\/?post_type=product&#038;p=4061"},"modified":"2026-02-11T13:41:06","modified_gmt":"2026-02-11T13:41:06","slug":"naszyjnik-na-szczescie-z-malachitem-i-zielonym-onyksem","status":"publish","type":"product","link":"https:\/\/koraledetale.pl\/?product=naszyjnik-na-szczescie-z-malachitem-i-zielonym-onyksem","title":{"rendered":"Naszyjnik NA SZCZ\u0118\u015aCIE z malachitem i zielonym onyksem"},"content":{"rendered":"<p>Wielko\u015b\u0107 kamieni:<\/p>\n<ul>\n<li>malachit \u2013 2 mm,<\/li>\n<li>hematyt \u2013 2 mm,<\/li>\n<li>\u0142ezka zielonego onyksu \u2013 11\u00d710&#215;5 mm.<\/li>\n<\/ul>\n<p>D\u0142ugo\u015b\u0107 naszyjnika \u2013 81 cm + 3,5 cm zawieszka z kamieniem<\/p>\n","protected":false},"excerpt":{"rendered":"<p>D\u0142ugi naszyjnik z drobnych, fasetowanych malachit\u00f3w, przeplatanych z\u0142otymi hematytami, zasupe\u0142kowanymi na zielonej, mocnej nitce jubilerskiej. Zwie\u0144czeniem jest filigran ze stali szlachetnej \u2013 czterolistna koniczyna, od kt\u00f3rej odchodzi \u0142ezka zielonego onyksu.<\/p>\n","protected":false},"featured_media":4058,"comment_status":"open","ping_status":"closed","template":"","meta":{"advanced_seo_description":"","jetpack_seo_html_title":"","jetpack_seo_noindex":false},"product_brand":[],"product_cat":[229],"product_tag":[1486,1485,498,158,1487,152],"class_list":{"0":"post-4061","1":"product","2":"type-product","3":"status-publish","4":"has-post-thumbnail","6":"product_cat-sprzedane","7":"product_tag-dlugi-naszyjnik-z-drobnych-kamieni","8":"product_tag-dlugi-naszyjnik-z-malachitami-i-zielonym-onyksem","9":"product_tag-dlugi-naszyjnik-z-zielonymi-kamieniami","10":"product_tag-malachit","11":"product_tag-naszyjnik-z-czterolistna-koniczyna","12":"product_tag-zielony-onyks","14":"first","15":"outofstock","16":"shipping-taxable","17":"product-type-simple"},"jetpack_sharing_enabled":true,"_links":{"self":[{"href":"https:\/\/koraledetale.pl\/index.php?rest_route=\/wp\/v2\/product\/4061","targetHints":{"allow":["GET"]}}],"collection":[{"href":"https:\/\/koraledetale.pl\/index.php?rest_route=\/wp\/v2\/product"}],"about":[{"href":"https:\/\/koraledetale.pl\/index.php?rest_route=\/wp\/v2\/types\/product"}],"replies":[{"embeddable":true,"href":"https:\/\/koraledetale.pl\/index.php?rest_route=%2Fwp%2Fv2%2Fcomments&post=4061"}],"wp:featuredmedia":[{"embeddable":true,"href":"https:\/\/koraledetale.pl\/index.php?rest_route=\/wp\/v2\/media\/4058"}],"wp:attachment":[{"href":"https:\/\/koraledetale.pl\/index.php?rest_route=%2Fwp%2Fv2%2Fmedia&parent=4061"}],"wp:term":[{"taxonomy":"product_brand","embeddable":true,"href":"https:\/\/koraledetale.pl\/index.php?rest_route=%2Fwp%2Fv2%2Fproduct_brand&post=4061"},{"taxonomy":"product_cat","embeddable":true,"href":"https:\/\/koraledetale.pl\/index.php?rest_route=%2Fwp%2Fv2%2Fproduct_cat&post=4061"},{"taxonomy":"product_tag","embeddable":true,"href":"https:\/\/koraledetale.pl\/index.php?rest_route=%2Fwp%2Fv2%2Fproduct_tag&post=4061"}],"curies":[{"name":"wp","href":"https:\/\/api.w.org\/{rel}","templated":true}]}}