{"id":4052,"date":"2023-05-19T11:08:43","date_gmt":"2023-05-19T11:08:43","guid":{"rendered":"https:\/\/koraledetale.pl\/?post_type=product&#038;p=4052"},"modified":"2025-05-20T11:23:35","modified_gmt":"2025-05-20T11:23:35","slug":"zawieszka-z-nefrytem","status":"publish","type":"product","link":"https:\/\/koraledetale.pl\/?product=zawieszka-z-nefrytem","title":{"rendered":"Zawieszka z nefrytem"},"content":{"rendered":"<p>Wielko\u015b\u0107 kamieni:<\/p>\n<ul>\n<li>nefryt \u2013 10\u00d76 mm,<\/li>\n<li>hematyt \u2013 4\u00d72 mm.<\/li>\n<\/ul>\n<p>D\u0142ugo\u015b\u0107 zawieszki \u2013 2,5 cm.<\/p>\n<p>Wszystkie elementy metalowe wykonane s\u0105 z nieuczulaj\u0105cej stali szlachetnej.<\/p>\n","protected":false},"excerpt":{"rendered":"<p>Zawieszka z zapi\u0119ciem, z nieregularnym wa\u0142eczkiem nefrytu pomi\u0119dzy z\u0142otymi hematytami.<\/p>\n","protected":false},"featured_media":4046,"comment_status":"open","ping_status":"closed","template":"","meta":{"advanced_seo_description":"","jetpack_seo_html_title":"","jetpack_seo_noindex":false},"product_brand":[],"product_cat":[1060],"product_tag":[1062,778,1482,1481,1473,1478,1110,1480,1066,1476,1479,31],"class_list":{"0":"post-4052","1":"product","2":"type-product","3":"status-publish","4":"has-post-thumbnail","6":"product_cat-zawieszki","7":"product_tag-charms","8":"product_tag-nefryt","9":"product_tag-wisiorek-z-kamieniem-naturalnym","10":"product_tag-wisiorek-z-nefrytem","11":"product_tag-wisiorek-z-zapieciem","12":"product_tag-wisiorek-z-zielonym-kamieniem","13":"product_tag-zawieszka-z-kamieniem-naturalnym","14":"product_tag-zawieszka-z-nefrytem","15":"product_tag-zawieszka-z-zapieciem","16":"product_tag-zawieszka-z-zielonym-kamieniem","17":"product_tag-zielony-wisiorek","18":"product_tag-zloty-hematyt","20":"first","21":"instock","22":"shipping-taxable","23":"purchasable","24":"product-type-simple"},"jetpack_sharing_enabled":true,"_links":{"self":[{"href":"https:\/\/koraledetale.pl\/index.php?rest_route=\/wp\/v2\/product\/4052","targetHints":{"allow":["GET"]}}],"collection":[{"href":"https:\/\/koraledetale.pl\/index.php?rest_route=\/wp\/v2\/product"}],"about":[{"href":"https:\/\/koraledetale.pl\/index.php?rest_route=\/wp\/v2\/types\/product"}],"replies":[{"embeddable":true,"href":"https:\/\/koraledetale.pl\/index.php?rest_route=%2Fwp%2Fv2%2Fcomments&post=4052"}],"wp:featuredmedia":[{"embeddable":true,"href":"https:\/\/koraledetale.pl\/index.php?rest_route=\/wp\/v2\/media\/4046"}],"wp:attachment":[{"href":"https:\/\/koraledetale.pl\/index.php?rest_route=%2Fwp%2Fv2%2Fmedia&parent=4052"}],"wp:term":[{"taxonomy":"product_brand","embeddable":true,"href":"https:\/\/koraledetale.pl\/index.php?rest_route=%2Fwp%2Fv2%2Fproduct_brand&post=4052"},{"taxonomy":"product_cat","embeddable":true,"href":"https:\/\/koraledetale.pl\/index.php?rest_route=%2Fwp%2Fv2%2Fproduct_cat&post=4052"},{"taxonomy":"product_tag","embeddable":true,"href":"https:\/\/koraledetale.pl\/index.php?rest_route=%2Fwp%2Fv2%2Fproduct_tag&post=4052"}],"curies":[{"name":"wp","href":"https:\/\/api.w.org\/{rel}","templated":true}]}}