{"id":4029,"date":"2023-05-17T06:38:27","date_gmt":"2023-05-17T06:38:27","guid":{"rendered":"https:\/\/koraledetale.pl\/?post_type=product&#038;p=4029"},"modified":"2023-09-19T14:06:23","modified_gmt":"2023-09-19T14:06:23","slug":"bransoletka-majowy-las-z-cytrynem-szmaragdem-i-kamieniem-slonecznym","status":"publish","type":"product","link":"https:\/\/koraledetale.pl\/?product=bransoletka-majowy-las-z-cytrynem-szmaragdem-i-kamieniem-slonecznym","title":{"rendered":"Bransoletka MAJOWY LAS z cytrynem, szmaragdem i kamieniem s\u0142onecznym"},"content":{"rendered":"<p>Wielko\u015b\u0107 kamieni:<\/p>\n<ul>\n<li>cytryn \u2013 7\u00d76,5\u00d73 mm,<\/li>\n<li>szmaragd \u2013 3,5 mm,<\/li>\n<li>kamie\u0144 s\u0142oneczny \u2013 3 mm,<\/li>\n<li>hematyt \u2013 2,5 mm.<\/li>\n<\/ul>\n<p>Regulowana d\u0142ugo\u015b\u0107 bransoletki \u2013 do 23 cm.<\/p>\n","protected":false},"excerpt":{"rendered":"<p>Bransoletka na stalowym sznureczku ze szmaragdami,\u00a0 kamieniami s\u0142onecznymi oraz cytrynem w centrum, przeplatanymi z\u0142otymi, satynowymi hematytami.<\/p>\n","protected":false},"featured_media":4024,"comment_status":"open","ping_status":"closed","template":"","meta":{"advanced_seo_description":"","jetpack_seo_html_title":"","jetpack_seo_noindex":false},"product_brand":[],"product_cat":[229],"product_tag":[1460,1461,1462,143,31],"class_list":{"0":"post-4029","1":"product","2":"type-product","3":"status-publish","4":"has-post-thumbnail","6":"product_cat-sprzedane","7":"product_tag-bransoletka-na-sznurku-z-kamieniami-naturalnymi","8":"product_tag-bransoletka-z-cytrynem-szmaragdem-i-kamieniem-slonecznym","9":"product_tag-cytryn-kamien-sloneczny","10":"product_tag-szmaragd","11":"product_tag-zloty-hematyt","13":"first","14":"outofstock","15":"shipping-taxable","16":"purchasable","17":"product-type-simple"},"jetpack_sharing_enabled":true,"_links":{"self":[{"href":"https:\/\/koraledetale.pl\/index.php?rest_route=\/wp\/v2\/product\/4029","targetHints":{"allow":["GET"]}}],"collection":[{"href":"https:\/\/koraledetale.pl\/index.php?rest_route=\/wp\/v2\/product"}],"about":[{"href":"https:\/\/koraledetale.pl\/index.php?rest_route=\/wp\/v2\/types\/product"}],"replies":[{"embeddable":true,"href":"https:\/\/koraledetale.pl\/index.php?rest_route=%2Fwp%2Fv2%2Fcomments&post=4029"}],"wp:featuredmedia":[{"embeddable":true,"href":"https:\/\/koraledetale.pl\/index.php?rest_route=\/wp\/v2\/media\/4024"}],"wp:attachment":[{"href":"https:\/\/koraledetale.pl\/index.php?rest_route=%2Fwp%2Fv2%2Fmedia&parent=4029"}],"wp:term":[{"taxonomy":"product_brand","embeddable":true,"href":"https:\/\/koraledetale.pl\/index.php?rest_route=%2Fwp%2Fv2%2Fproduct_brand&post=4029"},{"taxonomy":"product_cat","embeddable":true,"href":"https:\/\/koraledetale.pl\/index.php?rest_route=%2Fwp%2Fv2%2Fproduct_cat&post=4029"},{"taxonomy":"product_tag","embeddable":true,"href":"https:\/\/koraledetale.pl\/index.php?rest_route=%2Fwp%2Fv2%2Fproduct_tag&post=4029"}],"curies":[{"name":"wp","href":"https:\/\/api.w.org\/{rel}","templated":true}]}}