{"id":4019,"date":"2023-05-16T14:51:37","date_gmt":"2023-05-16T14:51:37","guid":{"rendered":"https:\/\/koraledetale.pl\/?post_type=product&#038;p=4019"},"modified":"2023-06-05T08:46:15","modified_gmt":"2023-06-05T08:46:15","slug":"bransoletka-majowe-laki-z-kwarcem-rozowym-turmalinem-i-szmaragdem","status":"publish","type":"product","link":"https:\/\/koraledetale.pl\/?product=bransoletka-majowe-laki-z-kwarcem-rozowym-turmalinem-i-szmaragdem","title":{"rendered":"Bransoletka MAJOWE \u0141\u0104KI z kwarcem r\u00f3\u017cowym, turmalinem i szmaragdem"},"content":{"rendered":"<p>Wielko\u015b\u0107 kamieni:<\/p>\n<ul>\n<li>kwarc r\u00f3\u017cowy \u2013 5\u00d75,5 mm,<\/li>\n<li>szmaragd &#8211; 3,5 mm,<\/li>\n<li>turmalin \u2013 3 mm,<\/li>\n<li>hematyt \u2013 2,5 mm.<\/li>\n<\/ul>\n<p>Regulowana d\u0142ugo\u015b\u0107 bransoletki \u2013 do 20 cm.<\/p>\n","protected":false},"excerpt":{"rendered":"<p>Bransoletka na jasnym sznureczku ze szmaragdami, r\u00f3\u017cowymi turmalinami i cebulk\u0105 r\u00f3\u017cowego kwarcu w centrum, przeplatanymi z\u0142otymi, satynowymi hematytami.<\/p>\n","protected":false},"featured_media":4026,"comment_status":"open","ping_status":"closed","template":"","meta":{"advanced_seo_description":"","jetpack_seo_html_title":"","jetpack_seo_noindex":false},"product_brand":[],"product_cat":[229],"product_tag":[46,1456,1457,216,143,87,31],"class_list":{"0":"post-4019","1":"product","2":"type-product","3":"status-publish","4":"has-post-thumbnail","6":"product_cat-sprzedane","7":"product_tag-bransoletka-na-sznurku","8":"product_tag-bransoletka-z-pastelowymi-kamieniami","9":"product_tag-bransoletka-z-rozowym-kwarcem-szmaragdem-i-turmalinem","10":"product_tag-kwarc-rozowy","11":"product_tag-szmaragd","12":"product_tag-turmalin","13":"product_tag-zloty-hematyt","15":"first","16":"outofstock","17":"shipping-taxable","18":"purchasable","19":"product-type-simple"},"jetpack_sharing_enabled":true,"_links":{"self":[{"href":"https:\/\/koraledetale.pl\/index.php?rest_route=\/wp\/v2\/product\/4019","targetHints":{"allow":["GET"]}}],"collection":[{"href":"https:\/\/koraledetale.pl\/index.php?rest_route=\/wp\/v2\/product"}],"about":[{"href":"https:\/\/koraledetale.pl\/index.php?rest_route=\/wp\/v2\/types\/product"}],"replies":[{"embeddable":true,"href":"https:\/\/koraledetale.pl\/index.php?rest_route=%2Fwp%2Fv2%2Fcomments&post=4019"}],"wp:featuredmedia":[{"embeddable":true,"href":"https:\/\/koraledetale.pl\/index.php?rest_route=\/wp\/v2\/media\/4026"}],"wp:attachment":[{"href":"https:\/\/koraledetale.pl\/index.php?rest_route=%2Fwp%2Fv2%2Fmedia&parent=4019"}],"wp:term":[{"taxonomy":"product_brand","embeddable":true,"href":"https:\/\/koraledetale.pl\/index.php?rest_route=%2Fwp%2Fv2%2Fproduct_brand&post=4019"},{"taxonomy":"product_cat","embeddable":true,"href":"https:\/\/koraledetale.pl\/index.php?rest_route=%2Fwp%2Fv2%2Fproduct_cat&post=4019"},{"taxonomy":"product_tag","embeddable":true,"href":"https:\/\/koraledetale.pl\/index.php?rest_route=%2Fwp%2Fv2%2Fproduct_tag&post=4019"}],"curies":[{"name":"wp","href":"https:\/\/api.w.org\/{rel}","templated":true}]}}