{"id":4018,"date":"2023-05-15T12:31:32","date_gmt":"2023-05-15T12:31:32","guid":{"rendered":"https:\/\/koraledetale.pl\/?post_type=product&#038;p=4018"},"modified":"2023-09-06T09:08:42","modified_gmt":"2023-09-06T09:08:42","slug":"bransoletka-maj-z-kwarcem-rozowym-turmalinem-i-amazonitem","status":"publish","type":"product","link":"https:\/\/koraledetale.pl\/?product=bransoletka-maj-z-kwarcem-rozowym-turmalinem-i-amazonitem","title":{"rendered":"Bransoletka MAJ z kwarcem r\u00f3\u017cowym, turmalinem i amazonitem"},"content":{"rendered":"<p>Wielko\u015b\u0107 kamieni:<\/p>\n<ul>\n<li>kwarc r\u00f3\u017cowy \u2013 5\u00d75,5 mm,<\/li>\n<li>amazonit \u2013 4 mm,<\/li>\n<li>turmalin \u2013 3 mm,<\/li>\n<li>hematyt \u2013 2,5 mm.<\/li>\n<\/ul>\n<p>Regulowana d\u0142ugo\u015b\u0107 bransoletki &#8211; do 20 cm.<\/p>\n","protected":false},"excerpt":{"rendered":"<p>Bransoletka na jasnym sznureczku z amazonitami, r\u00f3\u017cowymi turmalinami i cebulk\u0105 r\u00f3\u017cowego kwarcu w centrum, przeplatanymi z\u0142otymi, satynowymi hematytami.<\/p>\n","protected":false},"featured_media":4015,"comment_status":"open","ping_status":"closed","template":"","meta":{"advanced_seo_description":"","jetpack_seo_html_title":"","jetpack_seo_noindex":false},"product_brand":[],"product_cat":[229],"product_tag":[53,46,1456,1455,216,484,87,31],"class_list":{"0":"post-4018","1":"product","2":"type-product","3":"status-publish","4":"has-post-thumbnail","6":"product_cat-sprzedane","7":"product_tag-amazonit","8":"product_tag-bransoletka-na-sznurku","9":"product_tag-bransoletka-z-pastelowymi-kamieniami","10":"product_tag-bransoletka-z-rozowym-kwarcem-amazonitem-i-turmalinem","11":"product_tag-kwarc-rozowy","12":"product_tag-sznureczkowa-bransoletka-z-kamieniami-naturalnymi","13":"product_tag-turmalin","14":"product_tag-zloty-hematyt","16":"first","17":"outofstock","18":"shipping-taxable","19":"purchasable","20":"product-type-simple"},"jetpack_sharing_enabled":true,"_links":{"self":[{"href":"https:\/\/koraledetale.pl\/index.php?rest_route=\/wp\/v2\/product\/4018","targetHints":{"allow":["GET"]}}],"collection":[{"href":"https:\/\/koraledetale.pl\/index.php?rest_route=\/wp\/v2\/product"}],"about":[{"href":"https:\/\/koraledetale.pl\/index.php?rest_route=\/wp\/v2\/types\/product"}],"replies":[{"embeddable":true,"href":"https:\/\/koraledetale.pl\/index.php?rest_route=%2Fwp%2Fv2%2Fcomments&post=4018"}],"wp:featuredmedia":[{"embeddable":true,"href":"https:\/\/koraledetale.pl\/index.php?rest_route=\/wp\/v2\/media\/4015"}],"wp:attachment":[{"href":"https:\/\/koraledetale.pl\/index.php?rest_route=%2Fwp%2Fv2%2Fmedia&parent=4018"}],"wp:term":[{"taxonomy":"product_brand","embeddable":true,"href":"https:\/\/koraledetale.pl\/index.php?rest_route=%2Fwp%2Fv2%2Fproduct_brand&post=4018"},{"taxonomy":"product_cat","embeddable":true,"href":"https:\/\/koraledetale.pl\/index.php?rest_route=%2Fwp%2Fv2%2Fproduct_cat&post=4018"},{"taxonomy":"product_tag","embeddable":true,"href":"https:\/\/koraledetale.pl\/index.php?rest_route=%2Fwp%2Fv2%2Fproduct_tag&post=4018"}],"curies":[{"name":"wp","href":"https:\/\/api.w.org\/{rel}","templated":true}]}}