{"id":4013,"date":"2023-05-15T11:59:47","date_gmt":"2023-05-15T11:59:47","guid":{"rendered":"https:\/\/koraledetale.pl\/?post_type=product&#038;p=4013"},"modified":"2023-06-28T13:07:28","modified_gmt":"2023-06-28T13:07:28","slug":"kolczyki-maj-z-kwarcem-rozowym-turmalinem-i-amazonitem","status":"publish","type":"product","link":"https:\/\/koraledetale.pl\/?product=kolczyki-maj-z-kwarcem-rozowym-turmalinem-i-amazonitem","title":{"rendered":"Kolczyki MAJ z kwarcem r\u00f3\u017cowym, turmalinem i amazonitem"},"content":{"rendered":"<p>Wielko\u015b\u0107 kamieni:<\/p>\n<ul>\n<li>kwarc r\u00f3\u017cowy &#8211; 5&#215;5,5 mm,<\/li>\n<li>amazonit &#8211; 4 mm,<\/li>\n<li>turmalin &#8211; 3 mm,<\/li>\n<li>hematyt &#8211; 2,5 mm.<\/li>\n<\/ul>\n<p>D\u0142ugo\u015b\u0107 kolczyk\u00f3w &#8211; 5 cm.<\/p>\n","protected":false},"excerpt":{"rendered":"<p>Kolczyki &#8211; ko\u0142a z amazonitami, r\u00f3\u017cowymi turmalinami i cebulk\u0105 r\u00f3\u017cowego kwarcu w centrum oraz z\u0142otymi, satynowymi hematytami wok\u00f3\u0142, zawieszone na otwartych biglach.<\/p>\n","protected":false},"featured_media":4017,"comment_status":"open","ping_status":"closed","template":"","meta":{"advanced_seo_description":"","jetpack_seo_html_title":"","jetpack_seo_noindex":false},"product_brand":[],"product_cat":[229],"product_tag":[53,1454,95,1084,1453,216,59,31],"class_list":{"0":"post-4013","1":"product","2":"type-product","3":"status-publish","4":"has-post-thumbnail","6":"product_cat-sprzedane","7":"product_tag-amazonit","8":"product_tag-kolczyki-kolka-z-pastelowymi-kamieniami","9":"product_tag-kolczyki-z-kamieniami-naturalnymi","10":"product_tag-kolczyki-z-pastelowymi-kamieniami","11":"product_tag-kolczyki-z-rozowym-kwarcem-amazonitem-i-turmalinem","12":"product_tag-kwarc-rozowy","13":"product_tag-rozowy-turmalin","14":"product_tag-zloty-hematyt","16":"first","17":"outofstock","18":"shipping-taxable","19":"purchasable","20":"product-type-simple"},"jetpack_sharing_enabled":true,"_links":{"self":[{"href":"https:\/\/koraledetale.pl\/index.php?rest_route=\/wp\/v2\/product\/4013","targetHints":{"allow":["GET"]}}],"collection":[{"href":"https:\/\/koraledetale.pl\/index.php?rest_route=\/wp\/v2\/product"}],"about":[{"href":"https:\/\/koraledetale.pl\/index.php?rest_route=\/wp\/v2\/types\/product"}],"replies":[{"embeddable":true,"href":"https:\/\/koraledetale.pl\/index.php?rest_route=%2Fwp%2Fv2%2Fcomments&post=4013"}],"wp:featuredmedia":[{"embeddable":true,"href":"https:\/\/koraledetale.pl\/index.php?rest_route=\/wp\/v2\/media\/4017"}],"wp:attachment":[{"href":"https:\/\/koraledetale.pl\/index.php?rest_route=%2Fwp%2Fv2%2Fmedia&parent=4013"}],"wp:term":[{"taxonomy":"product_brand","embeddable":true,"href":"https:\/\/koraledetale.pl\/index.php?rest_route=%2Fwp%2Fv2%2Fproduct_brand&post=4013"},{"taxonomy":"product_cat","embeddable":true,"href":"https:\/\/koraledetale.pl\/index.php?rest_route=%2Fwp%2Fv2%2Fproduct_cat&post=4013"},{"taxonomy":"product_tag","embeddable":true,"href":"https:\/\/koraledetale.pl\/index.php?rest_route=%2Fwp%2Fv2%2Fproduct_tag&post=4013"}],"curies":[{"name":"wp","href":"https:\/\/api.w.org\/{rel}","templated":true}]}}