{"id":4000,"date":"2023-05-12T15:56:33","date_gmt":"2023-05-12T15:56:33","guid":{"rendered":"https:\/\/koraledetale.pl\/?post_type=product&#038;p=4000"},"modified":"2024-06-02T19:41:45","modified_gmt":"2024-06-02T19:41:45","slug":"naszyjnik-perly-z-okiem-iii-wersja-zlota","status":"publish","type":"product","link":"https:\/\/koraledetale.pl\/?product=naszyjnik-perly-z-okiem-iii-wersja-zlota","title":{"rendered":"Naszyjnik PER\u0141Y Z OKIEM III \u2013 wersja z\u0142ota"},"content":{"rendered":"<p>Wielko\u015b\u0107 kamieni:<\/p>\n<ul>\n<li>per\u0142a \u2013 ok. 8x7mm<\/li>\n<li>hematyt \u2013 3,5\u00d72 i 3 mm.<\/li>\n<\/ul>\n<p>D\u0142ugo\u015b\u0107 naszyjnika: 40 mm + zawieszka 2 cm.<\/p>\n<p>Wszystkie elementy metalowe wykonane s\u0105 z nieuczulaj\u0105cej stali szlachetnej.<\/p>\n","protected":false},"excerpt":{"rendered":"<p>Choker z jasnoszarych, nieregularnych pere\u0142, z ozdobnym zapi\u0119ciem typu toggle z przodu i zawieszk\u0105 \u2013 symbolem oka.<\/p>\n","protected":false},"featured_media":3998,"comment_status":"open","ping_status":"closed","template":"","meta":{"advanced_seo_description":"","jetpack_seo_html_title":"","jetpack_seo_noindex":false},"product_brand":[],"product_cat":[229],"product_tag":[269,1229,183,1446,1230,57],"class_list":{"0":"post-4000","1":"product","2":"type-product","3":"status-publish","4":"has-post-thumbnail","6":"product_cat-sprzedane","7":"product_tag-choker-z-perel","8":"product_tag-naszyjnik-z-okiem-proroka","9":"product_tag-naszyjnik-z-perlami","10":"product_tag-naszyjnik-z-szarych-perel","11":"product_tag-oko-proroka","12":"product_tag-perla","14":"first","15":"outofstock","16":"shipping-taxable","17":"purchasable","18":"product-type-simple"},"jetpack_sharing_enabled":true,"_links":{"self":[{"href":"https:\/\/koraledetale.pl\/index.php?rest_route=\/wp\/v2\/product\/4000","targetHints":{"allow":["GET"]}}],"collection":[{"href":"https:\/\/koraledetale.pl\/index.php?rest_route=\/wp\/v2\/product"}],"about":[{"href":"https:\/\/koraledetale.pl\/index.php?rest_route=\/wp\/v2\/types\/product"}],"replies":[{"embeddable":true,"href":"https:\/\/koraledetale.pl\/index.php?rest_route=%2Fwp%2Fv2%2Fcomments&post=4000"}],"wp:featuredmedia":[{"embeddable":true,"href":"https:\/\/koraledetale.pl\/index.php?rest_route=\/wp\/v2\/media\/3998"}],"wp:attachment":[{"href":"https:\/\/koraledetale.pl\/index.php?rest_route=%2Fwp%2Fv2%2Fmedia&parent=4000"}],"wp:term":[{"taxonomy":"product_brand","embeddable":true,"href":"https:\/\/koraledetale.pl\/index.php?rest_route=%2Fwp%2Fv2%2Fproduct_brand&post=4000"},{"taxonomy":"product_cat","embeddable":true,"href":"https:\/\/koraledetale.pl\/index.php?rest_route=%2Fwp%2Fv2%2Fproduct_cat&post=4000"},{"taxonomy":"product_tag","embeddable":true,"href":"https:\/\/koraledetale.pl\/index.php?rest_route=%2Fwp%2Fv2%2Fproduct_tag&post=4000"}],"curies":[{"name":"wp","href":"https:\/\/api.w.org\/{rel}","templated":true}]}}