{"id":3994,"date":"2023-05-11T11:28:48","date_gmt":"2023-05-11T11:28:48","guid":{"rendered":"https:\/\/koraledetale.pl\/?post_type=product&#038;p=3994"},"modified":"2023-08-06T19:20:40","modified_gmt":"2023-08-06T19:20:40","slug":"kolczyki-spin-z-turmalinem","status":"publish","type":"product","link":"https:\/\/koraledetale.pl\/?product=kolczyki-spin-z-turmalinem","title":{"rendered":"Kolczyki SPIN z turmalinem"},"content":{"rendered":"<p>D\u0142ugo\u015b\u0107 kolczyk\u00f3w 7 cm.<\/p>\n<p>Wszystkie elementy metalowe wykonane s\u0105 z nieuczulaj\u0105cej stali szlachetnej.<\/p>\n","protected":false},"excerpt":{"rendered":"<p>D\u0142ugie kolczyki na sztyfcie \u2013 \u0142a\u0144cuch spinaczowy zwie\u0144czony malinowym turmalinem.<\/p>\n","protected":false},"featured_media":3991,"comment_status":"open","ping_status":"closed","template":"","meta":{"advanced_seo_description":"","jetpack_seo_html_title":"","jetpack_seo_noindex":false},"product_brand":[],"product_cat":[229],"product_tag":[1100,834,866,1444,303,87],"class_list":{"0":"post-3994","1":"product","2":"type-product","3":"status-publish","4":"has-post-thumbnail","6":"product_cat-sprzedane","7":"product_tag-dlugie-kolczyki-na-sztyftach","8":"product_tag-dlugie-kolczyki-ze-stali-chirurgicznej","9":"product_tag-dlugie-kolczyki-ze-stali-szlachetnej","10":"product_tag-kolczyki-z-rozowym-kamieniem","11":"product_tag-kolczyki-z-turmalinem","12":"product_tag-turmalin","14":"first","15":"outofstock","16":"shipping-taxable","17":"purchasable","18":"product-type-simple"},"jetpack_sharing_enabled":true,"_links":{"self":[{"href":"https:\/\/koraledetale.pl\/index.php?rest_route=\/wp\/v2\/product\/3994","targetHints":{"allow":["GET"]}}],"collection":[{"href":"https:\/\/koraledetale.pl\/index.php?rest_route=\/wp\/v2\/product"}],"about":[{"href":"https:\/\/koraledetale.pl\/index.php?rest_route=\/wp\/v2\/types\/product"}],"replies":[{"embeddable":true,"href":"https:\/\/koraledetale.pl\/index.php?rest_route=%2Fwp%2Fv2%2Fcomments&post=3994"}],"wp:featuredmedia":[{"embeddable":true,"href":"https:\/\/koraledetale.pl\/index.php?rest_route=\/wp\/v2\/media\/3991"}],"wp:attachment":[{"href":"https:\/\/koraledetale.pl\/index.php?rest_route=%2Fwp%2Fv2%2Fmedia&parent=3994"}],"wp:term":[{"taxonomy":"product_brand","embeddable":true,"href":"https:\/\/koraledetale.pl\/index.php?rest_route=%2Fwp%2Fv2%2Fproduct_brand&post=3994"},{"taxonomy":"product_cat","embeddable":true,"href":"https:\/\/koraledetale.pl\/index.php?rest_route=%2Fwp%2Fv2%2Fproduct_cat&post=3994"},{"taxonomy":"product_tag","embeddable":true,"href":"https:\/\/koraledetale.pl\/index.php?rest_route=%2Fwp%2Fv2%2Fproduct_tag&post=3994"}],"curies":[{"name":"wp","href":"https:\/\/api.w.org\/{rel}","templated":true}]}}