{"id":3986,"date":"2023-05-09T08:45:19","date_gmt":"2023-05-09T08:45:19","guid":{"rendered":"https:\/\/koraledetale.pl\/?post_type=product&#038;p=3986"},"modified":"2023-06-17T18:38:11","modified_gmt":"2023-06-17T18:38:11","slug":"bransoletka-rozowe-magnolie-z-rodochrozytem-i-kwarcem-dymnym","status":"publish","type":"product","link":"https:\/\/koraledetale.pl\/?product=bransoletka-rozowe-magnolie-z-rodochrozytem-i-kwarcem-dymnym","title":{"rendered":"Bransoletka R\u00d3\u017bOWE MAGNOLIE z rodochrozytem i kwarcem dymnym"},"content":{"rendered":"<p>Wielko\u015b\u0107 kamieni:<\/p>\n<ul>\n<li>rodochrozyt \u2013 4,5\u00d74 mm,<\/li>\n<li>kwarc dymny \u2013 4,5 mm,<\/li>\n<li>hematyt \u2013 4\u00d72 mm, 4 mm i 2 mm..<\/li>\n<\/ul>\n<p>D\u0142ugo\u015b\u0107 bransoletki: 16,5 \u2013 19,5 cm.<\/p>\n<p>Wszystkie elementy metalowe wykonane s\u0105 z nieuczulaj\u0105cej stali szlachetnej.<\/p>\n","protected":false},"excerpt":{"rendered":"<p>Bransoletka z fasetowanymi oponkami rodochrozytu, przeplatanymi kwarcami dymnymi i z\u0142otymi hematytami. Bransoletk\u0119 zapina si\u0119 na du\u017ce k\u00f3\u0142ko, z kt\u00f3rego odchodz\u0105 zawieszki \u2013 wa\u017cka, kwarc dymny z hematytowymi przek\u0142adkami,\u00a0 \u0142a\u0144cuszek z pojedynczym rodochrozytem, pe\u0142ni\u0105cy r\u00f3wnie\u017c rol\u0119 przed\u0142u\u017cki.<\/p>\n","protected":false},"featured_media":3983,"comment_status":"open","ping_status":"closed","template":"","meta":{"advanced_seo_description":"","jetpack_seo_html_title":"","jetpack_seo_noindex":false},"product_brand":[],"product_cat":[229],"product_tag":[80,1442,212,503,63,545,31],"class_list":{"0":"post-3986","1":"product","2":"type-product","3":"status-publish","4":"has-post-thumbnail","6":"product_cat-sprzedane","7":"product_tag-bransoletka-z-kamieniami-naturalnymi","8":"product_tag-bransoletka-z-rodochrozytami-i-kwarcem-dymnym","9":"product_tag-bransoletka-z-rozowymi-kamieniami","10":"product_tag-bransoletka-z-zawieszkami","11":"product_tag-kwarc-dymny","12":"product_tag-rodochrozyt","13":"product_tag-zloty-hematyt","15":"first","16":"outofstock","17":"shipping-taxable","18":"purchasable","19":"product-type-simple"},"jetpack_sharing_enabled":true,"_links":{"self":[{"href":"https:\/\/koraledetale.pl\/index.php?rest_route=\/wp\/v2\/product\/3986","targetHints":{"allow":["GET"]}}],"collection":[{"href":"https:\/\/koraledetale.pl\/index.php?rest_route=\/wp\/v2\/product"}],"about":[{"href":"https:\/\/koraledetale.pl\/index.php?rest_route=\/wp\/v2\/types\/product"}],"replies":[{"embeddable":true,"href":"https:\/\/koraledetale.pl\/index.php?rest_route=%2Fwp%2Fv2%2Fcomments&post=3986"}],"wp:featuredmedia":[{"embeddable":true,"href":"https:\/\/koraledetale.pl\/index.php?rest_route=\/wp\/v2\/media\/3983"}],"wp:attachment":[{"href":"https:\/\/koraledetale.pl\/index.php?rest_route=%2Fwp%2Fv2%2Fmedia&parent=3986"}],"wp:term":[{"taxonomy":"product_brand","embeddable":true,"href":"https:\/\/koraledetale.pl\/index.php?rest_route=%2Fwp%2Fv2%2Fproduct_brand&post=3986"},{"taxonomy":"product_cat","embeddable":true,"href":"https:\/\/koraledetale.pl\/index.php?rest_route=%2Fwp%2Fv2%2Fproduct_cat&post=3986"},{"taxonomy":"product_tag","embeddable":true,"href":"https:\/\/koraledetale.pl\/index.php?rest_route=%2Fwp%2Fv2%2Fproduct_tag&post=3986"}],"curies":[{"name":"wp","href":"https:\/\/api.w.org\/{rel}","templated":true}]}}