{"id":3977,"date":"2023-05-09T06:18:29","date_gmt":"2023-05-09T06:18:29","guid":{"rendered":"https:\/\/koraledetale.pl\/?post_type=product&#038;p=3977"},"modified":"2023-06-15T15:26:45","modified_gmt":"2023-06-15T15:26:45","slug":"bransoletka-blekitne-magnolie-z-amazonitami-i-kwarcem-dymnym","status":"publish","type":"product","link":"https:\/\/koraledetale.pl\/?product=bransoletka-blekitne-magnolie-z-amazonitami-i-kwarcem-dymnym","title":{"rendered":"Bransoletka B\u0141\u0118KITNE MAGNOLIE z amazonitami i kwarcem dymnym"},"content":{"rendered":"<p>Wielko\u015b\u0107 kamieni:<\/p>\n<ul>\n<li>amazonit \u2013 5,5\u00d74,5 mm,<\/li>\n<li>kwarc dymny \u2013 4,5 mm,<\/li>\n<li>hematyt \u2013 4\u00d72 mm, 4 mm i 2 mm.<\/li>\n<\/ul>\n<p>D\u0142ugo\u015b\u0107 bransoletki: 17 \u2013 22,5 cm.<\/p>\n<p>Wszystkie elementy metalowe wykonane s\u0105 z nieuczulaj\u0105cej stali szlachetnej.<\/p>\n<p>&nbsp;<\/p>\n","protected":false},"excerpt":{"rendered":"<p>Bransoletka z fasetowanymi oponkami amazonitu, przeplatanymi kwarcami dymnymi i z\u0142otymi hematytami. Bransoletk\u0119 zapina si\u0119 na du\u017ce k\u00f3\u0142ko, z kt\u00f3rego odchodz\u0105 zawieszki \u2013 ksi\u0119\u017cyc z gwiazd\u0105, kwarc dymny z hematytowymi przek\u0142adkami,\u00a0 \u0142a\u0144cuszek z pojedynczym amazonitem, pe\u0142ni\u0105cy r\u00f3wnie\u017c rol\u0119 przed\u0142u\u017cki.<\/p>\n","protected":false},"featured_media":3985,"comment_status":"open","ping_status":"closed","template":"","meta":{"advanced_seo_description":"","jetpack_seo_html_title":"","jetpack_seo_noindex":false},"product_brand":[],"product_cat":[229],"product_tag":[53,1441,955,80,503,63,31],"class_list":{"0":"post-3977","1":"product","2":"type-product","3":"status-publish","4":"has-post-thumbnail","6":"product_cat-sprzedane","7":"product_tag-amazonit","8":"product_tag-bransoletka-z-amazonitami-i-kwarcem-dymnym","9":"product_tag-bransoletka-z-blekitnymi-kamieniami","10":"product_tag-bransoletka-z-kamieniami-naturalnymi","11":"product_tag-bransoletka-z-zawieszkami","12":"product_tag-kwarc-dymny","13":"product_tag-zloty-hematyt","15":"first","16":"outofstock","17":"shipping-taxable","18":"purchasable","19":"product-type-simple"},"jetpack_sharing_enabled":true,"_links":{"self":[{"href":"https:\/\/koraledetale.pl\/index.php?rest_route=\/wp\/v2\/product\/3977","targetHints":{"allow":["GET"]}}],"collection":[{"href":"https:\/\/koraledetale.pl\/index.php?rest_route=\/wp\/v2\/product"}],"about":[{"href":"https:\/\/koraledetale.pl\/index.php?rest_route=\/wp\/v2\/types\/product"}],"replies":[{"embeddable":true,"href":"https:\/\/koraledetale.pl\/index.php?rest_route=%2Fwp%2Fv2%2Fcomments&post=3977"}],"wp:featuredmedia":[{"embeddable":true,"href":"https:\/\/koraledetale.pl\/index.php?rest_route=\/wp\/v2\/media\/3985"}],"wp:attachment":[{"href":"https:\/\/koraledetale.pl\/index.php?rest_route=%2Fwp%2Fv2%2Fmedia&parent=3977"}],"wp:term":[{"taxonomy":"product_brand","embeddable":true,"href":"https:\/\/koraledetale.pl\/index.php?rest_route=%2Fwp%2Fv2%2Fproduct_brand&post=3977"},{"taxonomy":"product_cat","embeddable":true,"href":"https:\/\/koraledetale.pl\/index.php?rest_route=%2Fwp%2Fv2%2Fproduct_cat&post=3977"},{"taxonomy":"product_tag","embeddable":true,"href":"https:\/\/koraledetale.pl\/index.php?rest_route=%2Fwp%2Fv2%2Fproduct_tag&post=3977"}],"curies":[{"name":"wp","href":"https:\/\/api.w.org\/{rel}","templated":true}]}}