{"id":3974,"date":"2023-05-08T07:09:58","date_gmt":"2023-05-08T07:09:58","guid":{"rendered":"https:\/\/koraledetale.pl\/?post_type=product&#038;p=3974"},"modified":"2023-06-14T06:49:56","modified_gmt":"2023-06-14T06:49:56","slug":"bransoletka-telimena-na-noge-z-turmalinami","status":"publish","type":"product","link":"https:\/\/koraledetale.pl\/?product=bransoletka-telimena-na-noge-z-turmalinami","title":{"rendered":"Bransoletka TELIMENA na nog\u0119 z turmalinami"},"content":{"rendered":"<p>Wielko\u015b\u0107 turmalin\u00f3w: 2 mm.<\/p>\n<p>\u015arednica zawieszek: 6 i 4 mm.<\/p>\n<p>Regulowana d\u0142ugo\u015b\u0107 bransoletki w zakresie 23 -28 cm.<\/p>\n<p>Wszystkie elementy metalowe wykonane s\u0105 z nieuczulaj\u0105cej stali szlachetnej.<\/p>\n","protected":false},"excerpt":{"rendered":"<p>Bransoletka &#8211; \u0142a\u0144cuszek na nog\u0119, z zawieszkami: okr\u0105g\u0142ymi blaszkami i drobnymi turmalinami. Przed\u0142u\u017cka zako\u0144czona zawieszk\u0105 z turmalinem, pozwala na lu\u017aniejsze lub bardziej \u015bcis\u0142e upi\u0119cie bransoletki wok\u00f3\u0142 kostki.<\/p>\n","protected":false},"featured_media":4156,"comment_status":"open","ping_status":"closed","template":"","meta":{"advanced_seo_description":"","jetpack_seo_html_title":"","jetpack_seo_noindex":false},"product_brand":[],"product_cat":[229],"product_tag":[1438,1437,1334,1439,1440],"class_list":{"0":"post-3974","1":"product","2":"type-product","3":"status-publish","4":"has-post-thumbnail","6":"product_cat-sprzedane","7":"product_tag-bransoletka-na-kostke-z-turmalinami","8":"product_tag-bransoletka-na-noge-z-turmalinami","9":"product_tag-turmaliny","10":"product_tag-lancuszek-na-kostke","11":"product_tag-lancuszek-na-noge","13":"first","14":"outofstock","15":"shipping-taxable","16":"purchasable","17":"product-type-simple"},"jetpack_sharing_enabled":true,"_links":{"self":[{"href":"https:\/\/koraledetale.pl\/index.php?rest_route=\/wp\/v2\/product\/3974","targetHints":{"allow":["GET"]}}],"collection":[{"href":"https:\/\/koraledetale.pl\/index.php?rest_route=\/wp\/v2\/product"}],"about":[{"href":"https:\/\/koraledetale.pl\/index.php?rest_route=\/wp\/v2\/types\/product"}],"replies":[{"embeddable":true,"href":"https:\/\/koraledetale.pl\/index.php?rest_route=%2Fwp%2Fv2%2Fcomments&post=3974"}],"wp:featuredmedia":[{"embeddable":true,"href":"https:\/\/koraledetale.pl\/index.php?rest_route=\/wp\/v2\/media\/4156"}],"wp:attachment":[{"href":"https:\/\/koraledetale.pl\/index.php?rest_route=%2Fwp%2Fv2%2Fmedia&parent=3974"}],"wp:term":[{"taxonomy":"product_brand","embeddable":true,"href":"https:\/\/koraledetale.pl\/index.php?rest_route=%2Fwp%2Fv2%2Fproduct_brand&post=3974"},{"taxonomy":"product_cat","embeddable":true,"href":"https:\/\/koraledetale.pl\/index.php?rest_route=%2Fwp%2Fv2%2Fproduct_cat&post=3974"},{"taxonomy":"product_tag","embeddable":true,"href":"https:\/\/koraledetale.pl\/index.php?rest_route=%2Fwp%2Fv2%2Fproduct_tag&post=3974"}],"curies":[{"name":"wp","href":"https:\/\/api.w.org\/{rel}","templated":true}]}}