{"id":3968,"date":"2023-05-07T11:12:32","date_gmt":"2023-05-07T11:12:32","guid":{"rendered":"https:\/\/koraledetale.pl\/?post_type=product&#038;p=3968"},"modified":"2023-05-14T18:23:35","modified_gmt":"2023-05-14T18:23:35","slug":"bransoletka-luna-z-lapis-lazuri","status":"publish","type":"product","link":"https:\/\/koraledetale.pl\/?product=bransoletka-luna-z-lapis-lazuri","title":{"rendered":"Bransoletka LUNA z lapis lazuri"},"content":{"rendered":"<p>Wielko\u015b\u0107 kamieni:<\/p>\n<ul>\n<li>lapis lazuli &#8211; 2 mm,<\/li>\n<li>hematyt &#8211; 2&#215;1 mm.<\/li>\n<\/ul>\n<p>Wielko\u015b\u0107 zawieszki &#8211; 9&#215;8 mm.<\/p>\n<p>D\u0142ugo\u015b\u0107 bransoletki: 16 &#8211; 18 cm.<\/p>\n<p>Wszystkie elementy metalowe wykonane s\u0105 ze stali szlachetnej.<\/p>\n","protected":false},"excerpt":{"rendered":"<p>Podw\u00f3jna bransoletka z drobnych lapis lazuli przeplatanych z\u0142otymi hematytami oraz \u0142a\u0144cuszka z zawieszk\u0105 w kszta\u0142cie ksi\u0119\u017cyca.<\/p>\n","protected":false},"featured_media":3970,"comment_status":"open","ping_status":"closed","template":"","meta":{"advanced_seo_description":"","jetpack_seo_html_title":"","jetpack_seo_noindex":false},"product_brand":[],"product_cat":[229],"product_tag":[79,300,1412,1131,635,134,899,1409,31],"class_list":{"0":"post-3968","1":"product","2":"type-product","3":"status-publish","4":"has-post-thumbnail","6":"product_cat-sprzedane","7":"product_tag-bransoletka-z-drobnych-kamieni","8":"product_tag-bransoletka-z-ksiezycem","9":"product_tag-bransoletka-z-lapis-lazuli","10":"product_tag-bransoletka-z-luna","11":"product_tag-bransoletka-z-niebieskimi-kamieniami","12":"product_tag-bransoletka-z-zawieszka","13":"product_tag-bransoletka-z-lancuchem","14":"product_tag-lapis-lazuli","15":"product_tag-zloty-hematyt","17":"first","18":"outofstock","19":"shipping-taxable","20":"purchasable","21":"product-type-simple"},"jetpack_sharing_enabled":true,"_links":{"self":[{"href":"https:\/\/koraledetale.pl\/index.php?rest_route=\/wp\/v2\/product\/3968","targetHints":{"allow":["GET"]}}],"collection":[{"href":"https:\/\/koraledetale.pl\/index.php?rest_route=\/wp\/v2\/product"}],"about":[{"href":"https:\/\/koraledetale.pl\/index.php?rest_route=\/wp\/v2\/types\/product"}],"replies":[{"embeddable":true,"href":"https:\/\/koraledetale.pl\/index.php?rest_route=%2Fwp%2Fv2%2Fcomments&post=3968"}],"wp:featuredmedia":[{"embeddable":true,"href":"https:\/\/koraledetale.pl\/index.php?rest_route=\/wp\/v2\/media\/3970"}],"wp:attachment":[{"href":"https:\/\/koraledetale.pl\/index.php?rest_route=%2Fwp%2Fv2%2Fmedia&parent=3968"}],"wp:term":[{"taxonomy":"product_brand","embeddable":true,"href":"https:\/\/koraledetale.pl\/index.php?rest_route=%2Fwp%2Fv2%2Fproduct_brand&post=3968"},{"taxonomy":"product_cat","embeddable":true,"href":"https:\/\/koraledetale.pl\/index.php?rest_route=%2Fwp%2Fv2%2Fproduct_cat&post=3968"},{"taxonomy":"product_tag","embeddable":true,"href":"https:\/\/koraledetale.pl\/index.php?rest_route=%2Fwp%2Fv2%2Fproduct_tag&post=3968"}],"curies":[{"name":"wp","href":"https:\/\/api.w.org\/{rel}","templated":true}]}}