{"id":3963,"date":"2023-05-06T15:04:55","date_gmt":"2023-05-06T15:04:55","guid":{"rendered":"https:\/\/koraledetale.pl\/?post_type=product&#038;p=3963"},"modified":"2023-05-26T14:57:56","modified_gmt":"2023-05-26T14:57:56","slug":"bransoletka-seszele-z-amazonitami-kwarcami-dymnymi-i-perlami","status":"publish","type":"product","link":"https:\/\/koraledetale.pl\/?product=bransoletka-seszele-z-amazonitami-kwarcami-dymnymi-i-perlami","title":{"rendered":"Bransoletka SESZELE z amazonitami, kwarcami dymnymi i per\u0142ami"},"content":{"rendered":"<p>Wielko\u015b\u0107 kamieni:<\/p>\n<ul>\n<li>amazonit &#8211; 2 mm,<\/li>\n<li>kwarc dymny &#8211; 2,5 mm,<\/li>\n<li>per\u0142a &#8211; 5&#215;3,5 mm,<\/li>\n<li>hematyt &#8211; 2&#215;1 mm.<\/li>\n<\/ul>\n<p>Regulowana d\u0142ugo\u015b\u0107 bransoletki: 16 &#8211; 18,5 cm.<\/p>\n<p>Wszystkie elementy metalowe wykonane s\u0105 z nieuczulaj\u0105cej stali szlachetnej.<\/p>\n","protected":false},"excerpt":{"rendered":"<p>Bransoletka z drobnych amazonit\u00f3w, kwarc\u00f3w dymnych, pere\u0142 i z\u0142otych hematyt\u00f3w.<\/p>\n","protected":false},"featured_media":3965,"comment_status":"open","ping_status":"closed","template":"","meta":{"advanced_seo_description":"","jetpack_seo_html_title":"","jetpack_seo_noindex":false},"product_brand":[],"product_cat":[229],"product_tag":[53,1435,1433,1434,79,804,63,57,31],"class_list":{"0":"post-3963","1":"product","2":"type-product","3":"status-publish","4":"has-post-thumbnail","6":"product_cat-sprzedane","7":"product_tag-amazonit","8":"product_tag-bransoletka-z-amazonitami-i-kwarcami-dymnymi","9":"product_tag-bransoletka-z-amazonitami-i-perlami","10":"product_tag-bransoletka-z-blekitnych-kamieni","11":"product_tag-bransoletka-z-drobnych-kamieni","12":"product_tag-bransoletka-z-pastelowych-kamieni","13":"product_tag-kwarc-dymny","14":"product_tag-perla","15":"product_tag-zloty-hematyt","17":"first","18":"outofstock","19":"shipping-taxable","20":"purchasable","21":"product-type-simple"},"jetpack_sharing_enabled":true,"_links":{"self":[{"href":"https:\/\/koraledetale.pl\/index.php?rest_route=\/wp\/v2\/product\/3963","targetHints":{"allow":["GET"]}}],"collection":[{"href":"https:\/\/koraledetale.pl\/index.php?rest_route=\/wp\/v2\/product"}],"about":[{"href":"https:\/\/koraledetale.pl\/index.php?rest_route=\/wp\/v2\/types\/product"}],"replies":[{"embeddable":true,"href":"https:\/\/koraledetale.pl\/index.php?rest_route=%2Fwp%2Fv2%2Fcomments&post=3963"}],"wp:featuredmedia":[{"embeddable":true,"href":"https:\/\/koraledetale.pl\/index.php?rest_route=\/wp\/v2\/media\/3965"}],"wp:attachment":[{"href":"https:\/\/koraledetale.pl\/index.php?rest_route=%2Fwp%2Fv2%2Fmedia&parent=3963"}],"wp:term":[{"taxonomy":"product_brand","embeddable":true,"href":"https:\/\/koraledetale.pl\/index.php?rest_route=%2Fwp%2Fv2%2Fproduct_brand&post=3963"},{"taxonomy":"product_cat","embeddable":true,"href":"https:\/\/koraledetale.pl\/index.php?rest_route=%2Fwp%2Fv2%2Fproduct_cat&post=3963"},{"taxonomy":"product_tag","embeddable":true,"href":"https:\/\/koraledetale.pl\/index.php?rest_route=%2Fwp%2Fv2%2Fproduct_tag&post=3963"}],"curies":[{"name":"wp","href":"https:\/\/api.w.org\/{rel}","templated":true}]}}