{"id":3950,"date":"2023-05-05T13:26:46","date_gmt":"2023-05-05T13:26:46","guid":{"rendered":"https:\/\/koraledetale.pl\/?post_type=product&#038;p=3950"},"modified":"2023-05-14T18:24:43","modified_gmt":"2023-05-14T18:24:43","slug":"bransoletka-raj-z-amazonitami","status":"publish","type":"product","link":"https:\/\/koraledetale.pl\/?product=bransoletka-raj-z-amazonitami","title":{"rendered":"Bransoletka RAJ z amazonitami"},"content":{"rendered":"<p>Wielko\u015b\u0107 kamieni:<\/p>\n<ul>\n<li>amazonit &#8211; 10&#215;7 mm, 6&#215;4 mm i 4 mm (przy przed\u0142u\u017cce),<\/li>\n<li>hematyt &#8211; 4&#215;2 mm, 3 mm i 3&#215;2 mm.<\/li>\n<\/ul>\n<p>Regulowana d\u0142ugo\u015b\u0107 bransoletki w zakresie: 17-20 cm.<\/p>\n<p>Wszystkie elementy metalowe wykonane s\u0105 z nieuczulaj\u0105cej stali szlachetnej.<\/p>\n","protected":false},"excerpt":{"rendered":"<p>Bransoletka z amazonit\u00f3w &#8211; nieregularnych wa\u0142eczk\u00f3w i oponek, przeplatanych z\u0142otymi hematytami.<\/p>\n<p>&nbsp;<\/p>\n","protected":false},"featured_media":3951,"comment_status":"open","ping_status":"closed","template":"","meta":{"advanced_seo_description":"","jetpack_seo_html_title":"","jetpack_seo_noindex":false},"product_brand":[],"product_cat":[229],"product_tag":[53,848,955,80,31],"class_list":{"0":"post-3950","1":"product","2":"type-product","3":"status-publish","4":"has-post-thumbnail","6":"product_cat-sprzedane","7":"product_tag-amazonit","8":"product_tag-bransoletka-z-amazonitami","9":"product_tag-bransoletka-z-blekitnymi-kamieniami","10":"product_tag-bransoletka-z-kamieniami-naturalnymi","11":"product_tag-zloty-hematyt","13":"first","14":"outofstock","15":"shipping-taxable","16":"purchasable","17":"product-type-simple"},"jetpack_sharing_enabled":true,"_links":{"self":[{"href":"https:\/\/koraledetale.pl\/index.php?rest_route=\/wp\/v2\/product\/3950","targetHints":{"allow":["GET"]}}],"collection":[{"href":"https:\/\/koraledetale.pl\/index.php?rest_route=\/wp\/v2\/product"}],"about":[{"href":"https:\/\/koraledetale.pl\/index.php?rest_route=\/wp\/v2\/types\/product"}],"replies":[{"embeddable":true,"href":"https:\/\/koraledetale.pl\/index.php?rest_route=%2Fwp%2Fv2%2Fcomments&post=3950"}],"wp:featuredmedia":[{"embeddable":true,"href":"https:\/\/koraledetale.pl\/index.php?rest_route=\/wp\/v2\/media\/3951"}],"wp:attachment":[{"href":"https:\/\/koraledetale.pl\/index.php?rest_route=%2Fwp%2Fv2%2Fmedia&parent=3950"}],"wp:term":[{"taxonomy":"product_brand","embeddable":true,"href":"https:\/\/koraledetale.pl\/index.php?rest_route=%2Fwp%2Fv2%2Fproduct_brand&post=3950"},{"taxonomy":"product_cat","embeddable":true,"href":"https:\/\/koraledetale.pl\/index.php?rest_route=%2Fwp%2Fv2%2Fproduct_cat&post=3950"},{"taxonomy":"product_tag","embeddable":true,"href":"https:\/\/koraledetale.pl\/index.php?rest_route=%2Fwp%2Fv2%2Fproduct_tag&post=3950"}],"curies":[{"name":"wp","href":"https:\/\/api.w.org\/{rel}","templated":true}]}}