{"id":3941,"date":"2023-05-04T14:51:33","date_gmt":"2023-05-04T14:51:33","guid":{"rendered":"https:\/\/koraledetale.pl\/?post_type=product&#038;p=3941"},"modified":"2026-04-30T12:26:47","modified_gmt":"2026-04-30T12:26:47","slug":"pierscionek-duo-z-turmalinami","status":"publish","type":"product","link":"https:\/\/koraledetale.pl\/?product=pierscionek-duo-z-turmalinami","title":{"rendered":"Pier\u015bcionek DUO z turmalinami"},"content":{"rendered":"<p>Wielko\u015b\u0107 kamieni:<\/p>\n<ul>\n<li>turmalin &#8211; 3 mm,<\/li>\n<li>hematyt &#8211; 2,5&#215;1 mm i 5x5x2 mm.<\/li>\n<\/ul>\n<p>Wielko\u015b\u0107 pier\u015bcionka na zdj\u0119ciu 16-17. Mo\u017cliwe jest zam\u00f3wienie pier\u015bcionka w innym rozmiarze \u2013 napisz w uwagach do zam\u00f3wienia jaki rozmiar Ci\u0119 interesuje.<\/p>\n","protected":false},"excerpt":{"rendered":"<p>Podw\u00f3jny pier\u015bcionek elastyczny z kolorowymi turmalinami przeplatanymi z\u0142otymi hematytami, z hematytowymi \u0142\u0105cznikami.<\/p>\n<p>&nbsp;<\/p>\n","protected":false},"featured_media":3943,"comment_status":"open","ping_status":"closed","template":"","meta":{"advanced_seo_description":"","jetpack_seo_html_title":"","jetpack_seo_noindex":false},"product_brand":[],"product_cat":[229],"product_tag":[1429,1430,1428,87],"class_list":{"0":"post-3941","1":"product","2":"type-product","3":"status-publish","4":"has-post-thumbnail","6":"product_cat-sprzedane","7":"product_tag-pierscionek-elastyczny-z-turmalinami","8":"product_tag-podwojny-pierscionek-z-kolorowymi-kamieniami","9":"product_tag-podwojny-pierscionek-z-turmalinami","10":"product_tag-turmalin","12":"first","13":"outofstock","14":"shipping-taxable","15":"purchasable","16":"product-type-simple"},"jetpack_sharing_enabled":true,"_links":{"self":[{"href":"https:\/\/koraledetale.pl\/index.php?rest_route=\/wp\/v2\/product\/3941","targetHints":{"allow":["GET"]}}],"collection":[{"href":"https:\/\/koraledetale.pl\/index.php?rest_route=\/wp\/v2\/product"}],"about":[{"href":"https:\/\/koraledetale.pl\/index.php?rest_route=\/wp\/v2\/types\/product"}],"replies":[{"embeddable":true,"href":"https:\/\/koraledetale.pl\/index.php?rest_route=%2Fwp%2Fv2%2Fcomments&post=3941"}],"wp:featuredmedia":[{"embeddable":true,"href":"https:\/\/koraledetale.pl\/index.php?rest_route=\/wp\/v2\/media\/3943"}],"wp:attachment":[{"href":"https:\/\/koraledetale.pl\/index.php?rest_route=%2Fwp%2Fv2%2Fmedia&parent=3941"}],"wp:term":[{"taxonomy":"product_brand","embeddable":true,"href":"https:\/\/koraledetale.pl\/index.php?rest_route=%2Fwp%2Fv2%2Fproduct_brand&post=3941"},{"taxonomy":"product_cat","embeddable":true,"href":"https:\/\/koraledetale.pl\/index.php?rest_route=%2Fwp%2Fv2%2Fproduct_cat&post=3941"},{"taxonomy":"product_tag","embeddable":true,"href":"https:\/\/koraledetale.pl\/index.php?rest_route=%2Fwp%2Fv2%2Fproduct_tag&post=3941"}],"curies":[{"name":"wp","href":"https:\/\/api.w.org\/{rel}","templated":true}]}}