{"id":3936,"date":"2023-04-28T09:12:26","date_gmt":"2023-04-28T09:12:26","guid":{"rendered":"https:\/\/koraledetale.pl\/?post_type=product&#038;p=3936"},"modified":"2023-04-28T09:12:26","modified_gmt":"2023-04-28T09:12:26","slug":"lancuszek-jedyny-z-perla","status":"publish","type":"product","link":"https:\/\/koraledetale.pl\/?product=lancuszek-jedyny-z-perla","title":{"rendered":"\u0141a\u0144cuszek JEDYNY z per\u0142\u0105"},"content":{"rendered":"<p>Wielko\u015b\u0107 per\u0142y (mierzona w najszerszych miejscach) &#8211; 29x8x5,5 mm.<\/p>\n<p>D\u0142ugo\u015b\u0107 \u0142a\u0144cuszka: 40 &#8211; 45 cm + zawieszka 3,6 cm.<\/p>\n<p>Wszystkie elementy metalowe wykonane s\u0105 z nieuczulaj\u0105cej stali szlachetnej.<\/p>\n","protected":false},"excerpt":{"rendered":"<p>\u0141a\u0144cuszek z drobnych kuleczek zwie\u0144czony z zawieszk\u0105 z d\u0142ug\u0105, nieregularn\u0105 per\u0142\u0105 barokow\u0105 w okuciu.<\/p>\n<p>&nbsp;<\/p>\n","protected":false},"featured_media":3938,"comment_status":"open","ping_status":"closed","template":"","meta":{"advanced_seo_description":"","jetpack_seo_html_title":"","jetpack_seo_noindex":false},"product_brand":[],"product_cat":[15],"product_tag":[1427,1426,556,1425,1424],"class_list":{"0":"post-3936","1":"product","2":"type-product","3":"status-publish","4":"has-post-thumbnail","6":"product_cat-naszyjniki","7":"product_tag-naszyjnik-z-nieregularna-perla","8":"product_tag-naszyjnik-z-perla-barokowa","9":"product_tag-perla-barokowa","10":"product_tag-lancuszek-z-nieregularna-perla","11":"product_tag-lancuszek-z-perla-barokowa","13":"first","14":"instock","15":"shipping-taxable","16":"purchasable","17":"product-type-simple"},"jetpack_sharing_enabled":true,"_links":{"self":[{"href":"https:\/\/koraledetale.pl\/index.php?rest_route=\/wp\/v2\/product\/3936","targetHints":{"allow":["GET"]}}],"collection":[{"href":"https:\/\/koraledetale.pl\/index.php?rest_route=\/wp\/v2\/product"}],"about":[{"href":"https:\/\/koraledetale.pl\/index.php?rest_route=\/wp\/v2\/types\/product"}],"replies":[{"embeddable":true,"href":"https:\/\/koraledetale.pl\/index.php?rest_route=%2Fwp%2Fv2%2Fcomments&post=3936"}],"wp:featuredmedia":[{"embeddable":true,"href":"https:\/\/koraledetale.pl\/index.php?rest_route=\/wp\/v2\/media\/3938"}],"wp:attachment":[{"href":"https:\/\/koraledetale.pl\/index.php?rest_route=%2Fwp%2Fv2%2Fmedia&parent=3936"}],"wp:term":[{"taxonomy":"product_brand","embeddable":true,"href":"https:\/\/koraledetale.pl\/index.php?rest_route=%2Fwp%2Fv2%2Fproduct_brand&post=3936"},{"taxonomy":"product_cat","embeddable":true,"href":"https:\/\/koraledetale.pl\/index.php?rest_route=%2Fwp%2Fv2%2Fproduct_cat&post=3936"},{"taxonomy":"product_tag","embeddable":true,"href":"https:\/\/koraledetale.pl\/index.php?rest_route=%2Fwp%2Fv2%2Fproduct_tag&post=3936"}],"curies":[{"name":"wp","href":"https:\/\/api.w.org\/{rel}","templated":true}]}}