{"id":3932,"date":"2023-04-27T13:57:15","date_gmt":"2023-04-27T13:57:15","guid":{"rendered":"https:\/\/koraledetale.pl\/?post_type=product&#038;p=3932"},"modified":"2024-03-20T12:06:12","modified_gmt":"2024-03-20T12:06:12","slug":"lancuch-zenit-z-perlami","status":"publish","type":"product","link":"https:\/\/koraledetale.pl\/?product=lancuch-zenit-z-perlami","title":{"rendered":"\u0141a\u0144cuch ZENIT z per\u0142ami"},"content":{"rendered":"<p>Wielko\u015b\u0107 kamieni:<\/p>\n<ul>\n<li>per\u0142a &#8211; 20x11x3 mm, 9&#215;7 mm, 4,5&#215;4 mm, 7,5&#215;5 mm, 4&#215;3 mm,<\/li>\n<li>hematyt &#8211; 3&#215;3 mm, 2&#215;1 mm, i 2 mm.<\/li>\n<\/ul>\n<p>\u015arednica blaszek\u00a0 &#8211; 30 i 10 mm.<\/p>\n<p>D\u0142ugo\u015b\u0107 naszyjnika: 40 &#8211; 46 cm.<\/p>\n<p>Wszystkie elementy metalowe wykonane s\u0105 z nieuczulaj\u0105cej stali szlachetnej<\/p>\n","protected":false},"excerpt":{"rendered":"<p>Gruby \u0142a\u0144cuch z zawieszkami &#8211; du\u017c\u0105, okr\u0105g\u0142\u0105 m\u0142otkowan\u0105 blaszk\u0105 w centrum i mniejsz\u0105 po boku, oraz per\u0142ami z niewielkim dodatkiem z\u0142otych hematyt\u00f3w.<\/p>\n","protected":false},"featured_media":3933,"comment_status":"open","ping_status":"closed","template":"","meta":{"advanced_seo_description":"","jetpack_seo_html_title":"","jetpack_seo_noindex":false},"product_brand":[],"product_cat":[229],"product_tag":[183,57,31,1422,1423,949],"class_list":{"0":"post-3932","1":"product","2":"type-product","3":"status-publish","4":"has-post-thumbnail","6":"product_cat-sprzedane","7":"product_tag-naszyjnik-z-perlami","8":"product_tag-perla","9":"product_tag-zloty-hematyt","10":"product_tag-lancuch-z-perlami","11":"product_tag-lancuch-z-perlowymi-zawieszkami","12":"product_tag-lancuch-z-zawieszkami","14":"first","15":"outofstock","16":"shipping-taxable","17":"purchasable","18":"product-type-simple"},"jetpack_sharing_enabled":true,"_links":{"self":[{"href":"https:\/\/koraledetale.pl\/index.php?rest_route=\/wp\/v2\/product\/3932","targetHints":{"allow":["GET"]}}],"collection":[{"href":"https:\/\/koraledetale.pl\/index.php?rest_route=\/wp\/v2\/product"}],"about":[{"href":"https:\/\/koraledetale.pl\/index.php?rest_route=\/wp\/v2\/types\/product"}],"replies":[{"embeddable":true,"href":"https:\/\/koraledetale.pl\/index.php?rest_route=%2Fwp%2Fv2%2Fcomments&post=3932"}],"wp:featuredmedia":[{"embeddable":true,"href":"https:\/\/koraledetale.pl\/index.php?rest_route=\/wp\/v2\/media\/3933"}],"wp:attachment":[{"href":"https:\/\/koraledetale.pl\/index.php?rest_route=%2Fwp%2Fv2%2Fmedia&parent=3932"}],"wp:term":[{"taxonomy":"product_brand","embeddable":true,"href":"https:\/\/koraledetale.pl\/index.php?rest_route=%2Fwp%2Fv2%2Fproduct_brand&post=3932"},{"taxonomy":"product_cat","embeddable":true,"href":"https:\/\/koraledetale.pl\/index.php?rest_route=%2Fwp%2Fv2%2Fproduct_cat&post=3932"},{"taxonomy":"product_tag","embeddable":true,"href":"https:\/\/koraledetale.pl\/index.php?rest_route=%2Fwp%2Fv2%2Fproduct_tag&post=3932"}],"curies":[{"name":"wp","href":"https:\/\/api.w.org\/{rel}","templated":true}]}}