{"id":3923,"date":"2023-04-25T16:00:23","date_gmt":"2023-04-25T16:00:23","guid":{"rendered":"https:\/\/koraledetale.pl\/?post_type=product&#038;p=3923"},"modified":"2023-05-24T15:14:46","modified_gmt":"2023-05-24T15:14:46","slug":"kolczyki-ogniste-z-karneolami-i-kamieniem-ksiezycowym","status":"publish","type":"product","link":"https:\/\/koraledetale.pl\/?product=kolczyki-ogniste-z-karneolami-i-kamieniem-ksiezycowym","title":{"rendered":"Kolczyki OGNISTE z karneolami i kamieniem ksi\u0119\u017cycowym"},"content":{"rendered":"<p>Wielko\u015b\u0107 kamieni:<\/p>\n<ul>\n<li>karneol-\u00a0 \u0142ezka &#8211; 11x7x4,5 mm, oponka &#8211; 4&#215;3 mm,<\/li>\n<li>kamie\u0144 ksi\u0119\u017cycowy &#8211; 3,5 mm,<\/li>\n<li>hematyt &#8211; 2&#215;1 i 2 mm.<\/li>\n<\/ul>\n<p>D\u0142ugo\u015b\u0107 kolczyk\u00f3w &#8211; 4,3 cm.<\/p>\n<p>Kolczyki wykonane s\u0105 ze stali szlachetnej.<\/p>\n","protected":false},"excerpt":{"rendered":"<p>Kolczyki z zawieszkami &#8211; \u0142ezk\u0105 karneolu, oponk\u0105 karneolu i kuleczk\u0105 kamienia ksi\u0119\u017cycowego z dodatkiem z\u0142otego hematytu,\u00a0 zawieszonymi na k\u00f3\u0142ku i okr\u0105g\u0142ym biglu angielskim.<\/p>\n<p>&nbsp;<\/p>\n","protected":false},"featured_media":3924,"comment_status":"open","ping_status":"closed","template":"","meta":{"advanced_seo_description":"","jetpack_seo_html_title":"","jetpack_seo_noindex":false},"product_brand":[],"product_cat":[229],"product_tag":[64,751,1415,1416,945,31],"class_list":{"0":"post-3923","1":"product","2":"type-product","3":"status-publish","4":"has-post-thumbnail","6":"product_cat-sprzedane","7":"product_tag-kamien-ksiezycowy","8":"product_tag-karneol","9":"product_tag-kolczyki-z-karneolami-i-kamieniem-ksiezycowym","10":"product_tag-kolczyki-z-pomaranczowymi-kamieniami","11":"product_tag-kolczyki-z-zawieszkami","12":"product_tag-zloty-hematyt","14":"first","15":"outofstock","16":"shipping-taxable","17":"purchasable","18":"product-type-simple"},"jetpack_sharing_enabled":true,"_links":{"self":[{"href":"https:\/\/koraledetale.pl\/index.php?rest_route=\/wp\/v2\/product\/3923","targetHints":{"allow":["GET"]}}],"collection":[{"href":"https:\/\/koraledetale.pl\/index.php?rest_route=\/wp\/v2\/product"}],"about":[{"href":"https:\/\/koraledetale.pl\/index.php?rest_route=\/wp\/v2\/types\/product"}],"replies":[{"embeddable":true,"href":"https:\/\/koraledetale.pl\/index.php?rest_route=%2Fwp%2Fv2%2Fcomments&post=3923"}],"wp:featuredmedia":[{"embeddable":true,"href":"https:\/\/koraledetale.pl\/index.php?rest_route=\/wp\/v2\/media\/3924"}],"wp:attachment":[{"href":"https:\/\/koraledetale.pl\/index.php?rest_route=%2Fwp%2Fv2%2Fmedia&parent=3923"}],"wp:term":[{"taxonomy":"product_brand","embeddable":true,"href":"https:\/\/koraledetale.pl\/index.php?rest_route=%2Fwp%2Fv2%2Fproduct_brand&post=3923"},{"taxonomy":"product_cat","embeddable":true,"href":"https:\/\/koraledetale.pl\/index.php?rest_route=%2Fwp%2Fv2%2Fproduct_cat&post=3923"},{"taxonomy":"product_tag","embeddable":true,"href":"https:\/\/koraledetale.pl\/index.php?rest_route=%2Fwp%2Fv2%2Fproduct_tag&post=3923"}],"curies":[{"name":"wp","href":"https:\/\/api.w.org\/{rel}","templated":true}]}}