{"id":3918,"date":"2023-04-24T09:29:50","date_gmt":"2023-04-24T09:29:50","guid":{"rendered":"https:\/\/koraledetale.pl\/?post_type=product&#038;p=3918"},"modified":"2024-07-17T11:58:30","modified_gmt":"2024-07-17T11:58:30","slug":"naszyjnik-hokus-pokus-z-lapis-lazuri-i-lezka-szafiru","status":"publish","type":"product","link":"https:\/\/koraledetale.pl\/?product=naszyjnik-hokus-pokus-z-lapis-lazuri-i-lezka-szafiru","title":{"rendered":"Naszyjnik HOKUS POKUS z lapis lazuli i \u0142ezk\u0105 szafiru"},"content":{"rendered":"<p>Wielko\u015b\u0107 kamieni:<\/p>\n<ul>\n<li>lapis lazuli \u2013 2,5 mm,<\/li>\n<li>szafir \u2013 9x7x4,5 mm,<\/li>\n<li>hematyt \u2013 2 mm.<\/li>\n<\/ul>\n<p>D\u0142ugo\u015b\u0107 naszyjnika: 73 cm + zawieszka 3 cm.<\/p>\n","protected":false},"excerpt":{"rendered":"<p>D\u0142ugi, delikatny naszyjnik z drobnym lapis lazuli i z\u0142otymi hematytami, zasupe\u0142kowanymi na mocnej nici jubilerskiej dobranej do koloru kamieni. Zwie\u0144czeniem naszyjnika jest zawieszka \u2013 a\u017curowe serce z \u0142ezk\u0105 szafiru. Zawieszka wykonana jest z nieuczulaj\u0105cej stali chirurgicznej (szlachetnej).<\/p>\n","protected":false},"featured_media":3920,"comment_status":"open","ping_status":"closed","template":"","meta":{"advanced_seo_description":"","jetpack_seo_html_title":"","jetpack_seo_noindex":false},"product_brand":[],"product_cat":[229],"product_tag":[456,1410,1409,1408,486,25,31],"class_list":{"0":"post-3918","1":"product","2":"type-product","3":"status-publish","4":"has-post-thumbnail","6":"product_cat-sprzedane","7":"product_tag-dlugi-naszyjnik-z-kamieniami-naturalnymi","8":"product_tag-dlugi-naszyjnik-z-lapis-lazuli-i-szafirem","9":"product_tag-lapis-lazuli","10":"product_tag-naszyjnik-z-kobaltowymi-kamieniami","11":"product_tag-naszyjnik-z-niebieskimi-kamieniami","12":"product_tag-szafir","13":"product_tag-zloty-hematyt","15":"first","16":"outofstock","17":"shipping-taxable","18":"purchasable","19":"product-type-simple"},"jetpack_sharing_enabled":true,"_links":{"self":[{"href":"https:\/\/koraledetale.pl\/index.php?rest_route=\/wp\/v2\/product\/3918","targetHints":{"allow":["GET"]}}],"collection":[{"href":"https:\/\/koraledetale.pl\/index.php?rest_route=\/wp\/v2\/product"}],"about":[{"href":"https:\/\/koraledetale.pl\/index.php?rest_route=\/wp\/v2\/types\/product"}],"replies":[{"embeddable":true,"href":"https:\/\/koraledetale.pl\/index.php?rest_route=%2Fwp%2Fv2%2Fcomments&post=3918"}],"wp:featuredmedia":[{"embeddable":true,"href":"https:\/\/koraledetale.pl\/index.php?rest_route=\/wp\/v2\/media\/3920"}],"wp:attachment":[{"href":"https:\/\/koraledetale.pl\/index.php?rest_route=%2Fwp%2Fv2%2Fmedia&parent=3918"}],"wp:term":[{"taxonomy":"product_brand","embeddable":true,"href":"https:\/\/koraledetale.pl\/index.php?rest_route=%2Fwp%2Fv2%2Fproduct_brand&post=3918"},{"taxonomy":"product_cat","embeddable":true,"href":"https:\/\/koraledetale.pl\/index.php?rest_route=%2Fwp%2Fv2%2Fproduct_cat&post=3918"},{"taxonomy":"product_tag","embeddable":true,"href":"https:\/\/koraledetale.pl\/index.php?rest_route=%2Fwp%2Fv2%2Fproduct_tag&post=3918"}],"curies":[{"name":"wp","href":"https:\/\/api.w.org\/{rel}","templated":true}]}}