{"id":3914,"date":"2023-04-22T12:25:48","date_gmt":"2023-04-22T12:25:48","guid":{"rendered":"https:\/\/koraledetale.pl\/?post_type=product&#038;p=3914"},"modified":"2025-10-09T10:04:24","modified_gmt":"2025-10-09T10:04:24","slug":"bransoletka-na-kostke-karaiby","status":"publish","type":"product","link":"https:\/\/koraledetale.pl\/?product=bransoletka-na-kostke-karaiby","title":{"rendered":"Bransoletka na kostk\u0119 KARAIBY"},"content":{"rendered":"<p>Wielko\u015b\u0107 kamieni:<\/p>\n<ul>\n<li>lapis lazuri &#8211; 3,5 mm,<\/li>\n<li>koral &#8211; 4&#215;3,5 mm,<\/li>\n<li>howlit turkusowy &#8211; 4 mm,<\/li>\n<li>per\u0142a &#8211; 5&#215;3,5 mm,<\/li>\n<li>hematyt &#8211; 2&#215;2 mm i 2&#215;1 mm.<\/li>\n<\/ul>\n<p>Wielko\u015b\u0107 muszelki &#8211; 14&#215;8 mm.<\/p>\n<p>D\u0142ugo\u015b\u0107 bransoletki: 22,5 &#8211; 27,5 cm.<\/p>\n<p>&nbsp;<\/p>\n","protected":false},"excerpt":{"rendered":"<p>Bransoletka na nog\u0119 z \u0142a\u0144cuszka z kolorowymi, letnimi zawieszkami: muszelk\u0105 i okr\u0105g\u0142\u0105 blaszk\u0105 (kt\u00f3re na sta\u0142e s\u0105 przytwierdzone w centrum bransoletki) oraz kamieniami naturalnymi &#8211; howlitem turkusowym, lapis lazuri i koralem ze z\u0142otymi hematytami (kt\u00f3re swobodnie mog\u0105 w\u0119drowa\u0107 wok\u00f3\u0142 \u0142a\u0144cuszka). Przed\u0142u\u017cka zako\u0144czona zawieszk\u0105 z per\u0142\u0105, pozwala na lu\u017aniejsze lub bardziej \u015bcis\u0142e upi\u0119cie bransoletki wok\u00f3\u0142 kostki.<\/p>\n","protected":false},"featured_media":3911,"comment_status":"open","ping_status":"closed","template":"","meta":{"advanced_seo_description":"","jetpack_seo_html_title":"","jetpack_seo_noindex":false},"product_brand":[],"product_cat":[17],"product_tag":[947,946,503,463,82,81,362,989,57,31],"class_list":{"0":"post-3914","1":"product","2":"type-product","3":"status-publish","4":"has-post-thumbnail","6":"product_cat-bransoletki","7":"product_tag-bransoletka-na-kostke","8":"product_tag-bransoletka-na-noge","9":"product_tag-bransoletka-z-zawieszkami","10":"product_tag-howlit-turkusowy","11":"product_tag-koral","12":"product_tag-lapis-lazuri","13":"product_tag-letnia-bransoletka","14":"product_tag-muszla","15":"product_tag-perla","16":"product_tag-zloty-hematyt","18":"first","19":"instock","20":"shipping-taxable","21":"purchasable","22":"product-type-simple"},"jetpack_sharing_enabled":true,"_links":{"self":[{"href":"https:\/\/koraledetale.pl\/index.php?rest_route=\/wp\/v2\/product\/3914","targetHints":{"allow":["GET"]}}],"collection":[{"href":"https:\/\/koraledetale.pl\/index.php?rest_route=\/wp\/v2\/product"}],"about":[{"href":"https:\/\/koraledetale.pl\/index.php?rest_route=\/wp\/v2\/types\/product"}],"replies":[{"embeddable":true,"href":"https:\/\/koraledetale.pl\/index.php?rest_route=%2Fwp%2Fv2%2Fcomments&post=3914"}],"wp:featuredmedia":[{"embeddable":true,"href":"https:\/\/koraledetale.pl\/index.php?rest_route=\/wp\/v2\/media\/3911"}],"wp:attachment":[{"href":"https:\/\/koraledetale.pl\/index.php?rest_route=%2Fwp%2Fv2%2Fmedia&parent=3914"}],"wp:term":[{"taxonomy":"product_brand","embeddable":true,"href":"https:\/\/koraledetale.pl\/index.php?rest_route=%2Fwp%2Fv2%2Fproduct_brand&post=3914"},{"taxonomy":"product_cat","embeddable":true,"href":"https:\/\/koraledetale.pl\/index.php?rest_route=%2Fwp%2Fv2%2Fproduct_cat&post=3914"},{"taxonomy":"product_tag","embeddable":true,"href":"https:\/\/koraledetale.pl\/index.php?rest_route=%2Fwp%2Fv2%2Fproduct_tag&post=3914"}],"curies":[{"name":"wp","href":"https:\/\/api.w.org\/{rel}","templated":true}]}}