{"id":3900,"date":"2023-04-20T14:34:38","date_gmt":"2023-04-20T14:34:38","guid":{"rendered":"https:\/\/koraledetale.pl\/?post_type=product&#038;p=3900"},"modified":"2023-05-14T18:26:05","modified_gmt":"2023-05-14T18:26:05","slug":"bransoletka-byk-z-szafirami-szmaragdami-i-opalami","status":"publish","type":"product","link":"https:\/\/koraledetale.pl\/?product=bransoletka-byk-z-szafirami-szmaragdami-i-opalami","title":{"rendered":"Bransoletka BYK z szafirami, szmaragdami i opalami"},"content":{"rendered":"<p>Wielko\u015b\u0107 kamieni:<\/p>\n<ul>\n<li>szafir &#8211; 2 mm,<\/li>\n<li>szmaragd &#8211; ok. 3&#215;1 mm i 3 mm.<\/li>\n<li>opal &#8211; ok. 3&#215;1 mm,<\/li>\n<li>hematyt &#8211; 2&#215;1 mm i 2 mm.<\/li>\n<\/ul>\n<p>D\u0142ugo\u015b\u0107 bransoletki: 15,5 &#8211; 17,5 cm.<\/p>\n<p>Wszystkie elementy metalowe wykonane s\u0105 z nieuczulaj\u0105cej stali szlachetnej.<\/p>\n","protected":false},"excerpt":{"rendered":"<p>Bransoletka z kamieniami dopasowanymi do znaku Byka &#8211; drobniutkimi szafirami, szmaragdami i opalami (pomi\u0119dzy z\u0142otymi hematytami) oraz dwiema zawieszkami z szmaragd\u00f3w &#8211; jedna w centrum, druga przy przed\u0142u\u017cce.<\/p>\n","protected":false},"featured_media":3902,"comment_status":"open","ping_status":"closed","template":"","meta":{"advanced_seo_description":"","jetpack_seo_html_title":"","jetpack_seo_noindex":false},"product_brand":[],"product_cat":[229],"product_tag":[1406,889,80,90,1407,806,25,143],"class_list":{"0":"post-3900","1":"product","2":"type-product","3":"status-publish","4":"has-post-thumbnail","6":"product_cat-sprzedane","7":"product_tag-bransoletka-dla-byka","8":"product_tag-bransoletka-z-drobnymi-kamieniami","9":"product_tag-bransoletka-z-kamieniami-naturalnymi","10":"product_tag-bransoletka-z-opalem","11":"product_tag-bransoletka-z-szafirami-i-szmaragdami","12":"product_tag-opal","13":"product_tag-szafir","14":"product_tag-szmaragd","16":"first","17":"outofstock","18":"shipping-taxable","19":"purchasable","20":"product-type-simple"},"jetpack_sharing_enabled":true,"_links":{"self":[{"href":"https:\/\/koraledetale.pl\/index.php?rest_route=\/wp\/v2\/product\/3900","targetHints":{"allow":["GET"]}}],"collection":[{"href":"https:\/\/koraledetale.pl\/index.php?rest_route=\/wp\/v2\/product"}],"about":[{"href":"https:\/\/koraledetale.pl\/index.php?rest_route=\/wp\/v2\/types\/product"}],"replies":[{"embeddable":true,"href":"https:\/\/koraledetale.pl\/index.php?rest_route=%2Fwp%2Fv2%2Fcomments&post=3900"}],"wp:featuredmedia":[{"embeddable":true,"href":"https:\/\/koraledetale.pl\/index.php?rest_route=\/wp\/v2\/media\/3902"}],"wp:attachment":[{"href":"https:\/\/koraledetale.pl\/index.php?rest_route=%2Fwp%2Fv2%2Fmedia&parent=3900"}],"wp:term":[{"taxonomy":"product_brand","embeddable":true,"href":"https:\/\/koraledetale.pl\/index.php?rest_route=%2Fwp%2Fv2%2Fproduct_brand&post=3900"},{"taxonomy":"product_cat","embeddable":true,"href":"https:\/\/koraledetale.pl\/index.php?rest_route=%2Fwp%2Fv2%2Fproduct_cat&post=3900"},{"taxonomy":"product_tag","embeddable":true,"href":"https:\/\/koraledetale.pl\/index.php?rest_route=%2Fwp%2Fv2%2Fproduct_tag&post=3900"}],"curies":[{"name":"wp","href":"https:\/\/api.w.org\/{rel}","templated":true}]}}