{"id":3898,"date":"2023-04-19T09:19:17","date_gmt":"2023-04-19T09:19:17","guid":{"rendered":"https:\/\/koraledetale.pl\/?post_type=product&#038;p=3898"},"modified":"2023-05-22T09:28:50","modified_gmt":"2023-05-22T09:28:50","slug":"bransoletka-jeans-z-kianitami","status":"publish","type":"product","link":"https:\/\/koraledetale.pl\/?product=bransoletka-jeans-z-kianitami","title":{"rendered":"Bransoletka JEANS z kianitami"},"content":{"rendered":"<p>Wielko\u015b\u0107 kamieni:<\/p>\n<ul>\n<li>kianit \u2013 2 mm i 3,5 mm,<\/li>\n<li>hematyt \u2013 2 mm.<\/li>\n<\/ul>\n<p>D\u0142ugo\u015b\u0107 bransoletki: 15,7 &#8211; 18,3 cm.<\/p>\n<p>Wszystkie elementy metalowe wykonane s\u0105 z nieuczulaj\u0105ce stali szlachetnej.<\/p>\n","protected":false},"excerpt":{"rendered":"<p>Delikatna bransoletka z drobnych kianit\u00f3w oraz z\u0142otych hematyt\u00f3w, zasupe\u0142kowanych na mocnej nici jubilerskiej, z pojedynczym wi\u0119kszym kianitem w centrum.<\/p>\n","protected":false},"featured_media":3896,"comment_status":"open","ping_status":"closed","template":"","meta":{"advanced_seo_description":"","jetpack_seo_html_title":"","jetpack_seo_noindex":false},"product_brand":[],"product_cat":[229],"product_tag":[79,1404,80,635,1403,67,323,1405],"class_list":{"0":"post-3898","1":"product","2":"type-product","3":"status-publish","4":"has-post-thumbnail","6":"product_cat-sprzedane","7":"product_tag-bransoletka-z-drobnych-kamieni","8":"product_tag-bransoletka-z-drobnych-kianitow","9":"product_tag-bransoletka-z-kamieniami-naturalnymi","10":"product_tag-bransoletka-z-niebieskimi-kamieniami","11":"product_tag-delikatna-bransoletka-z-kianitami","12":"product_tag-hematyt","13":"product_tag-kianit","14":"product_tag-supelkowa-bransoletka-z-kianitami","16":"first","17":"outofstock","18":"shipping-taxable","19":"purchasable","20":"product-type-simple"},"jetpack_sharing_enabled":true,"_links":{"self":[{"href":"https:\/\/koraledetale.pl\/index.php?rest_route=\/wp\/v2\/product\/3898","targetHints":{"allow":["GET"]}}],"collection":[{"href":"https:\/\/koraledetale.pl\/index.php?rest_route=\/wp\/v2\/product"}],"about":[{"href":"https:\/\/koraledetale.pl\/index.php?rest_route=\/wp\/v2\/types\/product"}],"replies":[{"embeddable":true,"href":"https:\/\/koraledetale.pl\/index.php?rest_route=%2Fwp%2Fv2%2Fcomments&post=3898"}],"wp:featuredmedia":[{"embeddable":true,"href":"https:\/\/koraledetale.pl\/index.php?rest_route=\/wp\/v2\/media\/3896"}],"wp:attachment":[{"href":"https:\/\/koraledetale.pl\/index.php?rest_route=%2Fwp%2Fv2%2Fmedia&parent=3898"}],"wp:term":[{"taxonomy":"product_brand","embeddable":true,"href":"https:\/\/koraledetale.pl\/index.php?rest_route=%2Fwp%2Fv2%2Fproduct_brand&post=3898"},{"taxonomy":"product_cat","embeddable":true,"href":"https:\/\/koraledetale.pl\/index.php?rest_route=%2Fwp%2Fv2%2Fproduct_cat&post=3898"},{"taxonomy":"product_tag","embeddable":true,"href":"https:\/\/koraledetale.pl\/index.php?rest_route=%2Fwp%2Fv2%2Fproduct_tag&post=3898"}],"curies":[{"name":"wp","href":"https:\/\/api.w.org\/{rel}","templated":true}]}}