{"id":3893,"date":"2023-04-19T09:14:01","date_gmt":"2023-04-19T09:14:01","guid":{"rendered":"https:\/\/koraledetale.pl\/?post_type=product&#038;p=3893"},"modified":"2023-12-14T00:00:26","modified_gmt":"2023-12-14T00:00:26","slug":"naszyjnik-jeans-z-kianitami","status":"publish","type":"product","link":"https:\/\/koraledetale.pl\/?product=naszyjnik-jeans-z-kianitami","title":{"rendered":"Naszyjnik JEANS z kianitami"},"content":{"rendered":"<p>Wielko\u015b\u0107 kamieni:<\/p>\n<ul>\n<li>kianit &#8211; 2 mm i 3,5 mm, \u0142ezka 7x8x3 mm,<\/li>\n<li>hematyt &#8211; 2 mm.<\/li>\n<\/ul>\n<p>D\u0142ugo\u015b\u0107 naszyjnika: 37,5 &#8211; 42 cm.<\/p>\n<p>Wszystkie elementy metalowe wykonane s\u0105 z nieuczulaj\u0105ce stali szlachetnej.<\/p>\n","protected":false},"excerpt":{"rendered":"<p>Delikatny naszyjnik z drobnych kianit\u00f3w oraz z\u0142otych hematyt\u00f3w, zasupe\u0142kowanych na mocnej nici jubilerskiej. Zwie\u0144czeniem naszyjnika jest \u0142ezka kianitu.<\/p>\n","protected":false},"featured_media":3894,"comment_status":"open","ping_status":"closed","template":"","meta":{"advanced_seo_description":"","jetpack_seo_html_title":"","jetpack_seo_noindex":false},"product_brand":[],"product_cat":[229],"product_tag":[1401,1400,67,323,1402,148,321],"class_list":{"0":"post-3893","1":"product","2":"type-product","3":"status-publish","4":"has-post-thumbnail","6":"product_cat-sprzedane","7":"product_tag-choker-z-drobnymi-kamieniami","8":"product_tag-delikatny-naszyjnik-z-kianitami","9":"product_tag-hematyt","10":"product_tag-kianit","11":"product_tag-krotki-naszyjnik-z-kianitami","12":"product_tag-naszyjnik-z-drobnych-kamieni","13":"product_tag-naszyjnik-z-niebieskich-kamieni","15":"first","16":"outofstock","17":"shipping-taxable","18":"purchasable","19":"product-type-simple"},"jetpack_sharing_enabled":true,"_links":{"self":[{"href":"https:\/\/koraledetale.pl\/index.php?rest_route=\/wp\/v2\/product\/3893","targetHints":{"allow":["GET"]}}],"collection":[{"href":"https:\/\/koraledetale.pl\/index.php?rest_route=\/wp\/v2\/product"}],"about":[{"href":"https:\/\/koraledetale.pl\/index.php?rest_route=\/wp\/v2\/types\/product"}],"replies":[{"embeddable":true,"href":"https:\/\/koraledetale.pl\/index.php?rest_route=%2Fwp%2Fv2%2Fcomments&post=3893"}],"wp:featuredmedia":[{"embeddable":true,"href":"https:\/\/koraledetale.pl\/index.php?rest_route=\/wp\/v2\/media\/3894"}],"wp:attachment":[{"href":"https:\/\/koraledetale.pl\/index.php?rest_route=%2Fwp%2Fv2%2Fmedia&parent=3893"}],"wp:term":[{"taxonomy":"product_brand","embeddable":true,"href":"https:\/\/koraledetale.pl\/index.php?rest_route=%2Fwp%2Fv2%2Fproduct_brand&post=3893"},{"taxonomy":"product_cat","embeddable":true,"href":"https:\/\/koraledetale.pl\/index.php?rest_route=%2Fwp%2Fv2%2Fproduct_cat&post=3893"},{"taxonomy":"product_tag","embeddable":true,"href":"https:\/\/koraledetale.pl\/index.php?rest_route=%2Fwp%2Fv2%2Fproduct_tag&post=3893"}],"curies":[{"name":"wp","href":"https:\/\/api.w.org\/{rel}","templated":true}]}}