{"id":3885,"date":"2023-04-18T14:50:24","date_gmt":"2023-04-18T14:50:24","guid":{"rendered":"https:\/\/koraledetale.pl\/?post_type=product&#038;p=3885"},"modified":"2023-04-21T12:56:14","modified_gmt":"2023-04-21T12:56:14","slug":"naszyjnik-serce-amazoni-z-amazonitem-turkusami-i-opalem","status":"publish","type":"product","link":"https:\/\/koraledetale.pl\/?product=naszyjnik-serce-amazoni-z-amazonitem-turkusami-i-opalem","title":{"rendered":"Naszyjnik SERCE AMAZONII z amazonitem, turkusami i opalami"},"content":{"rendered":"<p>Wielko\u015b\u0107 kamieni:<\/p>\n<ul>\n<li>opal &#8211; 2,5 mm,<\/li>\n<li>turkus &#8211; 3,5 mm,<\/li>\n<li>\u00a0hematyt &#8211; 2&#215;2 mm,<\/li>\n<li>amazonit &#8211; 13x14x5 mm.<\/li>\n<\/ul>\n<p>D\u0142ugo\u015b\u0107 naszyjnika: 41,5 &#8211; 46,5 cm.<\/p>\n<p>Wszystkie elementy metalowe wykonane s\u0105 z nieuczulaj\u0105cej stali chirurgicznej (szlachetnej).<\/p>\n","protected":false},"excerpt":{"rendered":"<p>Naszyjnik z drobnymi niebieskimi opalami, przeplatanymi nieco wi\u0119kszymi kuleczkami turkusu oraz ob\u0142ymi kosteczkami z\u0142otego hematytu. Zwie\u0144czeniem naszyjnika jest zawieszka z fasetowanym sercem z amazonitu.<\/p>\n<p>&nbsp;<\/p>\n","protected":false},"featured_media":3887,"comment_status":"open","ping_status":"closed","template":"","meta":{"advanced_seo_description":"","jetpack_seo_html_title":"","jetpack_seo_noindex":false},"product_brand":[],"product_cat":[229],"product_tag":[53,594,1394,1395,1396,1398,1397,105],"class_list":{"0":"post-3885","1":"product","2":"type-product","3":"status-publish","4":"has-post-thumbnail","6":"product_cat-sprzedane","7":"product_tag-amazonit","8":"product_tag-naszyjnik-z-amazonitem","9":"product_tag-naszyjnik-z-kamienna-zawieszka","10":"product_tag-naszyjnik-z-niebieskimi-opalami-i-turkusami","11":"product_tag-naszyjnik-z-zawieszka-z-amazonitu","12":"product_tag-niebieski-opal","13":"product_tag-serce-z-amazonitu","14":"product_tag-turkus","16":"first","17":"outofstock","18":"shipping-taxable","19":"purchasable","20":"product-type-simple"},"jetpack_sharing_enabled":true,"_links":{"self":[{"href":"https:\/\/koraledetale.pl\/index.php?rest_route=\/wp\/v2\/product\/3885","targetHints":{"allow":["GET"]}}],"collection":[{"href":"https:\/\/koraledetale.pl\/index.php?rest_route=\/wp\/v2\/product"}],"about":[{"href":"https:\/\/koraledetale.pl\/index.php?rest_route=\/wp\/v2\/types\/product"}],"replies":[{"embeddable":true,"href":"https:\/\/koraledetale.pl\/index.php?rest_route=%2Fwp%2Fv2%2Fcomments&post=3885"}],"wp:featuredmedia":[{"embeddable":true,"href":"https:\/\/koraledetale.pl\/index.php?rest_route=\/wp\/v2\/media\/3887"}],"wp:attachment":[{"href":"https:\/\/koraledetale.pl\/index.php?rest_route=%2Fwp%2Fv2%2Fmedia&parent=3885"}],"wp:term":[{"taxonomy":"product_brand","embeddable":true,"href":"https:\/\/koraledetale.pl\/index.php?rest_route=%2Fwp%2Fv2%2Fproduct_brand&post=3885"},{"taxonomy":"product_cat","embeddable":true,"href":"https:\/\/koraledetale.pl\/index.php?rest_route=%2Fwp%2Fv2%2Fproduct_cat&post=3885"},{"taxonomy":"product_tag","embeddable":true,"href":"https:\/\/koraledetale.pl\/index.php?rest_route=%2Fwp%2Fv2%2Fproduct_tag&post=3885"}],"curies":[{"name":"wp","href":"https:\/\/api.w.org\/{rel}","templated":true}]}}