{"id":3879,"date":"2023-04-13T09:59:08","date_gmt":"2023-04-13T09:59:08","guid":{"rendered":"https:\/\/koraledetale.pl\/?post_type=product&#038;p=3879"},"modified":"2023-04-26T13:38:33","modified_gmt":"2023-04-26T13:38:33","slug":"bransoletka-kwiatowa-z-szafirami-i-rubinami","status":"publish","type":"product","link":"https:\/\/koraledetale.pl\/?product=bransoletka-kwiatowa-z-szafirami-i-rubinami","title":{"rendered":"Bransoletka KWIATOWA z szafirami i rubinami"},"content":{"rendered":"<p>Wielko\u015b\u0107 kamieni:<\/p>\n<ul>\n<li>rubin, szafir \u2013 3,5 mm,<\/li>\n<li>hematyt \u2013 2,5\u00d71 mm i 2 mm.<\/li>\n<\/ul>\n<p>Wszystkie elementy metalowe wykonane s\u0105 z nieuczulaj\u0105cej stali chirurgicznej (szlachetnej).<\/p>\n<p>D\u0142ugo\u015b\u0107 bransoletki \u2013\u00a0 17cm. Bransoletka ma przed\u0142u\u017ck\u0119 przy zapi\u0119ciu umo\u017cliwiaj\u0105c\u0105 wyd\u0142u\u017cenie jej jeszcze o 5 cm.<\/p>\n","protected":false},"excerpt":{"rendered":"<p>Podw\u00f3jna bransoletka ze sznurem cieniowanych szafir\u00f3w i rubin\u00f3w przeplatanych z\u0142otymi hematytami oraz \u0142a\u0144cuszkiem z kuleczkami.<\/p>\n","protected":false},"featured_media":3876,"comment_status":"open","ping_status":"closed","template":"","meta":{"advanced_seo_description":"","jetpack_seo_html_title":"","jetpack_seo_noindex":false},"product_brand":[],"product_cat":[229],"product_tag":[1391,179,1389,1390,117,25,31],"class_list":{"0":"post-3879","1":"product","2":"type-product","3":"status-publish","4":"has-post-thumbnail","6":"product_cat-sprzedane","7":"product_tag-bransoletka-z-szafirami-i-rubinami","8":"product_tag-bransoletka-z-lancuszkiem","9":"product_tag-podwojna-bransoletka-z-kamieniami-naturalnymi","10":"product_tag-podwojna-bransoletka-z-kolorowymi-kamieniami","11":"product_tag-rubin","12":"product_tag-szafir","13":"product_tag-zloty-hematyt","15":"first","16":"outofstock","17":"shipping-taxable","18":"purchasable","19":"product-type-simple"},"jetpack_sharing_enabled":true,"_links":{"self":[{"href":"https:\/\/koraledetale.pl\/index.php?rest_route=\/wp\/v2\/product\/3879","targetHints":{"allow":["GET"]}}],"collection":[{"href":"https:\/\/koraledetale.pl\/index.php?rest_route=\/wp\/v2\/product"}],"about":[{"href":"https:\/\/koraledetale.pl\/index.php?rest_route=\/wp\/v2\/types\/product"}],"replies":[{"embeddable":true,"href":"https:\/\/koraledetale.pl\/index.php?rest_route=%2Fwp%2Fv2%2Fcomments&post=3879"}],"wp:featuredmedia":[{"embeddable":true,"href":"https:\/\/koraledetale.pl\/index.php?rest_route=\/wp\/v2\/media\/3876"}],"wp:attachment":[{"href":"https:\/\/koraledetale.pl\/index.php?rest_route=%2Fwp%2Fv2%2Fmedia&parent=3879"}],"wp:term":[{"taxonomy":"product_brand","embeddable":true,"href":"https:\/\/koraledetale.pl\/index.php?rest_route=%2Fwp%2Fv2%2Fproduct_brand&post=3879"},{"taxonomy":"product_cat","embeddable":true,"href":"https:\/\/koraledetale.pl\/index.php?rest_route=%2Fwp%2Fv2%2Fproduct_cat&post=3879"},{"taxonomy":"product_tag","embeddable":true,"href":"https:\/\/koraledetale.pl\/index.php?rest_route=%2Fwp%2Fv2%2Fproduct_tag&post=3879"}],"curies":[{"name":"wp","href":"https:\/\/api.w.org\/{rel}","templated":true}]}}