{"id":3874,"date":"2023-04-13T09:50:38","date_gmt":"2023-04-13T09:50:38","guid":{"rendered":"https:\/\/koraledetale.pl\/?post_type=product&#038;p=3874"},"modified":"2023-04-16T17:21:58","modified_gmt":"2023-04-16T17:21:58","slug":"naszyjnik-kwiatowy-z-szafirami-i-rubinami","status":"publish","type":"product","link":"https:\/\/koraledetale.pl\/?product=naszyjnik-kwiatowy-z-szafirami-i-rubinami","title":{"rendered":"Naszyjnik KWIATOWY z szafirami i rubinami"},"content":{"rendered":"<p>Wielko\u015b\u0107 kamieni:<\/p>\n<ul>\n<li>rubin, szafir &#8211; 3,5 mm,<\/li>\n<li>hematyt &#8211; 2,5&#215;1 mm i 2 mm.<\/li>\n<\/ul>\n<p>Wszystkie elementy metalowe wykonane s\u0105 z nieuczulaj\u0105cej stali chirurgicznej (szlachetnej).<\/p>\n<p>D\u0142ugo\u015b\u0107 naszyjnika \u2013 \u0142a\u0144cuszka 45 cm, \u0142a\u0144cuszka ze sznurem kamieni 50 cm + zawieszka 2 cm. Naszyjnik ma przed\u0142u\u017ck\u0119 przy zapi\u0119ciu umo\u017cliwiaj\u0105c\u0105 wyd\u0142u\u017cenie go jeszcze o 5 cm.<\/p>\n<p>&nbsp;<\/p>\n","protected":false},"excerpt":{"rendered":"<p>Warstwowy naszyjnik ze sznurem cieniowanych szafir\u00f3w i rubin\u00f3w przeplatanych z\u0142otymi hematytami, wplecionym w \u0142a\u0144cuszek z kuleczkami.\u00a0 Zwie\u0144czeniem naszyjnika jest jednostronna zawieszka z kwiatowym motywem (druga strona jest g\u0142adka).<\/p>\n<p>&nbsp;<\/p>\n","protected":false},"featured_media":3878,"comment_status":"open","ping_status":"closed","template":"","meta":{"advanced_seo_description":"","jetpack_seo_html_title":"","jetpack_seo_noindex":false},"product_brand":[],"product_cat":[229],"product_tag":[1388,117,25,1386,31,1387],"class_list":{"0":"post-3874","1":"product","2":"type-product","3":"status-publish","4":"has-post-thumbnail","6":"product_cat-sprzedane","7":"product_tag-naszyjnik-z-kolorowymi-kamieniami-naturalnymi","8":"product_tag-rubin","9":"product_tag-szafir","10":"product_tag-warstwowy-naszyjnik-z-szafirami-i-rubinami","11":"product_tag-zloty-hematyt","12":"product_tag-lancuszek-z-szafirami-i-rubinami","14":"first","15":"outofstock","16":"shipping-taxable","17":"purchasable","18":"product-type-simple"},"jetpack_sharing_enabled":true,"_links":{"self":[{"href":"https:\/\/koraledetale.pl\/index.php?rest_route=\/wp\/v2\/product\/3874","targetHints":{"allow":["GET"]}}],"collection":[{"href":"https:\/\/koraledetale.pl\/index.php?rest_route=\/wp\/v2\/product"}],"about":[{"href":"https:\/\/koraledetale.pl\/index.php?rest_route=\/wp\/v2\/types\/product"}],"replies":[{"embeddable":true,"href":"https:\/\/koraledetale.pl\/index.php?rest_route=%2Fwp%2Fv2%2Fcomments&post=3874"}],"wp:featuredmedia":[{"embeddable":true,"href":"https:\/\/koraledetale.pl\/index.php?rest_route=\/wp\/v2\/media\/3878"}],"wp:attachment":[{"href":"https:\/\/koraledetale.pl\/index.php?rest_route=%2Fwp%2Fv2%2Fmedia&parent=3874"}],"wp:term":[{"taxonomy":"product_brand","embeddable":true,"href":"https:\/\/koraledetale.pl\/index.php?rest_route=%2Fwp%2Fv2%2Fproduct_brand&post=3874"},{"taxonomy":"product_cat","embeddable":true,"href":"https:\/\/koraledetale.pl\/index.php?rest_route=%2Fwp%2Fv2%2Fproduct_cat&post=3874"},{"taxonomy":"product_tag","embeddable":true,"href":"https:\/\/koraledetale.pl\/index.php?rest_route=%2Fwp%2Fv2%2Fproduct_tag&post=3874"}],"curies":[{"name":"wp","href":"https:\/\/api.w.org\/{rel}","templated":true}]}}