{"id":3867,"date":"2023-04-11T15:27:28","date_gmt":"2023-04-11T15:27:28","guid":{"rendered":"https:\/\/koraledetale.pl\/?post_type=product&#038;p=3867"},"modified":"2023-05-14T18:28:29","modified_gmt":"2023-05-14T18:28:29","slug":"naszyjnik-kocica-z-turmalinami","status":"publish","type":"product","link":"https:\/\/koraledetale.pl\/?product=naszyjnik-kocica-z-turmalinami","title":{"rendered":"Naszyjnik KOCICA z turmalinami"},"content":{"rendered":"<p>Wielko\u015b\u0107 kamieni:<\/p>\n<ul>\n<li>turmalin &#8211; 3,5 mm, 4&#215;2 mm, 5&#215;3 mm i 7&#215;6,5&#215;3 (\u0142ezka),<\/li>\n<li>hematyt &#8211; 3,5&#215;2,5 mm, 3 mm, 2 mm i 2,5&#215;2,5 mm.<\/li>\n<\/ul>\n<p>D\u0142ugo\u015b\u0107 naszyjnika &#8211; 100 cm.<\/p>\n<p>Elementy metalowe wykonane s\u0105 z nieuczulaj\u0105cej stali chirurgicznej (szlachetnej).<\/p>\n","protected":false},"excerpt":{"rendered":"<p>D\u0142ugi naszyjnik z fasetowanych turmalin\u00f3w i z\u0142otych hematyt\u00f3w o r\u00f3\u017cnych kszta\u0142tach. Po boku naszyjnika wpleciona jest niewielka zawieszka &#8211; kulka. Zapi\u0119cie znajduje si\u0119 przy k\u00f3\u0142ku z g\u0142ow\u0105 lamparta.<\/p>\n<p>Naszyjnik mo\u017cesz dwukrotnie owin\u0105\u0107 wok\u00f3\u0142 szyi, tworz\u0105c warstwowy naszyjnik z dwiema zawieszkami &#8211; g\u0142ow\u0105 lamparta i jednostronn\u0105 blaszk\u0105 z lamparcim printem laserowym, z \u0142ezk\u0105 turmalinu.<\/p>\n<p>Obwi\u0105zuj\u0105c naszyjnik trzy razy wok\u00f3\u0142 szyi uzyskasz kolorowy choker, natomiast je\u015bli okr\u0119cisz go 6 razy wok\u00f3\u0142 nadgarstka powstanie zjawiskowa bransoletka.<\/p>\n<p>&nbsp;<\/p>\n<p>&nbsp;<\/p>\n","protected":false},"featured_media":3872,"comment_status":"open","ping_status":"closed","template":"","meta":{"advanced_seo_description":"","jetpack_seo_html_title":"","jetpack_seo_noindex":false},"product_brand":[],"product_cat":[229],"product_tag":[1385,1384,187,972,1382,1383],"class_list":{"0":"post-3867","1":"product","2":"type-product","3":"status-publish","4":"has-post-thumbnail","6":"product_cat-sprzedane","7":"product_tag-choker-z-turmalinami","8":"product_tag-dlugi-naszyjnik-z-turmalinami","9":"product_tag-naszyjnik-z-kolorowymi-kamieniami","10":"product_tag-naszyjnik-z-zawieszkami","11":"product_tag-uniwersalny-naszyjnik-z-turmalinami","12":"product_tag-warstwowy-naszyjnik-z-turmalinami","14":"first","15":"outofstock","16":"shipping-taxable","17":"purchasable","18":"product-type-simple"},"jetpack_sharing_enabled":true,"_links":{"self":[{"href":"https:\/\/koraledetale.pl\/index.php?rest_route=\/wp\/v2\/product\/3867","targetHints":{"allow":["GET"]}}],"collection":[{"href":"https:\/\/koraledetale.pl\/index.php?rest_route=\/wp\/v2\/product"}],"about":[{"href":"https:\/\/koraledetale.pl\/index.php?rest_route=\/wp\/v2\/types\/product"}],"replies":[{"embeddable":true,"href":"https:\/\/koraledetale.pl\/index.php?rest_route=%2Fwp%2Fv2%2Fcomments&post=3867"}],"wp:featuredmedia":[{"embeddable":true,"href":"https:\/\/koraledetale.pl\/index.php?rest_route=\/wp\/v2\/media\/3872"}],"wp:attachment":[{"href":"https:\/\/koraledetale.pl\/index.php?rest_route=%2Fwp%2Fv2%2Fmedia&parent=3867"}],"wp:term":[{"taxonomy":"product_brand","embeddable":true,"href":"https:\/\/koraledetale.pl\/index.php?rest_route=%2Fwp%2Fv2%2Fproduct_brand&post=3867"},{"taxonomy":"product_cat","embeddable":true,"href":"https:\/\/koraledetale.pl\/index.php?rest_route=%2Fwp%2Fv2%2Fproduct_cat&post=3867"},{"taxonomy":"product_tag","embeddable":true,"href":"https:\/\/koraledetale.pl\/index.php?rest_route=%2Fwp%2Fv2%2Fproduct_tag&post=3867"}],"curies":[{"name":"wp","href":"https:\/\/api.w.org\/{rel}","templated":true}]}}