{"id":3864,"date":"2023-04-04T16:01:52","date_gmt":"2023-04-04T16:01:52","guid":{"rendered":"https:\/\/koraledetale.pl\/?post_type=product&#038;p=3864"},"modified":"2023-04-08T07:38:37","modified_gmt":"2023-04-08T07:38:37","slug":"naszyjnik-trio-z-granatami","status":"publish","type":"product","link":"https:\/\/koraledetale.pl\/?product=naszyjnik-trio-z-granatami","title":{"rendered":"Naszyjnik TRIO z granatami"},"content":{"rendered":"<p>Wielko\u015b\u0107 kamieni:<\/p>\n<ul>\n<li>granat &#8211; 3,5 mm,<\/li>\n<li>hematyt &#8211; 2 mm.<\/li>\n<\/ul>\n<p>\u015arednica zawieszek: 16 i 10 mm.<\/p>\n<p>D\u0142ugo\u015b\u0107 naszyjnika: 42-47,5 cm.<\/p>\n","protected":false},"excerpt":{"rendered":"<p>Naszyjnik z trzema warstwami: \u0142a\u0144cuchem o pod\u0142u\u017cnych oczkach, \u0142a\u0144cuchem o drobniejszych oczkach i sznurem granat\u00f3w. Naszyjnik zdobi\u0105 dwie zawieszki &#8211; m\u0142otkowane blaszki o r\u00f3\u017cnych \u015brednicach.<\/p>\n<p>Wszystkie elementy metalowe wykonane s\u0105 z nieuczulaj\u0105cej stali chirurgicznej (szlachetnej).<\/p>\n","protected":false},"featured_media":3862,"comment_status":"open","ping_status":"closed","template":"","meta":{"advanced_seo_description":"","jetpack_seo_html_title":"","jetpack_seo_noindex":false},"product_brand":[],"product_cat":[229],"product_tag":[71,540,1380,1381,856],"class_list":{"0":"post-3864","1":"product","2":"type-product","3":"status-publish","4":"has-post-thumbnail","6":"product_cat-sprzedane","7":"product_tag-granat","8":"product_tag-naszyjnik-z-granatami","9":"product_tag-warstwowy-naszyjnik-z-granatami","10":"product_tag-lancuszek-z-granatami","11":"product_tag-lancuszek-z-zawieszkami","13":"first","14":"outofstock","15":"shipping-taxable","16":"purchasable","17":"product-type-simple"},"jetpack_sharing_enabled":true,"_links":{"self":[{"href":"https:\/\/koraledetale.pl\/index.php?rest_route=\/wp\/v2\/product\/3864","targetHints":{"allow":["GET"]}}],"collection":[{"href":"https:\/\/koraledetale.pl\/index.php?rest_route=\/wp\/v2\/product"}],"about":[{"href":"https:\/\/koraledetale.pl\/index.php?rest_route=\/wp\/v2\/types\/product"}],"replies":[{"embeddable":true,"href":"https:\/\/koraledetale.pl\/index.php?rest_route=%2Fwp%2Fv2%2Fcomments&post=3864"}],"wp:featuredmedia":[{"embeddable":true,"href":"https:\/\/koraledetale.pl\/index.php?rest_route=\/wp\/v2\/media\/3862"}],"wp:attachment":[{"href":"https:\/\/koraledetale.pl\/index.php?rest_route=%2Fwp%2Fv2%2Fmedia&parent=3864"}],"wp:term":[{"taxonomy":"product_brand","embeddable":true,"href":"https:\/\/koraledetale.pl\/index.php?rest_route=%2Fwp%2Fv2%2Fproduct_brand&post=3864"},{"taxonomy":"product_cat","embeddable":true,"href":"https:\/\/koraledetale.pl\/index.php?rest_route=%2Fwp%2Fv2%2Fproduct_cat&post=3864"},{"taxonomy":"product_tag","embeddable":true,"href":"https:\/\/koraledetale.pl\/index.php?rest_route=%2Fwp%2Fv2%2Fproduct_tag&post=3864"}],"curies":[{"name":"wp","href":"https:\/\/api.w.org\/{rel}","templated":true}]}}