{"id":3856,"date":"2023-03-30T09:26:34","date_gmt":"2023-03-30T09:26:34","guid":{"rendered":"https:\/\/koraledetale.pl\/?post_type=product&#038;p=3856"},"modified":"2023-08-05T16:27:11","modified_gmt":"2023-08-05T16:27:11","slug":"kolczyki-morskie-z-turmalinem","status":"publish","type":"product","link":"https:\/\/koraledetale.pl\/?product=kolczyki-morskie-z-turmalinem","title":{"rendered":"Kolczyki MORSKIE z turmalinem"},"content":{"rendered":"<p>Wielko\u015b\u0107 turmalinu &#8211; 6 x 6 x 3,5 mm.<\/p>\n<p>D\u0142ugo\u015b\u0107 kolczyk\u00f3w \u2013 1,7 cm.<\/p>\n","protected":false},"excerpt":{"rendered":"<p>Drobne kolczyki na sztyftach z \u0142ezkami morskiego turmalinu zawieszonego na blaszkach z wyt\u0142oczon\u0105 faktur\u0105.<\/p>\n<p>Wszystkie elementy metalowe wykonane s\u0105 z nieuczulaj\u0105cej stali chirurgicznej (szlachetnej).<\/p>\n","protected":false},"featured_media":3848,"comment_status":"open","ping_status":"closed","template":"","meta":{"advanced_seo_description":"","jetpack_seo_html_title":"","jetpack_seo_noindex":false},"product_brand":[],"product_cat":[229],"product_tag":[1371,1372,1369,1370,1373],"class_list":{"0":"post-3856","1":"product","2":"type-product","3":"status-publish","4":"has-post-thumbnail","6":"product_cat-sprzedane","7":"product_tag-drobne-kolczyki-z-morskim-kamieniem","8":"product_tag-drobne-kolczyki-z-morskim-turmalinem","9":"product_tag-drobne-kolczyki-ze-stali-chirurgicznej","10":"product_tag-drobne-kolczyki-ze-stali-szlachetnej","11":"product_tag-kolczyki-na-sztyftach-z-turmalinem","13":"first","14":"outofstock","15":"shipping-taxable","16":"purchasable","17":"product-type-simple"},"jetpack_sharing_enabled":true,"_links":{"self":[{"href":"https:\/\/koraledetale.pl\/index.php?rest_route=\/wp\/v2\/product\/3856","targetHints":{"allow":["GET"]}}],"collection":[{"href":"https:\/\/koraledetale.pl\/index.php?rest_route=\/wp\/v2\/product"}],"about":[{"href":"https:\/\/koraledetale.pl\/index.php?rest_route=\/wp\/v2\/types\/product"}],"replies":[{"embeddable":true,"href":"https:\/\/koraledetale.pl\/index.php?rest_route=%2Fwp%2Fv2%2Fcomments&post=3856"}],"wp:featuredmedia":[{"embeddable":true,"href":"https:\/\/koraledetale.pl\/index.php?rest_route=\/wp\/v2\/media\/3848"}],"wp:attachment":[{"href":"https:\/\/koraledetale.pl\/index.php?rest_route=%2Fwp%2Fv2%2Fmedia&parent=3856"}],"wp:term":[{"taxonomy":"product_brand","embeddable":true,"href":"https:\/\/koraledetale.pl\/index.php?rest_route=%2Fwp%2Fv2%2Fproduct_brand&post=3856"},{"taxonomy":"product_cat","embeddable":true,"href":"https:\/\/koraledetale.pl\/index.php?rest_route=%2Fwp%2Fv2%2Fproduct_cat&post=3856"},{"taxonomy":"product_tag","embeddable":true,"href":"https:\/\/koraledetale.pl\/index.php?rest_route=%2Fwp%2Fv2%2Fproduct_tag&post=3856"}],"curies":[{"name":"wp","href":"https:\/\/api.w.org\/{rel}","templated":true}]}}