{"id":3855,"date":"2023-03-30T09:17:45","date_gmt":"2023-03-30T09:17:45","guid":{"rendered":"https:\/\/koraledetale.pl\/?post_type=product&#038;p=3855"},"modified":"2023-07-29T20:27:10","modified_gmt":"2023-07-29T20:27:10","slug":"kolczyki-ochronne-z-czarnym-turmalinem","status":"publish","type":"product","link":"https:\/\/koraledetale.pl\/?product=kolczyki-ochronne-z-czarnym-turmalinem","title":{"rendered":"Kolczyki OCHRONNE z czarnym turmalinem"},"content":{"rendered":"<p>Wielko\u015b\u0107 turmalinu \u2013 6 x 6 x 3,5 mm.<\/p>\n<p>D\u0142ugo\u015b\u0107 kolczyk\u00f3w &#8211; 1,7 cm.<\/p>\n","protected":false},"excerpt":{"rendered":"<p>Drobne kolczyki na sztyftach z \u0142ezkami czarnego turmalinu zawieszonego na blaszkach z wyt\u0142oczon\u0105 faktur\u0105.<\/p>\n<p>Wszystkie elementy metalowe wykonane s\u0105 z nieuczulaj\u0105cej stali chirurgicznej (szlachetnej).<\/p>\n","protected":false},"featured_media":3846,"comment_status":"open","ping_status":"closed","template":"","meta":{"advanced_seo_description":"","jetpack_seo_html_title":"","jetpack_seo_noindex":false},"product_brand":[],"product_cat":[229],"product_tag":[288,1369,1370,1005,1368],"class_list":{"0":"post-3855","1":"product","2":"type-product","3":"status-publish","4":"has-post-thumbnail","6":"product_cat-sprzedane","7":"product_tag-czarny-turmalin","8":"product_tag-drobne-kolczyki-ze-stali-chirurgicznej","9":"product_tag-drobne-kolczyki-ze-stali-szlachetnej","10":"product_tag-kolczyki-na-sztyftach-z-kamieniami-naturalnymi","11":"product_tag-kolczyki-z-czarnym-turmalinem-na-sztyftach","13":"first","14":"outofstock","15":"shipping-taxable","16":"purchasable","17":"product-type-simple"},"jetpack_sharing_enabled":true,"_links":{"self":[{"href":"https:\/\/koraledetale.pl\/index.php?rest_route=\/wp\/v2\/product\/3855","targetHints":{"allow":["GET"]}}],"collection":[{"href":"https:\/\/koraledetale.pl\/index.php?rest_route=\/wp\/v2\/product"}],"about":[{"href":"https:\/\/koraledetale.pl\/index.php?rest_route=\/wp\/v2\/types\/product"}],"replies":[{"embeddable":true,"href":"https:\/\/koraledetale.pl\/index.php?rest_route=%2Fwp%2Fv2%2Fcomments&post=3855"}],"wp:featuredmedia":[{"embeddable":true,"href":"https:\/\/koraledetale.pl\/index.php?rest_route=\/wp\/v2\/media\/3846"}],"wp:attachment":[{"href":"https:\/\/koraledetale.pl\/index.php?rest_route=%2Fwp%2Fv2%2Fmedia&parent=3855"}],"wp:term":[{"taxonomy":"product_brand","embeddable":true,"href":"https:\/\/koraledetale.pl\/index.php?rest_route=%2Fwp%2Fv2%2Fproduct_brand&post=3855"},{"taxonomy":"product_cat","embeddable":true,"href":"https:\/\/koraledetale.pl\/index.php?rest_route=%2Fwp%2Fv2%2Fproduct_cat&post=3855"},{"taxonomy":"product_tag","embeddable":true,"href":"https:\/\/koraledetale.pl\/index.php?rest_route=%2Fwp%2Fv2%2Fproduct_tag&post=3855"}],"curies":[{"name":"wp","href":"https:\/\/api.w.org\/{rel}","templated":true}]}}