{"id":3841,"date":"2023-03-29T10:24:06","date_gmt":"2023-03-29T10:24:06","guid":{"rendered":"https:\/\/koraledetale.pl\/?post_type=product&#038;p=3841"},"modified":"2023-05-22T08:56:05","modified_gmt":"2023-05-22T08:56:05","slug":"lancuszek-marcowe-niebo-z-akwamarynem-turmalinem-i-topazem","status":"publish","type":"product","link":"https:\/\/koraledetale.pl\/?product=lancuszek-marcowe-niebo-z-akwamarynem-turmalinem-i-topazem","title":{"rendered":"\u0141a\u0144cuszek MARCOWE NIEBO z akwamarynem, turmalinem i topazem"},"content":{"rendered":"<p>Wielko\u015b\u0107 kamieni:<\/p>\n<ul>\n<li>topaz &#8211; 6 x 4 x 2,5 mm,<\/li>\n<li>turmalin &#8211; 6 x 6 x 2,5 mm,<\/li>\n<li>akwamaryn &#8211; 8 x 6 x 4 mm.<\/li>\n<\/ul>\n<p>D\u0142ugo\u015b\u0107 naszyjnika: 40 45,5 cm + zawieszka 2,8 cm.<\/p>\n<p>&nbsp;<\/p>\n<p>&nbsp;<\/p>\n","protected":false},"excerpt":{"rendered":"<p>\u0141a\u0144cuszek z kamieniami: krystalicznie czystym, bladob\u0142\u0119kitnym topazem, niebieskim jak burzowe niebo turmalinem i b\u0142\u0119kitnym jak woda w lagunie akwamarynem.<\/p>\n<p>\u0141a\u0144cuszek wykonany jest z nieuczulaj\u0105cej stali chirurgicznej (szlachetnej).<\/p>\n","protected":false},"featured_media":3842,"comment_status":"open","ping_status":"closed","template":"","meta":{"advanced_seo_description":"","jetpack_seo_html_title":"","jetpack_seo_noindex":false},"product_brand":[],"product_cat":[229],"product_tag":[1367,105,87,1364,1366,197,1365],"class_list":{"0":"post-3841","1":"product","2":"type-product","3":"status-publish","4":"has-post-thumbnail","6":"product_cat-sprzedane","7":"product_tag-topaz","8":"product_tag-turkus","9":"product_tag-turmalin","10":"product_tag-lancuszek-z-blekitnymi-kamieniami","11":"product_tag-lancuszek-z-blekitnymi-lezkami","12":"product_tag-lancuszek-z-kamieniami-naturalnymi","13":"product_tag-lancuszek-z-lezka-topazu-akwamarynu-i-turmalinu","15":"first","16":"outofstock","17":"shipping-taxable","18":"purchasable","19":"product-type-simple"},"jetpack_sharing_enabled":true,"_links":{"self":[{"href":"https:\/\/koraledetale.pl\/index.php?rest_route=\/wp\/v2\/product\/3841","targetHints":{"allow":["GET"]}}],"collection":[{"href":"https:\/\/koraledetale.pl\/index.php?rest_route=\/wp\/v2\/product"}],"about":[{"href":"https:\/\/koraledetale.pl\/index.php?rest_route=\/wp\/v2\/types\/product"}],"replies":[{"embeddable":true,"href":"https:\/\/koraledetale.pl\/index.php?rest_route=%2Fwp%2Fv2%2Fcomments&post=3841"}],"wp:featuredmedia":[{"embeddable":true,"href":"https:\/\/koraledetale.pl\/index.php?rest_route=\/wp\/v2\/media\/3842"}],"wp:attachment":[{"href":"https:\/\/koraledetale.pl\/index.php?rest_route=%2Fwp%2Fv2%2Fmedia&parent=3841"}],"wp:term":[{"taxonomy":"product_brand","embeddable":true,"href":"https:\/\/koraledetale.pl\/index.php?rest_route=%2Fwp%2Fv2%2Fproduct_brand&post=3841"},{"taxonomy":"product_cat","embeddable":true,"href":"https:\/\/koraledetale.pl\/index.php?rest_route=%2Fwp%2Fv2%2Fproduct_cat&post=3841"},{"taxonomy":"product_tag","embeddable":true,"href":"https:\/\/koraledetale.pl\/index.php?rest_route=%2Fwp%2Fv2%2Fproduct_tag&post=3841"}],"curies":[{"name":"wp","href":"https:\/\/api.w.org\/{rel}","templated":true}]}}