{"id":3831,"date":"2023-03-27T08:37:57","date_gmt":"2023-03-27T08:37:57","guid":{"rendered":"https:\/\/koraledetale.pl\/?post_type=product&#038;p=3831"},"modified":"2023-04-28T12:58:52","modified_gmt":"2023-04-28T12:58:52","slug":"naszyjnik-pastelowa-tecza-z-turmalinami","status":"publish","type":"product","link":"https:\/\/koraledetale.pl\/?product=naszyjnik-pastelowa-tecza-z-turmalinami","title":{"rendered":"Naszyjnik PASTELOWA T\u0118CZA z turmalinami"},"content":{"rendered":"<p>Wielko\u015b\u0107 kamieni:<\/p>\n<ul>\n<li>turmalin &#8211; 2 mm i 3 mm (przy zawieszce),<\/li>\n<li>hematyt &#8211; 2 i 2&#215;2 mm.<\/li>\n<\/ul>\n<p>D\u0142ugo\u015b\u0107 naszyjnika: 41,5 &#8211; 46 cm + zawieszka 1,7 cm.<\/p>\n","protected":false},"excerpt":{"rendered":"<p>Naszyjnik z drobnych, cieniowanych\u00a0 turmalin\u00f3w (b\u0142\u0119kitnych i r\u00f3\u017cowych), przeplatanych z\u0142otymi hematytami, zasupe\u0142kowanych na mocnej nici jubilerskiej. Zwie\u0144czeniem naszyjnika jest &#8220;gnieciona&#8221; luna (jednostronna, druga strona g\u0142adka) z r\u00f3\u017cowym turmalinem.<\/p>\n<p>Wszystkie elementy metalowe wykonane s\u0105 z nieuczulaj\u0105cej stali chirurgicznej (szlachetnej).<\/p>\n","protected":false},"featured_media":3829,"comment_status":"open","ping_status":"closed","template":"","meta":{"advanced_seo_description":"","jetpack_seo_html_title":"","jetpack_seo_noindex":false},"product_brand":[],"product_cat":[229],"product_tag":[67,687,757,1358,148,1357,274,1112,884,1359,214,87],"class_list":{"0":"post-3831","1":"product","2":"type-product","3":"status-publish","4":"has-post-thumbnail","6":"product_cat-sprzedane","7":"product_tag-hematyt","8":"product_tag-luna","9":"product_tag-lunula","10":"product_tag-naszyjnik-z-blekitnych-turmalinow","11":"product_tag-naszyjnik-z-drobnych-kamieni","12":"product_tag-naszyjnik-z-drobnych-turmalinow","13":"product_tag-naszyjnik-z-ksiezycem","14":"product_tag-naszyjnik-z-luna","15":"product_tag-naszyjnik-z-lunula","16":"product_tag-naszyjnik-z-pastelowych-kamieni","17":"product_tag-naszyjnik-z-rozowych-turmalinow","18":"product_tag-turmalin","20":"first","21":"outofstock","22":"shipping-taxable","23":"purchasable","24":"product-type-simple"},"jetpack_sharing_enabled":true,"_links":{"self":[{"href":"https:\/\/koraledetale.pl\/index.php?rest_route=\/wp\/v2\/product\/3831","targetHints":{"allow":["GET"]}}],"collection":[{"href":"https:\/\/koraledetale.pl\/index.php?rest_route=\/wp\/v2\/product"}],"about":[{"href":"https:\/\/koraledetale.pl\/index.php?rest_route=\/wp\/v2\/types\/product"}],"replies":[{"embeddable":true,"href":"https:\/\/koraledetale.pl\/index.php?rest_route=%2Fwp%2Fv2%2Fcomments&post=3831"}],"wp:featuredmedia":[{"embeddable":true,"href":"https:\/\/koraledetale.pl\/index.php?rest_route=\/wp\/v2\/media\/3829"}],"wp:attachment":[{"href":"https:\/\/koraledetale.pl\/index.php?rest_route=%2Fwp%2Fv2%2Fmedia&parent=3831"}],"wp:term":[{"taxonomy":"product_brand","embeddable":true,"href":"https:\/\/koraledetale.pl\/index.php?rest_route=%2Fwp%2Fv2%2Fproduct_brand&post=3831"},{"taxonomy":"product_cat","embeddable":true,"href":"https:\/\/koraledetale.pl\/index.php?rest_route=%2Fwp%2Fv2%2Fproduct_cat&post=3831"},{"taxonomy":"product_tag","embeddable":true,"href":"https:\/\/koraledetale.pl\/index.php?rest_route=%2Fwp%2Fv2%2Fproduct_tag&post=3831"}],"curies":[{"name":"wp","href":"https:\/\/api.w.org\/{rel}","templated":true}]}}