{"id":3823,"date":"2023-03-26T10:19:34","date_gmt":"2023-03-26T10:19:34","guid":{"rendered":"https:\/\/koraledetale.pl\/?post_type=product&#038;p=3823"},"modified":"2023-05-27T13:32:30","modified_gmt":"2023-05-27T13:32:30","slug":"bransoletka-lodovy-z-krysztalem-gorskim","status":"publish","type":"product","link":"https:\/\/koraledetale.pl\/?product=bransoletka-lodovy-z-krysztalem-gorskim","title":{"rendered":"Bransoletka LODOVA z kryszta\u0142em g\u00f3rskim"},"content":{"rendered":"<p>Wielko\u015b\u0107 kamieni:<\/p>\n<ul>\n<li>kryszta\u0142 g\u00f3rski \u2013 8,5 mm,<\/li>\n<li>hematyt \u2013 4\u00d72 mm, 3 mm, 2 mm i 8&#215;5 mm.<\/li>\n<\/ul>\n<p>D\u0142ugo\u015b\u0107 bransoletki &#8211; 18,6 cm.<\/p>\n","protected":false},"excerpt":{"rendered":"<p>Bransoletka z du\u017cymi, g\u0142adkimi kulkami kryszta\u0142u g\u00f3rskiego, przeplatanymi z\u0142otymi hematytami, z zawieszkami przy zapi\u0119ciu (jednostronn\u0105 z symbolem s\u0142o\u0144ca i z kryszta\u0142em g\u00f3rskim).<\/p>\n<p>Wszystkie elementy metalowe wykonane s\u0105 z nieuczulaj\u0105cej stali chirurgicznej (szlachetnej).<\/p>\n","protected":false},"featured_media":3817,"comment_status":"open","ping_status":"closed","template":"","meta":{"advanced_seo_description":"","jetpack_seo_html_title":"","jetpack_seo_noindex":false},"product_brand":[],"product_cat":[229],"product_tag":[],"class_list":{"0":"post-3823","1":"product","2":"type-product","3":"status-publish","4":"has-post-thumbnail","6":"product_cat-sprzedane","8":"first","9":"outofstock","10":"shipping-taxable","11":"purchasable","12":"product-type-simple"},"jetpack_sharing_enabled":true,"_links":{"self":[{"href":"https:\/\/koraledetale.pl\/index.php?rest_route=\/wp\/v2\/product\/3823","targetHints":{"allow":["GET"]}}],"collection":[{"href":"https:\/\/koraledetale.pl\/index.php?rest_route=\/wp\/v2\/product"}],"about":[{"href":"https:\/\/koraledetale.pl\/index.php?rest_route=\/wp\/v2\/types\/product"}],"replies":[{"embeddable":true,"href":"https:\/\/koraledetale.pl\/index.php?rest_route=%2Fwp%2Fv2%2Fcomments&post=3823"}],"wp:featuredmedia":[{"embeddable":true,"href":"https:\/\/koraledetale.pl\/index.php?rest_route=\/wp\/v2\/media\/3817"}],"wp:attachment":[{"href":"https:\/\/koraledetale.pl\/index.php?rest_route=%2Fwp%2Fv2%2Fmedia&parent=3823"}],"wp:term":[{"taxonomy":"product_brand","embeddable":true,"href":"https:\/\/koraledetale.pl\/index.php?rest_route=%2Fwp%2Fv2%2Fproduct_brand&post=3823"},{"taxonomy":"product_cat","embeddable":true,"href":"https:\/\/koraledetale.pl\/index.php?rest_route=%2Fwp%2Fv2%2Fproduct_cat&post=3823"},{"taxonomy":"product_tag","embeddable":true,"href":"https:\/\/koraledetale.pl\/index.php?rest_route=%2Fwp%2Fv2%2Fproduct_tag&post=3823"}],"curies":[{"name":"wp","href":"https:\/\/api.w.org\/{rel}","templated":true}]}}