{"id":3802,"date":"2023-03-22T09:56:50","date_gmt":"2023-03-22T09:56:50","guid":{"rendered":"https:\/\/koraledetale.pl\/?post_type=product&#038;p=3802"},"modified":"2024-11-16T18:02:41","modified_gmt":"2024-11-16T18:02:41","slug":"bransoletka-kolorova","status":"publish","type":"product","link":"https:\/\/koraledetale.pl\/?product=bransoletka-kolorova","title":{"rendered":"Bransoletka KOLOROVA"},"content":{"rendered":"<p>Wielko\u015b\u0107 kamieni:<\/p>\n<ul>\n<li>kolorowe kamienie \u2013 4 mm,<\/li>\n<li>hematyt \u2013 3\u00d72 mm i 2 mm.<\/li>\n<\/ul>\n<p>D\u0142ugo\u015b\u0107 bransoletki: 17 \u2013 19,5 cm.<\/p>\n","protected":false},"excerpt":{"rendered":"<p>Bransoletka z kolorowych kamieni (agatu, ametystu, rodonitu, amazonitu, czarnego turmalinu, cytrynu, granatu, sodalitu, kwarcu, kryszta\u0142u g\u00f3rskiego, kwarcu truskawkowego) przeplatanych z\u0142otymi hematytami, zasupe\u0142koawanymi na neonowor\u00f3\u017cowej, mocnej nitce jubilerskiej, z chwo\u015bcikiem przy przed\u0142u\u017cce.<\/p>\n<p>Wszystkie elementy metalowe wykonane s\u0105 z nieuczulaj\u0105cej stali chirurgicznej (szlachetnej).<\/p>\n","protected":false},"featured_media":3796,"comment_status":"open","ping_status":"closed","template":"","meta":{"advanced_seo_description":"","jetpack_seo_html_title":"","jetpack_seo_noindex":false},"product_brand":[],"product_cat":[229],"product_tag":[80,237,1345,295],"class_list":{"0":"post-3802","1":"product","2":"type-product","3":"status-publish","4":"has-post-thumbnail","6":"product_cat-sprzedane","7":"product_tag-bransoletka-z-kamieniami-naturalnymi","8":"product_tag-bransoletka-z-kolorowymi-kamieniami","9":"product_tag-kolorowa-bransoletka","10":"product_tag-supelkowa-bransoletka-z-kamieniami-naturalnymi","12":"first","13":"outofstock","14":"shipping-taxable","15":"product-type-simple"},"jetpack_sharing_enabled":true,"_links":{"self":[{"href":"https:\/\/koraledetale.pl\/index.php?rest_route=\/wp\/v2\/product\/3802","targetHints":{"allow":["GET"]}}],"collection":[{"href":"https:\/\/koraledetale.pl\/index.php?rest_route=\/wp\/v2\/product"}],"about":[{"href":"https:\/\/koraledetale.pl\/index.php?rest_route=\/wp\/v2\/types\/product"}],"replies":[{"embeddable":true,"href":"https:\/\/koraledetale.pl\/index.php?rest_route=%2Fwp%2Fv2%2Fcomments&post=3802"}],"wp:featuredmedia":[{"embeddable":true,"href":"https:\/\/koraledetale.pl\/index.php?rest_route=\/wp\/v2\/media\/3796"}],"wp:attachment":[{"href":"https:\/\/koraledetale.pl\/index.php?rest_route=%2Fwp%2Fv2%2Fmedia&parent=3802"}],"wp:term":[{"taxonomy":"product_brand","embeddable":true,"href":"https:\/\/koraledetale.pl\/index.php?rest_route=%2Fwp%2Fv2%2Fproduct_brand&post=3802"},{"taxonomy":"product_cat","embeddable":true,"href":"https:\/\/koraledetale.pl\/index.php?rest_route=%2Fwp%2Fv2%2Fproduct_cat&post=3802"},{"taxonomy":"product_tag","embeddable":true,"href":"https:\/\/koraledetale.pl\/index.php?rest_route=%2Fwp%2Fv2%2Fproduct_tag&post=3802"}],"curies":[{"name":"wp","href":"https:\/\/api.w.org\/{rel}","templated":true}]}}