{"id":3801,"date":"2023-03-22T09:41:20","date_gmt":"2023-03-22T09:41:20","guid":{"rendered":"https:\/\/koraledetale.pl\/?post_type=product&#038;p=3801"},"modified":"2023-04-28T13:02:10","modified_gmt":"2023-04-28T13:02:10","slug":"bransoletka-pastelova-ii-z-morganitami","status":"publish","type":"product","link":"https:\/\/koraledetale.pl\/?product=bransoletka-pastelova-ii-z-morganitami","title":{"rendered":"Bransoletka PASTELOVA II z morganitami"},"content":{"rendered":"<p>Wielko\u015b\u0107 kamieni:<\/p>\n<ul>\n<li>morganit &#8211; 4 mm,<\/li>\n<li>hematyt &#8211; 3&#215;2 mm i 2 mm.<\/li>\n<\/ul>\n<p>D\u0142ugo\u015b\u0107 bransoletki: 16,5 &#8211; 19,5 cm.<\/p>\n","protected":false},"excerpt":{"rendered":"<p>Bransoletka z morganit\u00f3w przeplatanych z\u0142otymi hematytami, zasupe\u0142koawanymi na r\u00f3\u017cowej, mocnej nici jubilerskiej, z chwo\u015bcikiem przy przed\u0142u\u017cce.<\/p>\n<p>Wszystkie elementy metalowe wykonane s\u0105 z nieuczulaj\u0105cej stali chirurgicznej (szlachetnej).<\/p>\n","protected":false},"featured_media":3797,"comment_status":"open","ping_status":"closed","template":"","meta":{"advanced_seo_description":"","jetpack_seo_html_title":"","jetpack_seo_noindex":false},"product_brand":[],"product_cat":[229],"product_tag":[1344,1343,1342,1341,804,67,725],"class_list":{"0":"post-3801","1":"product","2":"type-product","3":"status-publish","4":"has-post-thumbnail","6":"product_cat-sprzedane","7":"product_tag-bransoletka-w-kolorach-ziemii","8":"product_tag-bransoletka-w-naturalnych-kolorach","9":"product_tag-bransoletka-z-jasnych-kamieni","10":"product_tag-bransoletka-z-morganitami-i-hematytami","11":"product_tag-bransoletka-z-pastelowych-kamieni","12":"product_tag-hematyt","13":"product_tag-morganit","15":"first","16":"outofstock","17":"shipping-taxable","18":"purchasable","19":"product-type-simple"},"jetpack_sharing_enabled":true,"_links":{"self":[{"href":"https:\/\/koraledetale.pl\/index.php?rest_route=\/wp\/v2\/product\/3801","targetHints":{"allow":["GET"]}}],"collection":[{"href":"https:\/\/koraledetale.pl\/index.php?rest_route=\/wp\/v2\/product"}],"about":[{"href":"https:\/\/koraledetale.pl\/index.php?rest_route=\/wp\/v2\/types\/product"}],"replies":[{"embeddable":true,"href":"https:\/\/koraledetale.pl\/index.php?rest_route=%2Fwp%2Fv2%2Fcomments&post=3801"}],"wp:featuredmedia":[{"embeddable":true,"href":"https:\/\/koraledetale.pl\/index.php?rest_route=\/wp\/v2\/media\/3797"}],"wp:attachment":[{"href":"https:\/\/koraledetale.pl\/index.php?rest_route=%2Fwp%2Fv2%2Fmedia&parent=3801"}],"wp:term":[{"taxonomy":"product_brand","embeddable":true,"href":"https:\/\/koraledetale.pl\/index.php?rest_route=%2Fwp%2Fv2%2Fproduct_brand&post=3801"},{"taxonomy":"product_cat","embeddable":true,"href":"https:\/\/koraledetale.pl\/index.php?rest_route=%2Fwp%2Fv2%2Fproduct_cat&post=3801"},{"taxonomy":"product_tag","embeddable":true,"href":"https:\/\/koraledetale.pl\/index.php?rest_route=%2Fwp%2Fv2%2Fproduct_tag&post=3801"}],"curies":[{"name":"wp","href":"https:\/\/api.w.org\/{rel}","templated":true}]}}