{"id":3784,"date":"2023-03-20T08:07:04","date_gmt":"2023-03-20T08:07:04","guid":{"rendered":"https:\/\/koraledetale.pl\/?post_type=product&#038;p=3784"},"modified":"2023-04-21T09:24:55","modified_gmt":"2023-04-21T09:24:55","slug":"naszyjnik-sycylia-ze-spinelami","status":"publish","type":"product","link":"https:\/\/koraledetale.pl\/?product=naszyjnik-sycylia-ze-spinelami","title":{"rendered":"Naszyjnik SYCYLIA ze spinelami"},"content":{"rendered":"<p>Wielko\u015b\u0107 kamieni:<\/p>\n<ul>\n<li>spinel &#8211; 3&#215;2 mm<\/li>\n<li>hematyt &#8211; 2&#215;1 mm i 2 mm.<\/li>\n<\/ul>\n<p>D\u0142ugo\u015b\u0107 naszyjnika: 40,5 &#8211; 45,5 cm + zawieszka 1,7 cm.<\/p>\n","protected":false},"excerpt":{"rendered":"<p>Naszyjnik z oponek spinelu przeplatanych drobnymi hematytami, zasupe\u0142kowanych na mocnej nici jubilerskiej. Zwie\u0144czeniem naszyjnika jest jednostronna zawieszka z czarn\u0105 cyrkoni\u0105 (druga stronna zawieszki jest g\u0142adka).<\/p>\n<p>Wszystkie elementy metalowe wykonane s\u0105 z nieuczulaj\u0105cej stali chirurgicznej (szlachetnej).<\/p>\n","protected":false},"featured_media":3789,"comment_status":"open","ping_status":"closed","template":"","meta":{"advanced_seo_description":"","jetpack_seo_html_title":"","jetpack_seo_noindex":false},"product_brand":[],"product_cat":[229],"product_tag":[605,148,66,1337,1338,39,31],"class_list":{"0":"post-3784","1":"product","2":"type-product","3":"status-publish","4":"has-post-thumbnail","6":"product_cat-sprzedane","7":"product_tag-naszyjnik-z-czarnych-kamieni","8":"product_tag-naszyjnik-z-drobnych-kamieni","9":"product_tag-naszyjnik-z-kamieniami-naturalnymi","10":"product_tag-naszyjnik-ze-spinelami-i-hematytami","11":"product_tag-naszyjnik-ze-spinelami-i-zawieszka","12":"product_tag-spinel","13":"product_tag-zloty-hematyt","15":"first","16":"outofstock","17":"shipping-taxable","18":"purchasable","19":"product-type-simple"},"jetpack_sharing_enabled":true,"_links":{"self":[{"href":"https:\/\/koraledetale.pl\/index.php?rest_route=\/wp\/v2\/product\/3784","targetHints":{"allow":["GET"]}}],"collection":[{"href":"https:\/\/koraledetale.pl\/index.php?rest_route=\/wp\/v2\/product"}],"about":[{"href":"https:\/\/koraledetale.pl\/index.php?rest_route=\/wp\/v2\/types\/product"}],"replies":[{"embeddable":true,"href":"https:\/\/koraledetale.pl\/index.php?rest_route=%2Fwp%2Fv2%2Fcomments&post=3784"}],"wp:featuredmedia":[{"embeddable":true,"href":"https:\/\/koraledetale.pl\/index.php?rest_route=\/wp\/v2\/media\/3789"}],"wp:attachment":[{"href":"https:\/\/koraledetale.pl\/index.php?rest_route=%2Fwp%2Fv2%2Fmedia&parent=3784"}],"wp:term":[{"taxonomy":"product_brand","embeddable":true,"href":"https:\/\/koraledetale.pl\/index.php?rest_route=%2Fwp%2Fv2%2Fproduct_brand&post=3784"},{"taxonomy":"product_cat","embeddable":true,"href":"https:\/\/koraledetale.pl\/index.php?rest_route=%2Fwp%2Fv2%2Fproduct_cat&post=3784"},{"taxonomy":"product_tag","embeddable":true,"href":"https:\/\/koraledetale.pl\/index.php?rest_route=%2Fwp%2Fv2%2Fproduct_tag&post=3784"}],"curies":[{"name":"wp","href":"https:\/\/api.w.org\/{rel}","templated":true}]}}