{"id":3781,"date":"2023-03-16T08:16:10","date_gmt":"2023-03-16T08:16:10","guid":{"rendered":"https:\/\/koraledetale.pl\/?post_type=product&#038;p=3781"},"modified":"2023-03-16T12:13:44","modified_gmt":"2023-03-16T12:13:44","slug":"naszyjnik-waz-z-turmalinami","status":"publish","type":"product","link":"https:\/\/koraledetale.pl\/?product=naszyjnik-waz-z-turmalinami","title":{"rendered":"Naszyjnik W\u0104\u017b z turmalinami"},"content":{"rendered":"<p>Wielko\u015b\u0107 kamieni:<\/p>\n<ul>\n<li>turmaliny \u2013 3\u00d72 mm, 4 (po bokach), 4,5&#215;3 mm,<\/li>\n<li>hematyt \u2013 2\u00d71 mm i 2 mm.<\/li>\n<\/ul>\n<p>D\u0142ugo\u015b\u0107 naszyjnika: 40 cm +zawieszka (z k\u00f3\u0142kiem) 3 cm.<\/p>\n","protected":false},"excerpt":{"rendered":"<p>Zapinany z przodu naszyjnik z kolorowymi turmalinami, z wi\u0119kszymi r\u00f3\u017cowymi (pomi\u0119dzy z\u0142otymi hematytami) po bokach, zasupe\u0142kowanymi na mocnej nici jubilerskiej. Zwie\u0144czeniem naszyjnika jest k\u00f3\u0142ko z prostok\u0105tn\u0105 zawieszk\u0105 z jednostronnym printem przypominaj\u0105cym sk\u00f3r\u0119 w\u0119\u017ca i zawieszka z turmalinu.<\/p>\n<p>Wszystkie elementy metalowe wykonane s\u0105 z nieuczulaj\u0105cej stali chirurgicznej (szlachetnej).<\/p>\n","protected":false},"featured_media":3777,"comment_status":"open","ping_status":"closed","template":"","meta":{"advanced_seo_description":"","jetpack_seo_html_title":"","jetpack_seo_noindex":false},"product_brand":[],"product_cat":[229],"product_tag":[66,187,1335,708,87,31],"class_list":{"0":"post-3781","1":"product","2":"type-product","3":"status-publish","4":"has-post-thumbnail","6":"product_cat-sprzedane","7":"product_tag-naszyjnik-z-kamieniami-naturalnymi","8":"product_tag-naszyjnik-z-kolorowymi-kamieniami","9":"product_tag-naszyjnik-z-turmalinami-i-zawieszkami","10":"product_tag-naszyjnik-zapinany-z-przodu","11":"product_tag-turmalin","12":"product_tag-zloty-hematyt","14":"first","15":"outofstock","16":"shipping-taxable","17":"purchasable","18":"product-type-simple"},"jetpack_sharing_enabled":true,"_links":{"self":[{"href":"https:\/\/koraledetale.pl\/index.php?rest_route=\/wp\/v2\/product\/3781","targetHints":{"allow":["GET"]}}],"collection":[{"href":"https:\/\/koraledetale.pl\/index.php?rest_route=\/wp\/v2\/product"}],"about":[{"href":"https:\/\/koraledetale.pl\/index.php?rest_route=\/wp\/v2\/types\/product"}],"replies":[{"embeddable":true,"href":"https:\/\/koraledetale.pl\/index.php?rest_route=%2Fwp%2Fv2%2Fcomments&post=3781"}],"wp:featuredmedia":[{"embeddable":true,"href":"https:\/\/koraledetale.pl\/index.php?rest_route=\/wp\/v2\/media\/3777"}],"wp:attachment":[{"href":"https:\/\/koraledetale.pl\/index.php?rest_route=%2Fwp%2Fv2%2Fmedia&parent=3781"}],"wp:term":[{"taxonomy":"product_brand","embeddable":true,"href":"https:\/\/koraledetale.pl\/index.php?rest_route=%2Fwp%2Fv2%2Fproduct_brand&post=3781"},{"taxonomy":"product_cat","embeddable":true,"href":"https:\/\/koraledetale.pl\/index.php?rest_route=%2Fwp%2Fv2%2Fproduct_cat&post=3781"},{"taxonomy":"product_tag","embeddable":true,"href":"https:\/\/koraledetale.pl\/index.php?rest_route=%2Fwp%2Fv2%2Fproduct_tag&post=3781"}],"curies":[{"name":"wp","href":"https:\/\/api.w.org\/{rel}","templated":true}]}}