{"id":3775,"date":"2023-03-15T09:55:12","date_gmt":"2023-03-15T09:55:12","guid":{"rendered":"https:\/\/koraledetale.pl\/?post_type=product&#038;p=3775"},"modified":"2023-03-24T13:39:50","modified_gmt":"2023-03-24T13:39:50","slug":"bransoletka-romantyczna-z-malachitem-i-perla","status":"publish","type":"product","link":"https:\/\/koraledetale.pl\/?product=bransoletka-romantyczna-z-malachitem-i-perla","title":{"rendered":"Bransoletka ROMANTYCZNA z malachitem i per\u0142\u0105"},"content":{"rendered":"<p>Wielko\u015b\u0107 kamieni:<\/p>\n<ul>\n<li>malachit &#8211; 3 mm,<\/li>\n<li>per\u0142a &#8211; 6 mm,<\/li>\n<li>hematyt &#8211; 3&#215;2 i 2 mm.<\/li>\n<\/ul>\n<p>D\u0142ugo\u015b\u0107 bransoletki: 16,8 &#8211; 19 cm.<\/p>\n","protected":false},"excerpt":{"rendered":"<p>Bransoletka z fasetowanych malachit\u00f3w z wplecion\u0105 per\u0142\u0105 t\u0119czow\u0105 o zielonej zorzy i z\u0142otymi hematytami oraz zawieszk\u0105 &#8211; s\u0142o\u0144cem. Kamienie zasupe\u0142kowane s\u0105 na mocnej nici jubilerskiej dobranej kolorem do barwy malachit\u00f3w.<\/p>\n<p>Wszystkie elementy metalowe wykonane s\u0105 z nieuczulaj\u0105cej stali chirurgicznej (szlachetnej).<\/p>\n<p>&nbsp;<\/p>\n","protected":false},"featured_media":3772,"comment_status":"open","ping_status":"closed","template":"","meta":{"advanced_seo_description":"","jetpack_seo_html_title":"","jetpack_seo_noindex":false},"product_brand":[],"product_cat":[229],"product_tag":[1330,1331,1332,158,319,295,1333],"class_list":{"0":"post-3775","1":"product","2":"type-product","3":"status-publish","4":"has-post-thumbnail","6":"product_cat-sprzedane","7":"product_tag-bransoletka-z-malachitami-i-perla","8":"product_tag-bransoletka-z-malachitami-i-zawieszka","9":"product_tag-bransoletka-ze-sloncem","10":"product_tag-malachit","11":"product_tag-perla-teczowa","12":"product_tag-supelkowa-bransoletka-z-kamieniami-naturalnymi","13":"product_tag-zlotyhematyt","15":"first","16":"outofstock","17":"shipping-taxable","18":"purchasable","19":"product-type-simple"},"jetpack_sharing_enabled":true,"_links":{"self":[{"href":"https:\/\/koraledetale.pl\/index.php?rest_route=\/wp\/v2\/product\/3775","targetHints":{"allow":["GET"]}}],"collection":[{"href":"https:\/\/koraledetale.pl\/index.php?rest_route=\/wp\/v2\/product"}],"about":[{"href":"https:\/\/koraledetale.pl\/index.php?rest_route=\/wp\/v2\/types\/product"}],"replies":[{"embeddable":true,"href":"https:\/\/koraledetale.pl\/index.php?rest_route=%2Fwp%2Fv2%2Fcomments&post=3775"}],"wp:featuredmedia":[{"embeddable":true,"href":"https:\/\/koraledetale.pl\/index.php?rest_route=\/wp\/v2\/media\/3772"}],"wp:attachment":[{"href":"https:\/\/koraledetale.pl\/index.php?rest_route=%2Fwp%2Fv2%2Fmedia&parent=3775"}],"wp:term":[{"taxonomy":"product_brand","embeddable":true,"href":"https:\/\/koraledetale.pl\/index.php?rest_route=%2Fwp%2Fv2%2Fproduct_brand&post=3775"},{"taxonomy":"product_cat","embeddable":true,"href":"https:\/\/koraledetale.pl\/index.php?rest_route=%2Fwp%2Fv2%2Fproduct_cat&post=3775"},{"taxonomy":"product_tag","embeddable":true,"href":"https:\/\/koraledetale.pl\/index.php?rest_route=%2Fwp%2Fv2%2Fproduct_tag&post=3775"}],"curies":[{"name":"wp","href":"https:\/\/api.w.org\/{rel}","templated":true}]}}