{"id":3768,"date":"2023-03-14T10:35:21","date_gmt":"2023-03-14T10:35:21","guid":{"rendered":"https:\/\/koraledetale.pl\/?post_type=product&#038;p=3768"},"modified":"2023-05-26T17:36:21","modified_gmt":"2023-05-26T17:36:21","slug":"bransoletka-wezuwiusz-z-labradorytami-i-kianitem","status":"publish","type":"product","link":"https:\/\/koraledetale.pl\/?product=bransoletka-wezuwiusz-z-labradorytami-i-kianitem","title":{"rendered":"Bransoletka WEZUWIUSZ z labradorytami i kianitem"},"content":{"rendered":"<p>Wielko\u015b\u0107 kamieni:<\/p>\n<ul>\n<li>labradoryt \u2013 4 mm,<\/li>\n<li>kianit \u2013 6&#215;6 mm,<\/li>\n<li>hematyt \u2013 4\u00d72 mm i 3\u00d72 mm.<\/li>\n<\/ul>\n<p>D\u0142ugo\u015b\u0107 bransoletki: 16,2 &#8211; 18,5 cm.<\/p>\n","protected":false},"excerpt":{"rendered":"<p>Bransoletka z labradoryt\u00f3w z wplecion\u0105 kosteczk\u0105 kianitu i z\u0142otymi hematytami w centrum, zasupe\u0142kowanymi na niebieskiej, mocnej nici jubilerskiej.<\/p>\n<p>Wszystkie elementy metalowe wykonane s\u0105 z nieuczulaj\u0105cej stali chirurgicznej (szlachetnej).<\/p>\n","protected":false},"featured_media":3767,"comment_status":"open","ping_status":"closed","template":"","meta":{"advanced_seo_description":"","jetpack_seo_html_title":"","jetpack_seo_noindex":false},"product_brand":[],"product_cat":[229],"product_tag":[80,1329,1189,323,56,31],"class_list":{"0":"post-3768","1":"product","2":"type-product","3":"status-publish","4":"has-post-thumbnail","6":"product_cat-sprzedane","7":"product_tag-bransoletka-z-kamieniami-naturalnymi","8":"product_tag-bransoletka-z-labradorytami-i-kianitem","9":"product_tag-bransoletka-z-szarymi-kamieniami","10":"product_tag-kianit","11":"product_tag-labradoryt","12":"product_tag-zloty-hematyt","14":"first","15":"outofstock","16":"shipping-taxable","17":"purchasable","18":"product-type-simple"},"jetpack_sharing_enabled":true,"_links":{"self":[{"href":"https:\/\/koraledetale.pl\/index.php?rest_route=\/wp\/v2\/product\/3768","targetHints":{"allow":["GET"]}}],"collection":[{"href":"https:\/\/koraledetale.pl\/index.php?rest_route=\/wp\/v2\/product"}],"about":[{"href":"https:\/\/koraledetale.pl\/index.php?rest_route=\/wp\/v2\/types\/product"}],"replies":[{"embeddable":true,"href":"https:\/\/koraledetale.pl\/index.php?rest_route=%2Fwp%2Fv2%2Fcomments&post=3768"}],"wp:featuredmedia":[{"embeddable":true,"href":"https:\/\/koraledetale.pl\/index.php?rest_route=\/wp\/v2\/media\/3767"}],"wp:attachment":[{"href":"https:\/\/koraledetale.pl\/index.php?rest_route=%2Fwp%2Fv2%2Fmedia&parent=3768"}],"wp:term":[{"taxonomy":"product_brand","embeddable":true,"href":"https:\/\/koraledetale.pl\/index.php?rest_route=%2Fwp%2Fv2%2Fproduct_brand&post=3768"},{"taxonomy":"product_cat","embeddable":true,"href":"https:\/\/koraledetale.pl\/index.php?rest_route=%2Fwp%2Fv2%2Fproduct_cat&post=3768"},{"taxonomy":"product_tag","embeddable":true,"href":"https:\/\/koraledetale.pl\/index.php?rest_route=%2Fwp%2Fv2%2Fproduct_tag&post=3768"}],"curies":[{"name":"wp","href":"https:\/\/api.w.org\/{rel}","templated":true}]}}