{"id":3761,"date":"2023-03-14T10:35:40","date_gmt":"2023-03-14T10:35:40","guid":{"rendered":"https:\/\/koraledetale.pl\/?post_type=product&#038;p=3761"},"modified":"2023-05-05T13:21:40","modified_gmt":"2023-05-05T13:21:40","slug":"bransoletka-pompeje-z-labradorytami-i-apatytami","status":"publish","type":"product","link":"https:\/\/koraledetale.pl\/?product=bransoletka-pompeje-z-labradorytami-i-apatytami","title":{"rendered":"Bransoletka POMPEJE z labradorytami i apatytami"},"content":{"rendered":"<p>Wielko\u015b\u0107 kamieni:<\/p>\n<ul>\n<li>labradoryt &#8211; 4 mm,<\/li>\n<li>apatyt &#8211; 4 mm,<\/li>\n<li>hematyt &#8211; 4&#215;2 mm i 3&#215;2 mm.<\/li>\n<\/ul>\n<p>D\u0142ugo\u015b\u0107 bransoletki: 17,6 &#8211; 19,6 cm.<\/p>\n","protected":false},"excerpt":{"rendered":"<p>Bransoletka z labradoryt\u00f3w z wplecionymi apatytami i z\u0142otymi hematytami, zasupe\u0142kowanymi na turkusowej, mocnej nici jubilerskiej.<\/p>\n<p>Wszystkie elementy metalowe wykonane s\u0105 z nieuczulaj\u0105cej stali chirurgicznej (szlachetnej).<\/p>\n","protected":false},"featured_media":3766,"comment_status":"open","ping_status":"closed","template":"","meta":{"advanced_seo_description":"","jetpack_seo_html_title":"","jetpack_seo_noindex":false},"product_brand":[],"product_cat":[229],"product_tag":[92,80,1328,635,1189,56,31],"class_list":{"0":"post-3761","1":"product","2":"type-product","3":"status-publish","4":"has-post-thumbnail","6":"product_cat-sprzedane","7":"product_tag-apatyt","8":"product_tag-bransoletka-z-kamieniami-naturalnymi","9":"product_tag-bransoletka-z-labradorytami-i-apatytami","10":"product_tag-bransoletka-z-niebieskimi-kamieniami","11":"product_tag-bransoletka-z-szarymi-kamieniami","12":"product_tag-labradoryt","13":"product_tag-zloty-hematyt","15":"first","16":"outofstock","17":"shipping-taxable","18":"purchasable","19":"product-type-simple"},"jetpack_sharing_enabled":true,"_links":{"self":[{"href":"https:\/\/koraledetale.pl\/index.php?rest_route=\/wp\/v2\/product\/3761","targetHints":{"allow":["GET"]}}],"collection":[{"href":"https:\/\/koraledetale.pl\/index.php?rest_route=\/wp\/v2\/product"}],"about":[{"href":"https:\/\/koraledetale.pl\/index.php?rest_route=\/wp\/v2\/types\/product"}],"replies":[{"embeddable":true,"href":"https:\/\/koraledetale.pl\/index.php?rest_route=%2Fwp%2Fv2%2Fcomments&post=3761"}],"wp:featuredmedia":[{"embeddable":true,"href":"https:\/\/koraledetale.pl\/index.php?rest_route=\/wp\/v2\/media\/3766"}],"wp:attachment":[{"href":"https:\/\/koraledetale.pl\/index.php?rest_route=%2Fwp%2Fv2%2Fmedia&parent=3761"}],"wp:term":[{"taxonomy":"product_brand","embeddable":true,"href":"https:\/\/koraledetale.pl\/index.php?rest_route=%2Fwp%2Fv2%2Fproduct_brand&post=3761"},{"taxonomy":"product_cat","embeddable":true,"href":"https:\/\/koraledetale.pl\/index.php?rest_route=%2Fwp%2Fv2%2Fproduct_cat&post=3761"},{"taxonomy":"product_tag","embeddable":true,"href":"https:\/\/koraledetale.pl\/index.php?rest_route=%2Fwp%2Fv2%2Fproduct_tag&post=3761"}],"curies":[{"name":"wp","href":"https:\/\/api.w.org\/{rel}","templated":true}]}}