{"id":3745,"date":"2023-03-06T12:27:19","date_gmt":"2023-03-06T12:27:19","guid":{"rendered":"https:\/\/koraledetale.pl\/?post_type=product&#038;p=3745"},"modified":"2023-03-06T16:45:26","modified_gmt":"2023-03-06T16:45:26","slug":"naszyjnik-peruwianka-z-opalem","status":"publish","type":"product","link":"https:\/\/koraledetale.pl\/?product=naszyjnik-peruwianka-z-opalem","title":{"rendered":"Naszyjnik PERUWIANKA z opalem"},"content":{"rendered":"<p>Wielko\u015b\u0107 kamieni:<\/p>\n<ul>\n<li>opal peruwia\u0144ski \u2013 15\u00d711 mm, 6&#215;5 mm i 5&#215;5 mm,<\/li>\n<li>hematyt \u2013 2\u00d71 mm, 3&#215;2 mm, 4&#215;2 mm i 2 mm.<\/li>\n<\/ul>\n<p>D\u0142ugo\u015b\u0107 naszyjnika \u2013 86 cm + zawieszka (kamie\u0144 z \u0142a\u0144cuszkami) &#8211; 9,5 cm.<\/p>\n","protected":false},"excerpt":{"rendered":"<p>D\u0142ugi \u0142a\u0144cuszek z opalami peruwia\u0144skimi i z\u0142otymi hematytami.<\/p>\n<p>Wszystkie elementy metalowe wykonane s\u0105 z nieuczulaj\u0105cej stali chirurgicznej (szlachetnej).<\/p>\n","protected":false},"featured_media":3742,"comment_status":"open","ping_status":"closed","template":"","meta":{"advanced_seo_description":"","jetpack_seo_html_title":"","jetpack_seo_noindex":false},"product_brand":[],"product_cat":[229],"product_tag":[1323,1321,31,1322],"class_list":{"0":"post-3745","1":"product","2":"type-product","3":"status-publish","4":"has-post-thumbnail","6":"product_cat-sprzedane","7":"product_tag-dlugi-lancuszek-z-rozowymi-kamieniami","8":"product_tag-opal-peruwianski","9":"product_tag-zloty-hematyt","10":"product_tag-lancuszek-z-opalami-peruwianskimi","12":"first","13":"outofstock","14":"shipping-taxable","15":"purchasable","16":"product-type-simple"},"jetpack_sharing_enabled":true,"_links":{"self":[{"href":"https:\/\/koraledetale.pl\/index.php?rest_route=\/wp\/v2\/product\/3745","targetHints":{"allow":["GET"]}}],"collection":[{"href":"https:\/\/koraledetale.pl\/index.php?rest_route=\/wp\/v2\/product"}],"about":[{"href":"https:\/\/koraledetale.pl\/index.php?rest_route=\/wp\/v2\/types\/product"}],"replies":[{"embeddable":true,"href":"https:\/\/koraledetale.pl\/index.php?rest_route=%2Fwp%2Fv2%2Fcomments&post=3745"}],"wp:featuredmedia":[{"embeddable":true,"href":"https:\/\/koraledetale.pl\/index.php?rest_route=\/wp\/v2\/media\/3742"}],"wp:attachment":[{"href":"https:\/\/koraledetale.pl\/index.php?rest_route=%2Fwp%2Fv2%2Fmedia&parent=3745"}],"wp:term":[{"taxonomy":"product_brand","embeddable":true,"href":"https:\/\/koraledetale.pl\/index.php?rest_route=%2Fwp%2Fv2%2Fproduct_brand&post=3745"},{"taxonomy":"product_cat","embeddable":true,"href":"https:\/\/koraledetale.pl\/index.php?rest_route=%2Fwp%2Fv2%2Fproduct_cat&post=3745"},{"taxonomy":"product_tag","embeddable":true,"href":"https:\/\/koraledetale.pl\/index.php?rest_route=%2Fwp%2Fv2%2Fproduct_tag&post=3745"}],"curies":[{"name":"wp","href":"https:\/\/api.w.org\/{rel}","templated":true}]}}