{"id":3744,"date":"2023-03-06T12:18:24","date_gmt":"2023-03-06T12:18:24","guid":{"rendered":"https:\/\/koraledetale.pl\/?post_type=product&#038;p=3744"},"modified":"2024-09-22T06:05:58","modified_gmt":"2024-09-22T06:05:58","slug":"kolczyki-peruwianka-z-opalem","status":"publish","type":"product","link":"https:\/\/koraledetale.pl\/?product=kolczyki-peruwianka-z-opalem","title":{"rendered":"Kolczyki PERUWIANKA z opalem"},"content":{"rendered":"<p>Wielko\u015b\u0107 kamieni:<\/p>\n<ul>\n<li>opal peruwia\u0144ski &#8211; 15&#215;11 mm,<\/li>\n<li>hematyt &#8211; 2&#215;1 mm.<\/li>\n<\/ul>\n<p>D\u0142ugo\u015b\u0107 kolczyk\u00f3w &#8211; 10,5 cm.<\/p>\n","protected":false},"excerpt":{"rendered":"<p>D\u0142ugie kolczyki z opalem peruwia\u0144skim i \u0142a\u0144cuszkami, zawieszonymi na biglach angielskich.<\/p>\n<p>Wszystkie elementy metalowe wykonane s\u0105 z nieuczulaj\u0105cej stali chirurgicznej (szlachetnej).<\/p>\n","protected":false},"featured_media":3740,"comment_status":"open","ping_status":"closed","template":"","meta":{"advanced_seo_description":"","jetpack_seo_html_title":"","jetpack_seo_noindex":false},"product_brand":[],"product_cat":[229],"product_tag":[1319,1320,834,866,1321],"class_list":{"0":"post-3744","1":"product","2":"type-product","3":"status-publish","4":"has-post-thumbnail","6":"product_cat-sprzedane","7":"product_tag-dlugie-kolczyki-z-opalem-peruwianskim","8":"product_tag-dlugie-kolczyki-z-rozowymi-kamieniami","9":"product_tag-dlugie-kolczyki-ze-stali-chirurgicznej","10":"product_tag-dlugie-kolczyki-ze-stali-szlachetnej","11":"product_tag-opal-peruwianski","13":"first","14":"outofstock","15":"shipping-taxable","16":"purchasable","17":"product-type-simple"},"jetpack_sharing_enabled":true,"_links":{"self":[{"href":"https:\/\/koraledetale.pl\/index.php?rest_route=\/wp\/v2\/product\/3744","targetHints":{"allow":["GET"]}}],"collection":[{"href":"https:\/\/koraledetale.pl\/index.php?rest_route=\/wp\/v2\/product"}],"about":[{"href":"https:\/\/koraledetale.pl\/index.php?rest_route=\/wp\/v2\/types\/product"}],"replies":[{"embeddable":true,"href":"https:\/\/koraledetale.pl\/index.php?rest_route=%2Fwp%2Fv2%2Fcomments&post=3744"}],"wp:featuredmedia":[{"embeddable":true,"href":"https:\/\/koraledetale.pl\/index.php?rest_route=\/wp\/v2\/media\/3740"}],"wp:attachment":[{"href":"https:\/\/koraledetale.pl\/index.php?rest_route=%2Fwp%2Fv2%2Fmedia&parent=3744"}],"wp:term":[{"taxonomy":"product_brand","embeddable":true,"href":"https:\/\/koraledetale.pl\/index.php?rest_route=%2Fwp%2Fv2%2Fproduct_brand&post=3744"},{"taxonomy":"product_cat","embeddable":true,"href":"https:\/\/koraledetale.pl\/index.php?rest_route=%2Fwp%2Fv2%2Fproduct_cat&post=3744"},{"taxonomy":"product_tag","embeddable":true,"href":"https:\/\/koraledetale.pl\/index.php?rest_route=%2Fwp%2Fv2%2Fproduct_tag&post=3744"}],"curies":[{"name":"wp","href":"https:\/\/api.w.org\/{rel}","templated":true}]}}