{"id":3722,"date":"2023-03-01T07:41:17","date_gmt":"2023-03-01T07:41:17","guid":{"rendered":"https:\/\/koraledetale.pl\/?post_type=product&#038;p=3722"},"modified":"2023-04-06T20:32:15","modified_gmt":"2023-04-06T20:32:15","slug":"bransoletka-bursztynowy-kiel-z-sodalitem","status":"publish","type":"product","link":"https:\/\/koraledetale.pl\/?product=bransoletka-bursztynowy-kiel-z-sodalitem","title":{"rendered":"Bransoletka BURSZTYNOWY KIE\u0141 z sodalitem"},"content":{"rendered":"<p>Wielko\u015b\u0107 kamieni:<\/p>\n<ul>\n<li>sodalit \u2013 4\u00d73,5 mm,<\/li>\n<li>bursztyn \u2013 13,5\u00d73,5 mm,<\/li>\n<li>hematyt \u2013 3\u00d72 i 2 mm.<\/li>\n<\/ul>\n<p>D\u0142ugo\u015b\u0107 bransoletki: 16,8 &#8211; 19,8 cm.<\/p>\n","protected":false},"excerpt":{"rendered":"<p>Bransoletka z sodalit\u00f3w przeplatanych jasnoz\u0142otymi hematytami, z surowym bursztynem w centrum.<\/p>\n<p>Wszystkie elementy metalowe wykonane s\u0105 z nieuczulaj\u0105cej stali chirurgicznej (szlachetnej).<\/p>\n","protected":false},"featured_media":3717,"comment_status":"open","ping_status":"closed","template":"","meta":{"advanced_seo_description":"","jetpack_seo_html_title":"","jetpack_seo_noindex":false},"product_brand":[],"product_cat":[229],"product_tag":[133,340,1312,1136,67,1003],"class_list":{"0":"post-3722","1":"product","2":"type-product","3":"status-publish","4":"has-post-thumbnail","6":"product_cat-sprzedane","7":"product_tag-bransoletka-z-kamieni-naturalnych","8":"product_tag-bransoletka-z-niebieskich-kamieni","9":"product_tag-bransoletka-z-sodalitow-i-bursztynu","10":"product_tag-bursztyn","11":"product_tag-hematyt","12":"product_tag-sodalit","14":"first","15":"outofstock","16":"shipping-taxable","17":"purchasable","18":"product-type-simple"},"jetpack_sharing_enabled":true,"_links":{"self":[{"href":"https:\/\/koraledetale.pl\/index.php?rest_route=\/wp\/v2\/product\/3722","targetHints":{"allow":["GET"]}}],"collection":[{"href":"https:\/\/koraledetale.pl\/index.php?rest_route=\/wp\/v2\/product"}],"about":[{"href":"https:\/\/koraledetale.pl\/index.php?rest_route=\/wp\/v2\/types\/product"}],"replies":[{"embeddable":true,"href":"https:\/\/koraledetale.pl\/index.php?rest_route=%2Fwp%2Fv2%2Fcomments&post=3722"}],"wp:featuredmedia":[{"embeddable":true,"href":"https:\/\/koraledetale.pl\/index.php?rest_route=\/wp\/v2\/media\/3717"}],"wp:attachment":[{"href":"https:\/\/koraledetale.pl\/index.php?rest_route=%2Fwp%2Fv2%2Fmedia&parent=3722"}],"wp:term":[{"taxonomy":"product_brand","embeddable":true,"href":"https:\/\/koraledetale.pl\/index.php?rest_route=%2Fwp%2Fv2%2Fproduct_brand&post=3722"},{"taxonomy":"product_cat","embeddable":true,"href":"https:\/\/koraledetale.pl\/index.php?rest_route=%2Fwp%2Fv2%2Fproduct_cat&post=3722"},{"taxonomy":"product_tag","embeddable":true,"href":"https:\/\/koraledetale.pl\/index.php?rest_route=%2Fwp%2Fv2%2Fproduct_tag&post=3722"}],"curies":[{"name":"wp","href":"https:\/\/api.w.org\/{rel}","templated":true}]}}