{"id":3721,"date":"2023-03-01T07:36:09","date_gmt":"2023-03-01T07:36:09","guid":{"rendered":"https:\/\/koraledetale.pl\/?post_type=product&#038;p=3721"},"modified":"2024-04-03T14:30:04","modified_gmt":"2024-04-03T14:30:04","slug":"naszyjnik-bursztynowy-kiel-z-sodalitem","status":"publish","type":"product","link":"https:\/\/koraledetale.pl\/?product=naszyjnik-bursztynowy-kiel-z-sodalitem","title":{"rendered":"Naszyjnik BURSZTYNOWY KIE\u0141 z sodalitem"},"content":{"rendered":"<p>Wielko\u015b\u0107 kamieni:<\/p>\n<ul>\n<li>sodalit &#8211; 4&#215;3,5 mm,<\/li>\n<li>bursztyn &#8211; 38&#215;7 mm,<\/li>\n<li>hematyt &#8211; 3&#215;2 i 2 mm.<\/li>\n<\/ul>\n<p>D\u0142ugo\u015b\u0107 naszyjnika: 45 &#8211; 49 cm.<\/p>\n","protected":false},"excerpt":{"rendered":"<p>Naszyjnik z sodalit\u00f3w przeplatanych jasnoz\u0142otymi hematytami, z zawieszk\u0105 &#8211; surowym bursztynem.<\/p>\n<p>Wszystkie elementy metalowe wykonane s\u0105 z nieuczulaj\u0105cej stali chirurgicznej (szlachetnej).<\/p>\n","protected":false},"featured_media":3719,"comment_status":"open","ping_status":"closed","template":"","meta":{"advanced_seo_description":"","jetpack_seo_html_title":"","jetpack_seo_noindex":false},"product_brand":[],"product_cat":[229],"product_tag":[1136,154,21,321,1311,1003],"class_list":{"0":"post-3721","1":"product","2":"type-product","3":"status-publish","4":"has-post-thumbnail","6":"product_cat-sprzedane","7":"product_tag-bursztyn","8":"product_tag-jasnozloty-hematyt","9":"product_tag-naszyjnik-z-kamieni-naturalnych","10":"product_tag-naszyjnik-z-niebieskich-kamieni","11":"product_tag-naszyjnik-z-sodalitow-z-bursztynem","12":"product_tag-sodalit","14":"first","15":"outofstock","16":"shipping-taxable","17":"purchasable","18":"product-type-simple"},"jetpack_sharing_enabled":true,"_links":{"self":[{"href":"https:\/\/koraledetale.pl\/index.php?rest_route=\/wp\/v2\/product\/3721","targetHints":{"allow":["GET"]}}],"collection":[{"href":"https:\/\/koraledetale.pl\/index.php?rest_route=\/wp\/v2\/product"}],"about":[{"href":"https:\/\/koraledetale.pl\/index.php?rest_route=\/wp\/v2\/types\/product"}],"replies":[{"embeddable":true,"href":"https:\/\/koraledetale.pl\/index.php?rest_route=%2Fwp%2Fv2%2Fcomments&post=3721"}],"wp:featuredmedia":[{"embeddable":true,"href":"https:\/\/koraledetale.pl\/index.php?rest_route=\/wp\/v2\/media\/3719"}],"wp:attachment":[{"href":"https:\/\/koraledetale.pl\/index.php?rest_route=%2Fwp%2Fv2%2Fmedia&parent=3721"}],"wp:term":[{"taxonomy":"product_brand","embeddable":true,"href":"https:\/\/koraledetale.pl\/index.php?rest_route=%2Fwp%2Fv2%2Fproduct_brand&post=3721"},{"taxonomy":"product_cat","embeddable":true,"href":"https:\/\/koraledetale.pl\/index.php?rest_route=%2Fwp%2Fv2%2Fproduct_cat&post=3721"},{"taxonomy":"product_tag","embeddable":true,"href":"https:\/\/koraledetale.pl\/index.php?rest_route=%2Fwp%2Fv2%2Fproduct_tag&post=3721"}],"curies":[{"name":"wp","href":"https:\/\/api.w.org\/{rel}","templated":true}]}}