{"id":3713,"date":"2023-02-27T16:59:36","date_gmt":"2023-02-27T16:59:36","guid":{"rendered":"https:\/\/koraledetale.pl\/?post_type=product&#038;p=3713"},"modified":"2023-05-22T08:56:34","modified_gmt":"2023-05-22T08:56:34","slug":"bransoletka-etiopska-z-apatytem-i-opalem","status":"publish","type":"product","link":"https:\/\/koraledetale.pl\/?product=bransoletka-etiopska-z-apatytem-i-opalem","title":{"rendered":"Bransoletka ETIOPSKA z apatytem i opalem"},"content":{"rendered":"<p>Wielko\u015b\u0107 kamieni:<\/p>\n<ul>\n<li>apatyt \u2013 2 mm,<\/li>\n<li>opal &#8211; ok. 3&#215;1 mm,<\/li>\n<li>\u00a0hematyt \u2013 2\u00d71 mm.<\/li>\n<\/ul>\n<p>D\u0142ugo\u015b\u0107 bransoletki: 15,8 \u2013 19 cm.<\/p>\n","protected":false},"excerpt":{"rendered":"<p>Bransoletka z drobnymi apatytami, z wplecionymi opalami etiopskimi, oraz dodatkiem z\u0142otych hematyt\u00f3w. Kamienie\u00a0 zasupe\u0142kowane s\u0105 na mocnej nici jubilerskiej.<\/p>\n<p>Wszystkie elementy metalowe wykonane s\u0105 z nieuczulaj\u0105cej stali chirurgicznej.<\/p>\n","protected":false},"featured_media":3708,"comment_status":"open","ping_status":"closed","template":"","meta":{"advanced_seo_description":"","jetpack_seo_html_title":"","jetpack_seo_noindex":false},"product_brand":[],"product_cat":[229],"product_tag":[],"class_list":{"0":"post-3713","1":"product","2":"type-product","3":"status-publish","4":"has-post-thumbnail","6":"product_cat-sprzedane","8":"first","9":"outofstock","10":"shipping-taxable","11":"purchasable","12":"product-type-simple"},"jetpack_sharing_enabled":true,"_links":{"self":[{"href":"https:\/\/koraledetale.pl\/index.php?rest_route=\/wp\/v2\/product\/3713","targetHints":{"allow":["GET"]}}],"collection":[{"href":"https:\/\/koraledetale.pl\/index.php?rest_route=\/wp\/v2\/product"}],"about":[{"href":"https:\/\/koraledetale.pl\/index.php?rest_route=\/wp\/v2\/types\/product"}],"replies":[{"embeddable":true,"href":"https:\/\/koraledetale.pl\/index.php?rest_route=%2Fwp%2Fv2%2Fcomments&post=3713"}],"wp:featuredmedia":[{"embeddable":true,"href":"https:\/\/koraledetale.pl\/index.php?rest_route=\/wp\/v2\/media\/3708"}],"wp:attachment":[{"href":"https:\/\/koraledetale.pl\/index.php?rest_route=%2Fwp%2Fv2%2Fmedia&parent=3713"}],"wp:term":[{"taxonomy":"product_brand","embeddable":true,"href":"https:\/\/koraledetale.pl\/index.php?rest_route=%2Fwp%2Fv2%2Fproduct_brand&post=3713"},{"taxonomy":"product_cat","embeddable":true,"href":"https:\/\/koraledetale.pl\/index.php?rest_route=%2Fwp%2Fv2%2Fproduct_cat&post=3713"},{"taxonomy":"product_tag","embeddable":true,"href":"https:\/\/koraledetale.pl\/index.php?rest_route=%2Fwp%2Fv2%2Fproduct_tag&post=3713"}],"curies":[{"name":"wp","href":"https:\/\/api.w.org\/{rel}","templated":true}]}}