{"id":3704,"date":"2023-02-27T10:24:54","date_gmt":"2023-02-27T10:24:54","guid":{"rendered":"https:\/\/koraledetale.pl\/?post_type=product&#038;p=3704"},"modified":"2023-03-01T07:24:19","modified_gmt":"2023-03-01T07:24:19","slug":"bransoletka-2","status":"publish","type":"product","link":"https:\/\/koraledetale.pl\/?product=bransoletka-2","title":{"rendered":"Bransoletka MAGIA  z per\u0142ami i koralem"},"content":{"rendered":"<p>Wielko\u015b\u0107 kamieni:<\/p>\n<ul>\n<li>per\u0142a &#8211; ok. 4&#215;3 mm,<\/li>\n<li>koral &#8211; ok. 6&#215;3,5 mm i 4&#215;3 mm,<\/li>\n<li>\u00a0hematyt &#8211; 3&#215;2 mm i 3 mm (zawieszki).<\/li>\n<\/ul>\n<p>D\u0142ugo\u015b\u0107 bransoletki: 16,5 &#8211; 18,8 cm.<\/p>\n","protected":false},"excerpt":{"rendered":"<p>Bransoletka z per\u0142ami przeplatanymi koralem i z\u0142otymi hematytami, zasupe\u0142kowana na jedwabnej nici, z wplecion\u0105 zawieszk\u0105 z br\u0105zowego hematytu. Taka sama zawieszka zwie\u0144cza te\u017c przed\u0142u\u017ck\u0119.<\/p>\n<p>Wszystkie elementy metalowe wykonane s\u0105 z nieuczulaj\u0105cej stali chirurgicznej (szlachetnej).<\/p>\n","protected":false},"featured_media":3701,"comment_status":"open","ping_status":"closed","template":"","meta":{"advanced_seo_description":"","jetpack_seo_html_title":"","jetpack_seo_noindex":false},"product_brand":[],"product_cat":[229],"product_tag":[1305,1304,67,1307,82,57,1306],"class_list":{"0":"post-3704","1":"product","2":"type-product","3":"status-publish","4":"has-post-thumbnail","6":"product_cat-sprzedane","7":"product_tag-bransoletka-na-jedwabnej-nici","8":"product_tag-bransoletka-z-perlami-i-koralem","9":"product_tag-hematyt","10":"product_tag-jedwabna-bransoletka-z-perlami-i-zawieszkami","11":"product_tag-koral","12":"product_tag-perla","13":"product_tag-perlowa-bransoletka","15":"first","16":"outofstock","17":"shipping-taxable","18":"purchasable","19":"product-type-simple"},"jetpack_sharing_enabled":true,"_links":{"self":[{"href":"https:\/\/koraledetale.pl\/index.php?rest_route=\/wp\/v2\/product\/3704","targetHints":{"allow":["GET"]}}],"collection":[{"href":"https:\/\/koraledetale.pl\/index.php?rest_route=\/wp\/v2\/product"}],"about":[{"href":"https:\/\/koraledetale.pl\/index.php?rest_route=\/wp\/v2\/types\/product"}],"replies":[{"embeddable":true,"href":"https:\/\/koraledetale.pl\/index.php?rest_route=%2Fwp%2Fv2%2Fcomments&post=3704"}],"wp:featuredmedia":[{"embeddable":true,"href":"https:\/\/koraledetale.pl\/index.php?rest_route=\/wp\/v2\/media\/3701"}],"wp:attachment":[{"href":"https:\/\/koraledetale.pl\/index.php?rest_route=%2Fwp%2Fv2%2Fmedia&parent=3704"}],"wp:term":[{"taxonomy":"product_brand","embeddable":true,"href":"https:\/\/koraledetale.pl\/index.php?rest_route=%2Fwp%2Fv2%2Fproduct_brand&post=3704"},{"taxonomy":"product_cat","embeddable":true,"href":"https:\/\/koraledetale.pl\/index.php?rest_route=%2Fwp%2Fv2%2Fproduct_cat&post=3704"},{"taxonomy":"product_tag","embeddable":true,"href":"https:\/\/koraledetale.pl\/index.php?rest_route=%2Fwp%2Fv2%2Fproduct_tag&post=3704"}],"curies":[{"name":"wp","href":"https:\/\/api.w.org\/{rel}","templated":true}]}}