{"id":3699,"date":"2023-02-27T10:04:18","date_gmt":"2023-02-27T10:04:18","guid":{"rendered":"https:\/\/koraledetale.pl\/?post_type=product&#038;p=3699"},"modified":"2023-05-14T18:33:33","modified_gmt":"2023-05-14T18:33:33","slug":"naszyjnik-supernowa-z-perlami","status":"publish","type":"product","link":"https:\/\/koraledetale.pl\/?product=naszyjnik-supernowa-z-perlami","title":{"rendered":"Naszyjnik SUPERNOWA z per\u0142ami"},"content":{"rendered":"<p>Wielko\u015b\u0107 kamieni:<\/p>\n<ul>\n<li>per\u0142a &#8211; ok. 8&#215;6 mm,<\/li>\n<li>hematyt &#8211; 3&#215;2 mm.<\/li>\n<\/ul>\n<p>D\u0142ugo\u015b\u0107 naszyjnika: 41 &#8211; 50 cm + zawieszka 3 cm.<\/p>\n","protected":false},"excerpt":{"rendered":"<p>Naszyjnik z nieregularnych pere\u0142 t\u0119czowych zasupe\u0142kowanych, wraz ze z\u0142otymi hematytami i ozdobnym elementem, na czerwonej, mocnej nici jubilerskiej. Zwie\u0144czeniem naszyjnika jest zjawiskowa, du\u017ca, a\u017curowa luna z zawieszk\u0105 &#8211; per\u0142\u0105. W sznur pere\u0142 wpleciona jest gwiazda zdobiona drobnymi kuleczkami (jednostronnie, druga strona jest g\u0142adka). Dzi\u0119ki ozdobnemu \u0142a\u0144cuchowi o spinaczowych oczkach, naszyjnik posiada spor\u0105 regulacj\u0119 d\u0142ugo\u015bci.<\/p>\n<p>Wszystkie elementy metalowe wykonane s\u0105 z nieuczulaj\u0105cej stali chirurgicznej (szlachetnej).<\/p>\n<p>&nbsp;<\/p>\n","protected":false},"featured_media":3703,"comment_status":"open","ping_status":"closed","template":"","meta":{"advanced_seo_description":"","jetpack_seo_html_title":"","jetpack_seo_noindex":false},"product_brand":[],"product_cat":[229],"product_tag":[687,757,1303,1302,1301,1300,319,31],"class_list":{"0":"post-3699","1":"product","2":"type-product","3":"status-publish","4":"has-post-thumbnail","6":"product_cat-sprzedane","7":"product_tag-luna","8":"product_tag-lunula","9":"product_tag-naszyjnik-z-ksiezycem-i-perlami","10":"product_tag-naszyjnik-z-lunula-i-perlami","11":"product_tag-naszyjnik-z-perlami-i-luna","12":"product_tag-naszyjnik-z-perlami-teczpwymi","13":"product_tag-perla-teczowa","14":"product_tag-zloty-hematyt","16":"first","17":"outofstock","18":"shipping-taxable","19":"purchasable","20":"product-type-simple"},"jetpack_sharing_enabled":true,"_links":{"self":[{"href":"https:\/\/koraledetale.pl\/index.php?rest_route=\/wp\/v2\/product\/3699","targetHints":{"allow":["GET"]}}],"collection":[{"href":"https:\/\/koraledetale.pl\/index.php?rest_route=\/wp\/v2\/product"}],"about":[{"href":"https:\/\/koraledetale.pl\/index.php?rest_route=\/wp\/v2\/types\/product"}],"replies":[{"embeddable":true,"href":"https:\/\/koraledetale.pl\/index.php?rest_route=%2Fwp%2Fv2%2Fcomments&post=3699"}],"wp:featuredmedia":[{"embeddable":true,"href":"https:\/\/koraledetale.pl\/index.php?rest_route=\/wp\/v2\/media\/3703"}],"wp:attachment":[{"href":"https:\/\/koraledetale.pl\/index.php?rest_route=%2Fwp%2Fv2%2Fmedia&parent=3699"}],"wp:term":[{"taxonomy":"product_brand","embeddable":true,"href":"https:\/\/koraledetale.pl\/index.php?rest_route=%2Fwp%2Fv2%2Fproduct_brand&post=3699"},{"taxonomy":"product_cat","embeddable":true,"href":"https:\/\/koraledetale.pl\/index.php?rest_route=%2Fwp%2Fv2%2Fproduct_cat&post=3699"},{"taxonomy":"product_tag","embeddable":true,"href":"https:\/\/koraledetale.pl\/index.php?rest_route=%2Fwp%2Fv2%2Fproduct_tag&post=3699"}],"curies":[{"name":"wp","href":"https:\/\/api.w.org\/{rel}","templated":true}]}}