{"id":3684,"date":"2023-02-14T07:27:12","date_gmt":"2023-02-14T07:27:12","guid":{"rendered":"https:\/\/koraledetale.pl\/?post_type=product&#038;p=3684"},"modified":"2025-02-15T10:48:32","modified_gmt":"2025-02-15T10:48:32","slug":"kolczyki-nomad-z-chalcedonem","status":"publish","type":"product","link":"https:\/\/koraledetale.pl\/?product=kolczyki-nomad-z-chalcedonem","title":{"rendered":"Kolczyki NOMAD z chalcedonem"},"content":{"rendered":"<p>Wielko\u015b\u0107 chalcedonu: 12&#215;7 mm.<\/p>\n<p>D\u0142ugo\u015b\u0107 kolczyk\u00f3w \u2013 9,3 cm.<\/p>\n","protected":false},"excerpt":{"rendered":"<p>Bardzo d\u0142ugie kolczyki z elementem w kszta\u0142cie wachlarzu z promieniami s\u0142o\u0144ca i fasetowan\u0105 kropl\u0105 r\u00f3\u017cowego chalcedonu, zawieszonymi na \u0142a\u0144cuszku i biglach angielskich.<\/p>\n<p>Elementy metalowe wykonane s\u0105 z nieuczulaj\u0105cej stali chirurgicznej (szlachetnej) w kolorze z\u0142otym, opr\u00f3cz drucika miedzianego, na kt\u00f3rym zawieszony jest kamie\u0144.<\/p>\n","protected":false},"featured_media":3609,"comment_status":"open","ping_status":"closed","template":"","meta":{"advanced_seo_description":"","jetpack_seo_html_title":"","jetpack_seo_noindex":false},"product_brand":[],"product_cat":[229],"product_tag":[439,1298,834,866,869],"class_list":{"0":"post-3684","1":"product","2":"type-product","3":"status-publish","4":"has-post-thumbnail","6":"product_cat-sprzedane","7":"product_tag-chalcedon","8":"product_tag-dlugie-kolczyki-z-rozowymi-chalcedonami","9":"product_tag-dlugie-kolczyki-ze-stali-chirurgicznej","10":"product_tag-dlugie-kolczyki-ze-stali-szlachetnej","11":"product_tag-slonce","13":"first","14":"outofstock","15":"shipping-taxable","16":"product-type-simple"},"jetpack_sharing_enabled":true,"_links":{"self":[{"href":"https:\/\/koraledetale.pl\/index.php?rest_route=\/wp\/v2\/product\/3684","targetHints":{"allow":["GET"]}}],"collection":[{"href":"https:\/\/koraledetale.pl\/index.php?rest_route=\/wp\/v2\/product"}],"about":[{"href":"https:\/\/koraledetale.pl\/index.php?rest_route=\/wp\/v2\/types\/product"}],"replies":[{"embeddable":true,"href":"https:\/\/koraledetale.pl\/index.php?rest_route=%2Fwp%2Fv2%2Fcomments&post=3684"}],"wp:featuredmedia":[{"embeddable":true,"href":"https:\/\/koraledetale.pl\/index.php?rest_route=\/wp\/v2\/media\/3609"}],"wp:attachment":[{"href":"https:\/\/koraledetale.pl\/index.php?rest_route=%2Fwp%2Fv2%2Fmedia&parent=3684"}],"wp:term":[{"taxonomy":"product_brand","embeddable":true,"href":"https:\/\/koraledetale.pl\/index.php?rest_route=%2Fwp%2Fv2%2Fproduct_brand&post=3684"},{"taxonomy":"product_cat","embeddable":true,"href":"https:\/\/koraledetale.pl\/index.php?rest_route=%2Fwp%2Fv2%2Fproduct_cat&post=3684"},{"taxonomy":"product_tag","embeddable":true,"href":"https:\/\/koraledetale.pl\/index.php?rest_route=%2Fwp%2Fv2%2Fproduct_tag&post=3684"}],"curies":[{"name":"wp","href":"https:\/\/api.w.org\/{rel}","templated":true}]}}