{"id":3683,"date":"2023-02-14T07:27:06","date_gmt":"2023-02-14T07:27:06","guid":{"rendered":"https:\/\/koraledetale.pl\/?post_type=product&#038;p=3683"},"modified":"2025-02-15T10:48:44","modified_gmt":"2025-02-15T10:48:44","slug":"kolczyki-nomad-z-luna-i-gwiazda","status":"publish","type":"product","link":"https:\/\/koraledetale.pl\/?product=kolczyki-nomad-z-luna-i-gwiazda","title":{"rendered":"Kolczyki NOMAD z lun\u0105 i gwiazd\u0105"},"content":{"rendered":"<p>D\u0142ugo\u015b\u0107 kolczyk\u00f3w \u2013 6,6 cm.<\/p>\n","protected":false},"excerpt":{"rendered":"<p>D\u0142ugie kolczyki z okr\u0105gym elementem, du\u017c\u0105, a\u017curow\u0105 lunul\u0105 i gwiazd\u0105, zawieszonymi na biglach angielskich.<\/p>\n<p>Wszystkie elementy metalowe wykonane s\u0105 z nieuczulaj\u0105cej stali chirurgicznej (szlachetnej) w kolorze z\u0142otym.<\/p>\n","protected":false},"featured_media":3624,"comment_status":"open","ping_status":"closed","template":"","meta":{"advanced_seo_description":"","jetpack_seo_html_title":"","jetpack_seo_noindex":false},"product_brand":[],"product_cat":[229],"product_tag":[1296,834,866,1297,1116,789,501,687,757],"class_list":{"0":"post-3683","1":"product","2":"type-product","3":"status-publish","4":"has-post-thumbnail","6":"product_cat-sprzedane","7":"product_tag-dlugie-kolczyki-z-lunula-i-gwiazda","8":"product_tag-dlugie-kolczyki-ze-stali-chirurgicznej","9":"product_tag-dlugie-kolczyki-ze-stali-szlachetnej","10":"product_tag-dlugie-kolczykiz-gwiazdkami-i-luna","11":"product_tag-gwiazda","12":"product_tag-gwiazdka","13":"product_tag-ksiezyc","14":"product_tag-luna","15":"product_tag-lunula","17":"first","18":"outofstock","19":"shipping-taxable","20":"product-type-simple"},"jetpack_sharing_enabled":true,"_links":{"self":[{"href":"https:\/\/koraledetale.pl\/index.php?rest_route=\/wp\/v2\/product\/3683","targetHints":{"allow":["GET"]}}],"collection":[{"href":"https:\/\/koraledetale.pl\/index.php?rest_route=\/wp\/v2\/product"}],"about":[{"href":"https:\/\/koraledetale.pl\/index.php?rest_route=\/wp\/v2\/types\/product"}],"replies":[{"embeddable":true,"href":"https:\/\/koraledetale.pl\/index.php?rest_route=%2Fwp%2Fv2%2Fcomments&post=3683"}],"wp:featuredmedia":[{"embeddable":true,"href":"https:\/\/koraledetale.pl\/index.php?rest_route=\/wp\/v2\/media\/3624"}],"wp:attachment":[{"href":"https:\/\/koraledetale.pl\/index.php?rest_route=%2Fwp%2Fv2%2Fmedia&parent=3683"}],"wp:term":[{"taxonomy":"product_brand","embeddable":true,"href":"https:\/\/koraledetale.pl\/index.php?rest_route=%2Fwp%2Fv2%2Fproduct_brand&post=3683"},{"taxonomy":"product_cat","embeddable":true,"href":"https:\/\/koraledetale.pl\/index.php?rest_route=%2Fwp%2Fv2%2Fproduct_cat&post=3683"},{"taxonomy":"product_tag","embeddable":true,"href":"https:\/\/koraledetale.pl\/index.php?rest_route=%2Fwp%2Fv2%2Fproduct_tag&post=3683"}],"curies":[{"name":"wp","href":"https:\/\/api.w.org\/{rel}","templated":true}]}}