{"id":3680,"date":"2023-02-14T07:27:25","date_gmt":"2023-02-14T07:27:25","guid":{"rendered":"https:\/\/koraledetale.pl\/?post_type=product&#038;p=3680"},"modified":"2025-06-18T14:29:36","modified_gmt":"2025-06-18T14:29:36","slug":"kolczyki-nomad-z-awenturynami","status":"publish","type":"product","link":"https:\/\/koraledetale.pl\/?product=kolczyki-nomad-z-awenturynami","title":{"rendered":"Kolczyki NOMAD z awenturynami"},"content":{"rendered":"<p>Wielko\u015b\u0107 awenturyn\u00f3w &#8211; 12x10x5,5 mm.<\/p>\n<p>D\u0142ugo\u015b\u0107 kolczyk\u00f3w &#8211; 5,1 cm.<\/p>\n","protected":false},"excerpt":{"rendered":"<p>D\u0142ugie kolczyki z elementem przywodz\u0105cym na my\u015bl zachodz\u0105ce s\u0142o\u0144ce oraz g\u0142adk\u0105 \u0142ezk\u0105 awenturynu, zawieszonymi na biglach angielskich.<\/p>\n<p>Elementy metalowe wykonane s\u0105 z nieuczulaj\u0105cej stali chirurgicznej (szlachetnej) w kolorze z\u0142otym, opr\u00f3cz drucika miedzianego, na kt\u00f3rym zawieszony jest kamie\u0144.<\/p>\n","protected":false},"featured_media":3608,"comment_status":"open","ping_status":"closed","template":"","meta":{"advanced_seo_description":"","jetpack_seo_html_title":"","jetpack_seo_noindex":false},"product_brand":[],"product_cat":[1270,18],"product_tag":[482,1293,834,866],"class_list":{"0":"post-3680","1":"product","2":"type-product","3":"status-publish","4":"has-post-thumbnail","6":"product_cat-nomad","7":"product_cat-kolczyki","8":"product_tag-awenturyn","9":"product_tag-dlugie-kolczyki-z-awenturynem","10":"product_tag-dlugie-kolczyki-ze-stali-chirurgicznej","11":"product_tag-dlugie-kolczyki-ze-stali-szlachetnej","13":"first","14":"instock","15":"shipping-taxable","16":"purchasable","17":"product-type-simple"},"jetpack_sharing_enabled":true,"_links":{"self":[{"href":"https:\/\/koraledetale.pl\/index.php?rest_route=\/wp\/v2\/product\/3680","targetHints":{"allow":["GET"]}}],"collection":[{"href":"https:\/\/koraledetale.pl\/index.php?rest_route=\/wp\/v2\/product"}],"about":[{"href":"https:\/\/koraledetale.pl\/index.php?rest_route=\/wp\/v2\/types\/product"}],"replies":[{"embeddable":true,"href":"https:\/\/koraledetale.pl\/index.php?rest_route=%2Fwp%2Fv2%2Fcomments&post=3680"}],"wp:featuredmedia":[{"embeddable":true,"href":"https:\/\/koraledetale.pl\/index.php?rest_route=\/wp\/v2\/media\/3608"}],"wp:attachment":[{"href":"https:\/\/koraledetale.pl\/index.php?rest_route=%2Fwp%2Fv2%2Fmedia&parent=3680"}],"wp:term":[{"taxonomy":"product_brand","embeddable":true,"href":"https:\/\/koraledetale.pl\/index.php?rest_route=%2Fwp%2Fv2%2Fproduct_brand&post=3680"},{"taxonomy":"product_cat","embeddable":true,"href":"https:\/\/koraledetale.pl\/index.php?rest_route=%2Fwp%2Fv2%2Fproduct_cat&post=3680"},{"taxonomy":"product_tag","embeddable":true,"href":"https:\/\/koraledetale.pl\/index.php?rest_route=%2Fwp%2Fv2%2Fproduct_tag&post=3680"}],"curies":[{"name":"wp","href":"https:\/\/api.w.org\/{rel}","templated":true}]}}